{"id":14007,"date":"2025-12-04T17:01:49","date_gmt":"2025-12-04T16:01:49","guid":{"rendered":"https:\/\/lumierediamonds.eu\/product\/cannes-diamond-bar-pendant\/"},"modified":"2026-03-01T17:48:16","modified_gmt":"2026-03-01T16:48:16","slug":"pendentif-en-forme-de-barre-diamantee-whisper","status":"publish","type":"product","link":"https:\/\/lumierediamonds.eu\/fr\/product\/pendentif-en-forme-de-barre-diamantee-whisper\/","title":{"rendered":"Pendentif Whisper Diamond Bar"},"content":{"rendered":"<p class=\"p1\">Une ligne de lumi\u00e8re.<b><\/b><\/p>\n<p class=\"p3\">Le <span class=\"s1\"><b>Pendentif Whisper Diamond Bar<\/b><\/span> pr\u00e9sente une rang\u00e9e verticale de diamants pav\u00e9s cultiv\u00e9s en laboratoire, totalisant 0,06 carat, sertis dans une barre d'or 18k poli. Suspendue \u00e0 une fine cha\u00eene et disponible en or jaune ou blanc 18 carats, sa silhouette \u00e9pur\u00e9e apporte une structure subtile et une brillance tranquille au d\u00e9collet\u00e9.<\/p>\n<p class=\"p1\">Con\u00e7ue pour s'associer sans effort \u00e0 la <span class=\"s1\">Boucles d'oreilles pendantes pav\u00e9es Whisper<\/span>, Le bracelet, en acier inoxydable, cr\u00e9e un ensemble raffin\u00e9 qui passe sans transition de la journ\u00e9e \u00e0 la soir\u00e9e. Sertie de diamants cultiv\u00e9s en laboratoire et exempts de conflits, d'une brillance exceptionnelle, c'est une pi\u00e8ce faite pour une \u00e9l\u00e9gance discr\u00e8te.<\/p>","protected":false},"excerpt":{"rendered":"<p>Con\u00e7ue pour s'associer sans effort \u00e0 la <span class=\"s1\">Boucles d'oreilles pendantes pav\u00e9es Whisper<\/span>, Le bracelet, en acier inoxydable, cr\u00e9e un ensemble raffin\u00e9 qui passe sans transition de la journ\u00e9e \u00e0 la soir\u00e9e. Sertie de diamants cultiv\u00e9s en laboratoire et exempts de conflits, d'une brillance exceptionnelle, c'est une pi\u00e8ce faite pour une \u00e9l\u00e9gance discr\u00e8te.<\/p>","protected":false},"featured_media":13998,"template":"","meta":{"_acf_changed":false},"product_brand":[],"product_cat":[53,759],"product_tag":[960,1357,1362,1188,1360,1359,747,1358],"class_list":{"0":"post-14007","1":"product","2":"type-product","3":"status-publish","4":"has-post-thumbnail","6":"product_cat-necklaces-pendants","7":"product_cat-pendants","8":"product_tag-18k-gold-pendant","9":"product_tag-diamond-bar-necklace","10":"product_tag-everyday-diamond-necklace","11":"product_tag-fine-gold-necklace","12":"product_tag-gold-bar-necklace","13":"product_tag-lab-diamond-jewelry","14":"product_tag-minimalist-pendant","15":"product_tag-pave-set-diamond-pendant","16":"pa_metal-white-gold","17":"pa_metal-yellow-gold","19":"first","20":"instock","21":"taxable","22":"shipping-taxable","23":"purchasable","24":"product-type-variable"},"acf":[],"jetpack_sharing_enabled":true,"_links":{"self":[{"href":"https:\/\/lumierediamonds.eu\/fr\/wp-json\/wp\/v2\/product\/14007","targetHints":{"allow":["GET"]}}],"collection":[{"href":"https:\/\/lumierediamonds.eu\/fr\/wp-json\/wp\/v2\/product"}],"about":[{"href":"https:\/\/lumierediamonds.eu\/fr\/wp-json\/wp\/v2\/types\/product"}],"version-history":[{"count":3,"href":"https:\/\/lumierediamonds.eu\/fr\/wp-json\/wp\/v2\/product\/14007\/revisions"}],"predecessor-version":[{"id":14747,"href":"https:\/\/lumierediamonds.eu\/fr\/wp-json\/wp\/v2\/product\/14007\/revisions\/14747"}],"wp:featuredmedia":[{"embeddable":true,"href":"https:\/\/lumierediamonds.eu\/fr\/wp-json\/wp\/v2\/media\/13998"}],"wp:attachment":[{"href":"https:\/\/lumierediamonds.eu\/fr\/wp-json\/wp\/v2\/media?parent=14007"}],"wp:term":[{"taxonomy":"product_brand","embeddable":true,"href":"https:\/\/lumierediamonds.eu\/fr\/wp-json\/wp\/v2\/product_brand?post=14007"},{"taxonomy":"product_cat","embeddable":true,"href":"https:\/\/lumierediamonds.eu\/fr\/wp-json\/wp\/v2\/product_cat?post=14007"},{"taxonomy":"product_tag","embeddable":true,"href":"https:\/\/lumierediamonds.eu\/fr\/wp-json\/wp\/v2\/product_tag?post=14007"}],"curies":[{"name":"wp","href":"https:\/\/api.w.org\/{rel}","templated":true}]}}