{"id":14081,"date":"2025-12-04T19:29:19","date_gmt":"2025-12-04T18:29:19","guid":{"rendered":"https:\/\/lumierediamonds.eu\/?post_type=product&#038;p=14081"},"modified":"2025-12-04T19:35:20","modified_gmt":"2025-12-04T18:35:20","slug":"collier-avec-pendentif-en-forme-de-barre-diamantee-sierra","status":"publish","type":"product","link":"https:\/\/lumierediamonds.eu\/fr\/product\/collier-avec-pendentif-en-forme-de-barre-diamantee-sierra\/","title":{"rendered":"Collier Sierra Diamond Bar"},"content":{"rendered":"<p class=\"p1\">Une courbe gracieuse et brillante. Le collier Sierra Diamond Bar est compos\u00e9 d'une rang\u00e9e fluide de sept diamants synth\u00e9tiques, sertis \u00e0 griffes dans un arc sculpt\u00e9 en or jaune 18 carats. Les diamants, de tailles vari\u00e9es, cr\u00e9ent une impression de mouvement et d'\u00e9quilibre sur le d\u00e9collet\u00e9, pour un poids total de 1 carat.<\/p>\n<p class=\"p1\">Raffin\u00e9 et polyvalent, ce pendentif est con\u00e7u pour \u00eatre port\u00e9 facilement, seul ou en superposition. Un h\u00e9ritage moderne, fabriqu\u00e9 en or 18 carats certifi\u00e9 LBMA issu de sources durables et dot\u00e9 d'un fermoir mousqueton s\u00e9curis\u00e9.<\/p>","protected":false},"excerpt":{"rendered":"<p class=\"p1\">Une courbe gracieuse et brillante. Le collier Sierra Diamond Bar pr\u00e9sente une rang\u00e9e fluide de diamants synth\u00e9tiques de tailles gradu\u00e9es, sertis \u00e0 griffes le long d'un arc d\u00e9licat en or jaune 18 carats poli.<\/p>","protected":false},"featured_media":14087,"template":"","meta":{"_acf_changed":false},"product_brand":[],"product_cat":[552,53,759],"product_tag":[635,748,1370,1371,1365,1367,981,366,364,1372,401,751,1369,605,970,1373,982],"class_list":{"0":"post-14081","1":"product","2":"type-product","3":"status-publish","4":"has-post-thumbnail","6":"product_cat-diamond-essentials","7":"product_cat-necklaces-pendants","8":"product_cat-pendants","9":"product_tag-18k-gold-necklace","10":"product_tag-cable-chain-necklace","11":"product_tag-curved-bar-necklace","12":"product_tag-diamond-bar-pendant","13":"product_tag-diamond-drop-necklace","14":"product_tag-elegant-diamond-pendant","15":"product_tag-elegant-pendant","16":"product_tag-everyday-luxury","17":"product_tag-lab-grown-diamonds","18":"product_tag-layered-necklace","19":"product_tag-luxury-necklace","20":"product_tag-luxury-pendant","21":"product_tag-minimal-elegance","22":"product_tag-minimalist-fine-jewelry","23":"product_tag-minimalist-gold-pendant","24":"product_tag-sierra-collection","25":"product_tag-timeless-diamond-jewelry","26":"pa_metal-yellow-gold","28":"first","29":"instock","30":"taxable","31":"shipping-taxable","32":"purchasable","33":"product-type-simple"},"acf":[],"jetpack_sharing_enabled":true,"_links":{"self":[{"href":"https:\/\/lumierediamonds.eu\/fr\/wp-json\/wp\/v2\/product\/14081","targetHints":{"allow":["GET"]}}],"collection":[{"href":"https:\/\/lumierediamonds.eu\/fr\/wp-json\/wp\/v2\/product"}],"about":[{"href":"https:\/\/lumierediamonds.eu\/fr\/wp-json\/wp\/v2\/types\/product"}],"version-history":[{"count":1,"href":"https:\/\/lumierediamonds.eu\/fr\/wp-json\/wp\/v2\/product\/14081\/revisions"}],"predecessor-version":[{"id":14088,"href":"https:\/\/lumierediamonds.eu\/fr\/wp-json\/wp\/v2\/product\/14081\/revisions\/14088"}],"wp:featuredmedia":[{"embeddable":true,"href":"https:\/\/lumierediamonds.eu\/fr\/wp-json\/wp\/v2\/media\/14087"}],"wp:attachment":[{"href":"https:\/\/lumierediamonds.eu\/fr\/wp-json\/wp\/v2\/media?parent=14081"}],"wp:term":[{"taxonomy":"product_brand","embeddable":true,"href":"https:\/\/lumierediamonds.eu\/fr\/wp-json\/wp\/v2\/product_brand?post=14081"},{"taxonomy":"product_cat","embeddable":true,"href":"https:\/\/lumierediamonds.eu\/fr\/wp-json\/wp\/v2\/product_cat?post=14081"},{"taxonomy":"product_tag","embeddable":true,"href":"https:\/\/lumierediamonds.eu\/fr\/wp-json\/wp\/v2\/product_tag?post=14081"}],"curies":[{"name":"wp","href":"https:\/\/api.w.org\/{rel}","templated":true}]}}