{"id":14756,"date":"2026-03-15T13:15:09","date_gmt":"2026-03-15T12:15:09","guid":{"rendered":"https:\/\/lumierediamonds.eu\/?post_type=product&#038;p=14756"},"modified":"2026-04-21T21:00:47","modified_gmt":"2026-04-21T19:00:47","slug":"pendentif-en-diamant-marquise-solo","status":"publish","type":"product","link":"https:\/\/lumierediamonds.eu\/fr\/product\/pendentif-en-diamant-marquise-solo\/","title":{"rendered":"Pendentif Solo Marquise Diamant"},"content":{"rendered":"<p>\u00c9l\u00e9gant et sculpt\u00e9. Le pendentif Solo Marquise Diamond comporte un seul diamant de taille marquise cultiv\u00e9 en laboratoire, serti dans un cadre horizontal lisse et suspendu \u00e0 une fine cha\u00eene en or jaune ou blanc 18 carats dot\u00e9e d'un fermoir mousqueton s\u00e9curis\u00e9. Sa silhouette allong\u00e9e ajoute une touche de modernit\u00e9 \u00e0 tous les looks. Il peut \u00eatre superpos\u00e9 ou port\u00e9 seul.<\/p>","protected":false},"excerpt":{"rendered":"<p>Pendentif Solo Marquise Diamond : \u00c9l\u00e9gant et sculpt\u00e9.<\/p>","protected":false},"featured_media":14924,"template":"","meta":{"_acf_changed":false},"product_brand":[],"product_cat":[53,759],"product_tag":[1422,297,1097,1429,294,1415],"class_list":{"0":"post-14756","1":"product","2":"type-product","3":"status-publish","4":"has-post-thumbnail","6":"product_cat-necklaces-pendants","7":"product_cat-pendants","8":"product_tag-bezel-setting","9":"product_tag-diamond-necklace","10":"product_tag-lab-grown-diamond-2","11":"product_tag-marquise-cut","12":"product_tag-necklace","13":"product_tag-pendant-necklace","14":"pa_metal-white-gold","15":"pa_metal-yellow-gold","17":"first","18":"instock","19":"taxable","20":"shipping-taxable","21":"purchasable","22":"product-type-variable","23":"has-default-attributes"},"acf":[],"jetpack_sharing_enabled":true,"_links":{"self":[{"href":"https:\/\/lumierediamonds.eu\/fr\/wp-json\/wp\/v2\/product\/14756","targetHints":{"allow":["GET"]}}],"collection":[{"href":"https:\/\/lumierediamonds.eu\/fr\/wp-json\/wp\/v2\/product"}],"about":[{"href":"https:\/\/lumierediamonds.eu\/fr\/wp-json\/wp\/v2\/types\/product"}],"version-history":[{"count":5,"href":"https:\/\/lumierediamonds.eu\/fr\/wp-json\/wp\/v2\/product\/14756\/revisions"}],"predecessor-version":[{"id":27255,"href":"https:\/\/lumierediamonds.eu\/fr\/wp-json\/wp\/v2\/product\/14756\/revisions\/27255"}],"wp:featuredmedia":[{"embeddable":true,"href":"https:\/\/lumierediamonds.eu\/fr\/wp-json\/wp\/v2\/media\/14924"}],"wp:attachment":[{"href":"https:\/\/lumierediamonds.eu\/fr\/wp-json\/wp\/v2\/media?parent=14756"}],"wp:term":[{"taxonomy":"product_brand","embeddable":true,"href":"https:\/\/lumierediamonds.eu\/fr\/wp-json\/wp\/v2\/product_brand?post=14756"},{"taxonomy":"product_cat","embeddable":true,"href":"https:\/\/lumierediamonds.eu\/fr\/wp-json\/wp\/v2\/product_cat?post=14756"},{"taxonomy":"product_tag","embeddable":true,"href":"https:\/\/lumierediamonds.eu\/fr\/wp-json\/wp\/v2\/product_tag?post=14756"}],"curies":[{"name":"wp","href":"https:\/\/api.w.org\/{rel}","templated":true}]}}