{"id":14790,"date":"2026-03-15T13:18:19","date_gmt":"2026-03-15T12:18:19","guid":{"rendered":"https:\/\/lumierediamonds.eu\/?post_type=product&#038;p=14790"},"modified":"2026-04-21T21:00:14","modified_gmt":"2026-04-21T19:00:14","slug":"pendentif-poire-diamant-solo","status":"publish","type":"product","link":"https:\/\/lumierediamonds.eu\/fr\/product\/pendentif-poire-diamant-solo\/","title":{"rendered":"Pendentif Solo Poire Diamant"},"content":{"rendered":"<p>Doucement d\u00e9fini. Le pendentif Solo Pear Diamond comporte un seul diamant cultiv\u00e9 en laboratoire en forme de poire, serti dans un cadre lisse en forme de larme et suspendu \u00e0 une fine cha\u00eene en or jaune ou blanc 18 carats munie d'un fermoir mousqueton s\u00e9curis\u00e9. Disponible dans des poids carats allant de 0,25 \u00e0 3 Ct. \u00c9l\u00e9gant et polyvalent, il offre une courbe subtile de lumi\u00e8re - facile \u00e0 porter, seul ou en superposition.<\/p>","protected":false},"excerpt":{"rendered":"<p>Pendentif Solo Pear Diamond : Doucement d\u00e9fini.<\/p>","protected":false},"featured_media":14995,"template":"","meta":{"_acf_changed":false},"product_brand":[],"product_cat":[53,759],"product_tag":[1422,297,1097,294,215,303],"class_list":{"0":"post-14790","1":"product","2":"type-product","3":"status-publish","4":"has-post-thumbnail","6":"product_cat-necklaces-pendants","7":"product_cat-pendants","8":"product_tag-bezel-setting","9":"product_tag-diamond-necklace","10":"product_tag-lab-grown-diamond-2","11":"product_tag-necklace","12":"product_tag-pear-cut","13":"product_tag-solitaire-necklace","14":"pa_metal-white-gold","15":"pa_metal-yellow-gold","17":"first","18":"instock","19":"taxable","20":"shipping-taxable","21":"purchasable","22":"product-type-variable","23":"has-default-attributes"},"acf":[],"jetpack_sharing_enabled":true,"_links":{"self":[{"href":"https:\/\/lumierediamonds.eu\/fr\/wp-json\/wp\/v2\/product\/14790","targetHints":{"allow":["GET"]}}],"collection":[{"href":"https:\/\/lumierediamonds.eu\/fr\/wp-json\/wp\/v2\/product"}],"about":[{"href":"https:\/\/lumierediamonds.eu\/fr\/wp-json\/wp\/v2\/types\/product"}],"version-history":[{"count":5,"href":"https:\/\/lumierediamonds.eu\/fr\/wp-json\/wp\/v2\/product\/14790\/revisions"}],"predecessor-version":[{"id":27257,"href":"https:\/\/lumierediamonds.eu\/fr\/wp-json\/wp\/v2\/product\/14790\/revisions\/27257"}],"wp:featuredmedia":[{"embeddable":true,"href":"https:\/\/lumierediamonds.eu\/fr\/wp-json\/wp\/v2\/media\/14995"}],"wp:attachment":[{"href":"https:\/\/lumierediamonds.eu\/fr\/wp-json\/wp\/v2\/media?parent=14790"}],"wp:term":[{"taxonomy":"product_brand","embeddable":true,"href":"https:\/\/lumierediamonds.eu\/fr\/wp-json\/wp\/v2\/product_brand?post=14790"},{"taxonomy":"product_cat","embeddable":true,"href":"https:\/\/lumierediamonds.eu\/fr\/wp-json\/wp\/v2\/product_cat?post=14790"},{"taxonomy":"product_tag","embeddable":true,"href":"https:\/\/lumierediamonds.eu\/fr\/wp-json\/wp\/v2\/product_tag?post=14790"}],"curies":[{"name":"wp","href":"https:\/\/api.w.org\/{rel}","templated":true}]}}