{"id":14824,"date":"2026-03-15T13:21:05","date_gmt":"2026-03-15T12:21:05","guid":{"rendered":"https:\/\/lumierediamonds.eu\/?post_type=product&#038;p=14824"},"modified":"2026-04-21T21:03:23","modified_gmt":"2026-04-21T19:03:23","slug":"pendentif-diamant-ovale-solo","status":"publish","type":"product","link":"https:\/\/lumierediamonds.eu\/fr\/product\/pendentif-diamant-ovale-solo\/","title":{"rendered":"Pendentif Solo en diamant ovale"},"content":{"rendered":"<p>Un design intemporel. Le pendentif Solo en diamant ovale pr\u00e9sente un seul diamant ovale cultiv\u00e9 en laboratoire, serti dans un cadre horizontal lisse et suspendu \u00e0 une fine cha\u00eene en or jaune ou blanc 18 carats dot\u00e9e d'un fermoir \u00e0 mousqueton s\u00e9curis\u00e9. Disponible dans des poids carats de 0,25 \u00e0 3 Ct.. Sa forme classique et sa finition \u00e9pur\u00e9e lui conf\u00e8rent une allure douce, id\u00e9ale pour \u00eatre port\u00e9 tous les jours, en superposition ou seul.<\/p>","protected":false},"excerpt":{"rendered":"<p>Pendentif Solo \u00e0 diamant ovale : Un design intemporel.<\/p>","protected":false},"featured_media":15036,"template":"","meta":{"_acf_changed":false},"product_brand":[],"product_cat":[53,759],"product_tag":[1422,297,1097,294,212,1415],"class_list":{"0":"post-14824","1":"product","2":"type-product","3":"status-publish","4":"has-post-thumbnail","6":"product_cat-necklaces-pendants","7":"product_cat-pendants","8":"product_tag-bezel-setting","9":"product_tag-diamond-necklace","10":"product_tag-lab-grown-diamond-2","11":"product_tag-necklace","12":"product_tag-oval-diamond","13":"product_tag-pendant-necklace","14":"pa_metal-white-gold","15":"pa_metal-yellow-gold","17":"first","18":"instock","19":"taxable","20":"shipping-taxable","21":"purchasable","22":"product-type-variable","23":"has-default-attributes"},"acf":[],"jetpack_sharing_enabled":true,"_links":{"self":[{"href":"https:\/\/lumierediamonds.eu\/fr\/wp-json\/wp\/v2\/product\/14824","targetHints":{"allow":["GET"]}}],"collection":[{"href":"https:\/\/lumierediamonds.eu\/fr\/wp-json\/wp\/v2\/product"}],"about":[{"href":"https:\/\/lumierediamonds.eu\/fr\/wp-json\/wp\/v2\/types\/product"}],"version-history":[{"count":4,"href":"https:\/\/lumierediamonds.eu\/fr\/wp-json\/wp\/v2\/product\/14824\/revisions"}],"predecessor-version":[{"id":27262,"href":"https:\/\/lumierediamonds.eu\/fr\/wp-json\/wp\/v2\/product\/14824\/revisions\/27262"}],"wp:featuredmedia":[{"embeddable":true,"href":"https:\/\/lumierediamonds.eu\/fr\/wp-json\/wp\/v2\/media\/15036"}],"wp:attachment":[{"href":"https:\/\/lumierediamonds.eu\/fr\/wp-json\/wp\/v2\/media?parent=14824"}],"wp:term":[{"taxonomy":"product_brand","embeddable":true,"href":"https:\/\/lumierediamonds.eu\/fr\/wp-json\/wp\/v2\/product_brand?post=14824"},{"taxonomy":"product_cat","embeddable":true,"href":"https:\/\/lumierediamonds.eu\/fr\/wp-json\/wp\/v2\/product_cat?post=14824"},{"taxonomy":"product_tag","embeddable":true,"href":"https:\/\/lumierediamonds.eu\/fr\/wp-json\/wp\/v2\/product_tag?post=14824"}],"curies":[{"name":"wp","href":"https:\/\/api.w.org\/{rel}","templated":true}]}}