{"id":14858,"date":"2026-03-15T13:23:52","date_gmt":"2026-03-15T12:23:52","guid":{"rendered":"https:\/\/lumierediamonds.eu\/?post_type=product&#038;p=14858"},"modified":"2026-04-21T21:07:34","modified_gmt":"2026-04-21T19:07:34","slug":"collier-luna-avec-lunette-en-diamant","status":"publish","type":"product","link":"https:\/\/lumierediamonds.eu\/fr\/product\/collier-luna-avec-lunette-en-diamant\/","title":{"rendered":"Collier Luna avec lunette en diamant"},"content":{"rendered":"<p>Le collier Luna Diamond Bezel pr\u00e9sente cinq diamants ronds cultiv\u00e9s en laboratoire, sertis le long d'une fine cha\u00eene en or 18 carats, disponible en or jaune ou en or blanc. D'un poids total de 1,25 carat, chaque diamant est espac\u00e9 pour cr\u00e9er du mouvement et de la l\u00e9g\u00e8ret\u00e9 sur le d\u00e9collet\u00e9. Sans chichis et pleine de charme, cette pi\u00e8ce apporte une \u00e9l\u00e9gance facile qui semble aussi facile \u00e0 porter qu'elle en a l'air.<\/p>","protected":false},"excerpt":{"rendered":"<p>Le collier Luna Diamond Bezel pr\u00e9sente cinq diamants ronds cultiv\u00e9s en laboratoire, sertis sur une fine cha\u00eene en or 18 carats - disponible en or jaune, blanc ou rose.<\/p>","protected":false},"featured_media":15107,"template":"","meta":{"_acf_changed":false},"product_brand":[],"product_cat":[741,1163,53],"product_tag":[635,1421,297,1097,294,613],"class_list":{"0":"post-14858","1":"product","2":"type-product","3":"status-publish","4":"has-post-thumbnail","6":"product_cat-chain-necklaces","7":"product_cat-diamond-necklaces","8":"product_cat-necklaces-pendants","9":"product_tag-18k-gold-necklace","10":"product_tag-bezel-set","11":"product_tag-diamond-necklace","12":"product_tag-lab-grown-diamond-2","13":"product_tag-necklace","14":"product_tag-round-diamond","15":"pa_metal-white-gold","16":"pa_metal-yellow-gold","18":"first","19":"instock","20":"taxable","21":"shipping-taxable","22":"purchasable","23":"product-type-variable","24":"has-default-attributes"},"acf":[],"jetpack_sharing_enabled":true,"_links":{"self":[{"href":"https:\/\/lumierediamonds.eu\/fr\/wp-json\/wp\/v2\/product\/14858","targetHints":{"allow":["GET"]}}],"collection":[{"href":"https:\/\/lumierediamonds.eu\/fr\/wp-json\/wp\/v2\/product"}],"about":[{"href":"https:\/\/lumierediamonds.eu\/fr\/wp-json\/wp\/v2\/types\/product"}],"version-history":[{"count":4,"href":"https:\/\/lumierediamonds.eu\/fr\/wp-json\/wp\/v2\/product\/14858\/revisions"}],"predecessor-version":[{"id":27267,"href":"https:\/\/lumierediamonds.eu\/fr\/wp-json\/wp\/v2\/product\/14858\/revisions\/27267"}],"wp:featuredmedia":[{"embeddable":true,"href":"https:\/\/lumierediamonds.eu\/fr\/wp-json\/wp\/v2\/media\/15107"}],"wp:attachment":[{"href":"https:\/\/lumierediamonds.eu\/fr\/wp-json\/wp\/v2\/media?parent=14858"}],"wp:term":[{"taxonomy":"product_brand","embeddable":true,"href":"https:\/\/lumierediamonds.eu\/fr\/wp-json\/wp\/v2\/product_brand?post=14858"},{"taxonomy":"product_cat","embeddable":true,"href":"https:\/\/lumierediamonds.eu\/fr\/wp-json\/wp\/v2\/product_cat?post=14858"},{"taxonomy":"product_tag","embeddable":true,"href":"https:\/\/lumierediamonds.eu\/fr\/wp-json\/wp\/v2\/product_tag?post=14858"}],"curies":[{"name":"wp","href":"https:\/\/api.w.org\/{rel}","templated":true}]}}