{"id":14881,"date":"2026-03-15T13:27:16","date_gmt":"2026-03-15T12:27:16","guid":{"rendered":"https:\/\/lumierediamonds.eu\/?post_type=product&#038;p=14881"},"modified":"2026-04-21T21:35:04","modified_gmt":"2026-04-21T19:35:04","slug":"collier-papillon-en-diamant-nala","status":"publish","type":"product","link":"https:\/\/lumierediamonds.eu\/fr\/product\/collier-papillon-en-diamant-nala\/","title":{"rendered":"Collier papillon \u00e0 diamants Nala"},"content":{"rendered":"<p>Ludique et f\u00e9minin, le collier Nala Diamond Butterfly apporte une touche joyeuse \u00e0 votre look de tous les jours. Fabriqu\u00e9 en or jaune ou blanc 18 carats, le pendentif prend la forme d'un gracieux papillon et est serti de 0,15 carats de diamants cultiv\u00e9s en laboratoire qui captent la lumi\u00e8re \u00e0 chaque mouvement. Doux symbole de transformation et de libert\u00e9, il constitue un cadeau significatif pour tous les \u00e2ges, apportant un \u00e9clat d\u00e9licat et un esprit optimiste \u00e0 toute collection de bijoux.<\/p>","protected":false},"excerpt":{"rendered":"<p>Ludique et f\u00e9minin, le collier papillon Nala Diamond apporte une touche joyeuse \u00e0 votre look quotidien.<\/p>","protected":false},"featured_media":14910,"template":"","meta":{"_acf_changed":false},"product_brand":[],"product_cat":[53,759],"product_tag":[1425,297,386,294,1427,613],"class_list":{"0":"post-14881","1":"product","2":"type-product","3":"status-publish","4":"has-post-thumbnail","6":"product_cat-necklaces-pendants","7":"product_cat-pendants","8":"product_tag-butterfly-necklace","9":"product_tag-diamond-necklace","10":"product_tag-lab-grown-diamond-necklace","11":"product_tag-necklace","12":"product_tag-prong-setting","13":"product_tag-round-diamond","14":"pa_metal-white-gold","15":"pa_metal-yellow-gold","17":"first","18":"instock","19":"taxable","20":"shipping-taxable","21":"purchasable","22":"product-type-variable","23":"has-default-attributes"},"acf":[],"jetpack_sharing_enabled":true,"_links":{"self":[{"href":"https:\/\/lumierediamonds.eu\/fr\/wp-json\/wp\/v2\/product\/14881","targetHints":{"allow":["GET"]}}],"collection":[{"href":"https:\/\/lumierediamonds.eu\/fr\/wp-json\/wp\/v2\/product"}],"about":[{"href":"https:\/\/lumierediamonds.eu\/fr\/wp-json\/wp\/v2\/types\/product"}],"version-history":[{"count":5,"href":"https:\/\/lumierediamonds.eu\/fr\/wp-json\/wp\/v2\/product\/14881\/revisions"}],"predecessor-version":[{"id":27308,"href":"https:\/\/lumierediamonds.eu\/fr\/wp-json\/wp\/v2\/product\/14881\/revisions\/27308"}],"wp:featuredmedia":[{"embeddable":true,"href":"https:\/\/lumierediamonds.eu\/fr\/wp-json\/wp\/v2\/media\/14910"}],"wp:attachment":[{"href":"https:\/\/lumierediamonds.eu\/fr\/wp-json\/wp\/v2\/media?parent=14881"}],"wp:term":[{"taxonomy":"product_brand","embeddable":true,"href":"https:\/\/lumierediamonds.eu\/fr\/wp-json\/wp\/v2\/product_brand?post=14881"},{"taxonomy":"product_cat","embeddable":true,"href":"https:\/\/lumierediamonds.eu\/fr\/wp-json\/wp\/v2\/product_cat?post=14881"},{"taxonomy":"product_tag","embeddable":true,"href":"https:\/\/lumierediamonds.eu\/fr\/wp-json\/wp\/v2\/product_tag?post=14881"}],"curies":[{"name":"wp","href":"https:\/\/api.w.org\/{rel}","templated":true}]}}