{"id":15626,"date":"2026-03-26T23:13:44","date_gmt":"2026-03-26T22:13:44","guid":{"rendered":"https:\/\/lumierediamonds.eu\/?post_type=product&#038;p=15626"},"modified":"2026-03-29T12:55:12","modified_gmt":"2026-03-29T10:55:12","slug":"bague-de-fiancailles-epure-radiant","status":"publish","type":"product","link":"https:\/\/lumierediamonds.eu\/fr\/product\/bague-de-fiancailles-epure-radiant\/","title":{"rendered":"Bague de fian\u00e7ailles rayonnante \u00c9pure"},"content":{"rendered":"<p class=\"p1\">Raffin\u00e9 et pratique.<b><\/b><\/p>\n<p class=\"p2\">Le <strong>Bague de fian\u00e7ailles \u00c9pure Radiant Cut<\/strong> apporte une \u00e9l\u00e9gance intemporelle au quotidien gr\u00e2ce \u00e0 son design \u00e9pur\u00e9 et minimaliste et \u00e0 son bracelet confortable caract\u00e9ristique.<\/p>\n<p class=\"p2\">Centr\u00e9e sur un diamant brillant de taille radieuse cultiv\u00e9 en laboratoire, cette bague pr\u00e9sente une monture \u00e0 profil bas qui se place plus pr\u00e8s du doigt - id\u00e9ale pour les personnes ayant une profession manuelle ou un mode de vie actif. L'anneau subtilement effil\u00e9 et l\u00e9g\u00e8rement arrondi am\u00e9liore le confort tout en attirant le regard sur l'\u00e9clat naturel et la sym\u00e9trie du diamant.<\/p>\n<p class=\"p2\">Raffin\u00e9e sans exc\u00e8s, la collection \u00c9pure est un choix sobre et sophistiqu\u00e9 qui allie beaut\u00e9 intemporelle et design pratique.<\/p>","protected":false},"excerpt":{"rendered":"<p class=\"p1\"><b>Une simplicit\u00e9 raffin\u00e9e, red\u00e9finie.<\/b><b><\/b><\/p>\n<p class=\"p2\">La bague de fian\u00e7ailles \u00c9pure Radiant Cut associe une monture discr\u00e8te \u00e0 un anneau confortable, id\u00e9al pour les minimalistes modernes et les styles de vie actifs. Dot\u00e9e d'un diamant Radiant cultiv\u00e9 en laboratoire, elle allie l'\u00e9l\u00e9gance durable \u00e0 la praticit\u00e9 quotidienne.<\/p>","protected":false},"featured_media":16186,"template":"","meta":{"_acf_changed":false},"product_brand":[],"product_cat":[24,23,52],"product_tag":[183,189,190,182,48,184,1402,1401,1400,1399,1403,192,191,185],"class_list":{"0":"post-15626","1":"product","2":"type-product","3":"status-publish","4":"has-post-thumbnail","6":"product_cat-engagement-rings","7":"product_cat-love-engagement","8":"product_cat-rings","9":"product_tag-diamond-ring","10":"product_tag-emerald","11":"product_tag-emerald-diamond","12":"product_tag-engagement","13":"product_tag-engagement-ring","14":"product_tag-lab-grown-diamond","15":"product_tag-radiant","16":"product_tag-radiant-cut","17":"product_tag-radiant-cut-diamond","18":"product_tag-radiant-cut-engagement-ring","19":"product_tag-radiant-diamond","20":"product_tag-ring","21":"product_tag-solitaire","22":"product_tag-vvs1","23":"pa_metal-rose-gold","24":"pa_metal-white-gold","25":"pa_metal-yellow-gold","27":"first","28":"instock","29":"taxable","30":"shipping-taxable","31":"purchasable","32":"product-type-variable","33":"has-default-attributes"},"acf":[],"jetpack_sharing_enabled":true,"_links":{"self":[{"href":"https:\/\/lumierediamonds.eu\/fr\/wp-json\/wp\/v2\/product\/15626","targetHints":{"allow":["GET"]}}],"collection":[{"href":"https:\/\/lumierediamonds.eu\/fr\/wp-json\/wp\/v2\/product"}],"about":[{"href":"https:\/\/lumierediamonds.eu\/fr\/wp-json\/wp\/v2\/types\/product"}],"version-history":[{"count":2,"href":"https:\/\/lumierediamonds.eu\/fr\/wp-json\/wp\/v2\/product\/15626\/revisions"}],"predecessor-version":[{"id":16209,"href":"https:\/\/lumierediamonds.eu\/fr\/wp-json\/wp\/v2\/product\/15626\/revisions\/16209"}],"wp:featuredmedia":[{"embeddable":true,"href":"https:\/\/lumierediamonds.eu\/fr\/wp-json\/wp\/v2\/media\/16186"}],"wp:attachment":[{"href":"https:\/\/lumierediamonds.eu\/fr\/wp-json\/wp\/v2\/media?parent=15626"}],"wp:term":[{"taxonomy":"product_brand","embeddable":true,"href":"https:\/\/lumierediamonds.eu\/fr\/wp-json\/wp\/v2\/product_brand?post=15626"},{"taxonomy":"product_cat","embeddable":true,"href":"https:\/\/lumierediamonds.eu\/fr\/wp-json\/wp\/v2\/product_cat?post=15626"},{"taxonomy":"product_tag","embeddable":true,"href":"https:\/\/lumierediamonds.eu\/fr\/wp-json\/wp\/v2\/product_tag?post=15626"}],"curies":[{"name":"wp","href":"https:\/\/api.w.org\/{rel}","templated":true}]}}