{"id":16928,"date":"2026-03-31T21:42:00","date_gmt":"2026-03-31T19:42:00","guid":{"rendered":"https:\/\/lumierediamonds.eu\/?post_type=product&#038;p=16928"},"modified":"2026-04-13T15:43:51","modified_gmt":"2026-04-13T13:43:51","slug":"bague-de-fiancailles-aurelia-taille-emeraude","status":"publish","type":"product","link":"https:\/\/lumierediamonds.eu\/fr\/product\/bague-de-fiancailles-aurelia-taille-emeraude\/","title":{"rendered":"Bague de fian\u00e7ailles Aurelia, taille \u00e9meraude"},"content":{"rendered":"<p>L'\u00e9l\u00e9gance au quotidien.<br \/>\nLa bague de fian\u00e7ailles Aurelia est centr\u00e9e sur un diamant de taille \u00e9meraude, qui ajoute des lignes \u00e9pur\u00e9es, de la profondeur et une sophistication tranquille. La bague de fian\u00e7ailles Aurelia Diamond est dot\u00e9e d'une monture \u00e0 profil bas qui se rapproche du doigt pour un ajustement s\u00fbr et confortable. Fabriqu\u00e9 en or jaune, blanc ou rose 18 carats, l'anneau de 2,4 mm apporte force et \u00e9quilibre, tandis que la monture doucement sculpt\u00e9e conf\u00e8re \u00e0 la bague des lignes fluides et douces.<\/p>\n<p>Con\u00e7ue pour \u00eatre port\u00e9e tous les jours, elle allie une beaut\u00e9 durable \u00e0 un design pratique. Id\u00e9ale pour les personnes exer\u00e7ant des professions manuelles ou ayant un mode de vie actif.<\/p>","protected":false},"excerpt":{"rendered":"<p>Une \u00e9l\u00e9gante bague de fian\u00e7ailles en or 18 carats sertie d'un diamant taille \u00e9meraude, avec une monture \u00e0 griffes \u00e0 profil bas et un anneau de 2,4 mm pour un ajustement s\u00fbr et \u00e9quilibr\u00e9. Ses lignes \u00e9pur\u00e9es et sa silhouette pr\u00e8s du doigt sont raffin\u00e9es, confortables et faites pour \u00eatre port\u00e9es tous les jours.<\/p>","protected":false},"featured_media":20607,"template":"","meta":{"_acf_changed":false},"product_brand":[],"product_cat":[24,52],"product_tag":[183,1274,48,1433,1438,1427],"class_list":{"0":"post-16928","1":"product","2":"type-product","3":"status-publish","4":"has-post-thumbnail","6":"product_cat-engagement-rings","7":"product_cat-rings","8":"product_tag-diamond-ring","9":"product_tag-emerald-cut","10":"product_tag-engagement-ring","11":"product_tag-everyday-wear","12":"product_tag-low-profile-setting-2","13":"product_tag-prong-setting","14":"pa_metal-rose-gold","15":"pa_metal-white-gold","16":"pa_metal-yellow-gold","18":"first","19":"instock","20":"taxable","21":"shipping-taxable","22":"purchasable","23":"product-type-variable","24":"has-default-attributes"},"acf":[],"jetpack_sharing_enabled":true,"_links":{"self":[{"href":"https:\/\/lumierediamonds.eu\/fr\/wp-json\/wp\/v2\/product\/16928","targetHints":{"allow":["GET"]}}],"collection":[{"href":"https:\/\/lumierediamonds.eu\/fr\/wp-json\/wp\/v2\/product"}],"about":[{"href":"https:\/\/lumierediamonds.eu\/fr\/wp-json\/wp\/v2\/types\/product"}],"version-history":[{"count":27,"href":"https:\/\/lumierediamonds.eu\/fr\/wp-json\/wp\/v2\/product\/16928\/revisions"}],"predecessor-version":[{"id":20606,"href":"https:\/\/lumierediamonds.eu\/fr\/wp-json\/wp\/v2\/product\/16928\/revisions\/20606"}],"wp:featuredmedia":[{"embeddable":true,"href":"https:\/\/lumierediamonds.eu\/fr\/wp-json\/wp\/v2\/media\/20607"}],"wp:attachment":[{"href":"https:\/\/lumierediamonds.eu\/fr\/wp-json\/wp\/v2\/media?parent=16928"}],"wp:term":[{"taxonomy":"product_brand","embeddable":true,"href":"https:\/\/lumierediamonds.eu\/fr\/wp-json\/wp\/v2\/product_brand?post=16928"},{"taxonomy":"product_cat","embeddable":true,"href":"https:\/\/lumierediamonds.eu\/fr\/wp-json\/wp\/v2\/product_cat?post=16928"},{"taxonomy":"product_tag","embeddable":true,"href":"https:\/\/lumierediamonds.eu\/fr\/wp-json\/wp\/v2\/product_tag?post=16928"}],"curies":[{"name":"wp","href":"https:\/\/api.w.org\/{rel}","templated":true}]}}