{"id":19888,"date":"2026-04-12T19:44:26","date_gmt":"2026-04-12T17:44:26","guid":{"rendered":"https:\/\/lumierediamonds.eu\/?post_type=product&#038;p=19888"},"modified":"2026-04-13T15:25:18","modified_gmt":"2026-04-13T13:25:18","slug":"bague-de-fiancailles-solene-coupe-ovale","status":"publish","type":"product","link":"https:\/\/lumierediamonds.eu\/fr\/product\/bague-de-fiancailles-solene-coupe-ovale\/","title":{"rendered":"Bague de fian\u00e7ailles Solene \u00e0 taille ovale"},"content":{"rendered":"<p>Minimale mais \u00e9l\u00e9gante, la bague de fian\u00e7ailles Solene \u00e0 taille ovale c\u00e9l\u00e8bre des proportions gracieuses et une brillance intemporelle.<\/p>\n<p>Dot\u00e9e d'un diamant ovale lumineux cultiv\u00e9 en laboratoire, la silhouette allong\u00e9e cr\u00e9e un effet flatteur sur le doigt tout en offrant un \u00e9clat exceptionnel. L'anneau en or 18 carats poli se r\u00e9tr\u00e9cit doucement vers la pierre centrale, tandis qu'une monture cath\u00e9drale raffin\u00e9e soul\u00e8ve le diamant pour permettre \u00e0 la lumi\u00e8re de passer librement.<\/p>\n<p>La taille ovale allie une brillance classique \u00e0 une forme douce et romantique. Parfait pour ceux qui appr\u00e9cient l'\u00e9l\u00e9gance avec une touche contemporaine.<\/p>\n<p>V\u00e9ritable classique, Solene s'associe magnifiquement \u00e0 une vari\u00e9t\u00e9 d'alliances ou se distingue par son raffinement.<br \/>\nCentr\u00e9 sur un diamant de taille princesse cultiv\u00e9 en laboratoire, le design met en valeur une sym\u00e9trie nette et un \u00e9clat audacieux. La silhouette carr\u00e9e apporte une touche contemporaine, tandis que le bracelet en or 18 carats poli se r\u00e9tr\u00e9cit doucement vers la pierre centrale. Une gracieuse monture cath\u00e9drale soul\u00e8ve le diamant, laissant passer plus de lumi\u00e8re tout en ajoutant une hauteur subtile et un \u00e9quilibre architectural au design.<\/p>\n<p>Les lignes nettes et les facettes brillantes de la taille princesse cr\u00e9ent un look confiant et moderne. Elle convient parfaitement \u00e0 ceux qui sont attir\u00e9s par la structure, la pr\u00e9cision et la brillance raffin\u00e9e.<\/p>\n<p>Un vrai classique.<\/p>","protected":false},"excerpt":{"rendered":"<p>La bague de fian\u00e7ailles Solene \u00e0 taille ovale associe un lumineux diamant ovale cultiv\u00e9 en laboratoire \u00e0 un anneau en or 18 carats poli et \u00e0 un sertissage raffin\u00e9. Sa silhouette allong\u00e9e flatte le doigt, tandis que l'anneau effil\u00e9 de 1,80 mm maintient le design \u00e9l\u00e9gant, \u00e9quilibr\u00e9 et facile \u00e0 porter.<\/p>","protected":false},"featured_media":19916,"template":"","meta":{"_acf_changed":false},"product_brand":[],"product_cat":[24,52],"product_tag":[599,1428,48,1097,210,1427,1445],"class_list":{"0":"post-19888","1":"product","2":"type-product","3":"status-publish","4":"has-post-thumbnail","6":"product_cat-engagement-rings","7":"product_cat-rings","8":"product_tag-18k-gold","9":"product_tag-cathedral-setting","10":"product_tag-engagement-ring","11":"product_tag-lab-grown-diamond-2","12":"product_tag-oval-cut","13":"product_tag-prong-setting","14":"product_tag-tapered-band","15":"pa_metal-rose-gold","16":"pa_metal-white-gold","17":"pa_metal-yellow-gold","19":"first","20":"instock","21":"taxable","22":"shipping-taxable","23":"purchasable","24":"product-type-variable","25":"has-default-attributes"},"acf":[],"jetpack_sharing_enabled":true,"_links":{"self":[{"href":"https:\/\/lumierediamonds.eu\/fr\/wp-json\/wp\/v2\/product\/19888","targetHints":{"allow":["GET"]}}],"collection":[{"href":"https:\/\/lumierediamonds.eu\/fr\/wp-json\/wp\/v2\/product"}],"about":[{"href":"https:\/\/lumierediamonds.eu\/fr\/wp-json\/wp\/v2\/types\/product"}],"version-history":[{"count":1,"href":"https:\/\/lumierediamonds.eu\/fr\/wp-json\/wp\/v2\/product\/19888\/revisions"}],"predecessor-version":[{"id":20159,"href":"https:\/\/lumierediamonds.eu\/fr\/wp-json\/wp\/v2\/product\/19888\/revisions\/20159"}],"wp:featuredmedia":[{"embeddable":true,"href":"https:\/\/lumierediamonds.eu\/fr\/wp-json\/wp\/v2\/media\/19916"}],"wp:attachment":[{"href":"https:\/\/lumierediamonds.eu\/fr\/wp-json\/wp\/v2\/media?parent=19888"}],"wp:term":[{"taxonomy":"product_brand","embeddable":true,"href":"https:\/\/lumierediamonds.eu\/fr\/wp-json\/wp\/v2\/product_brand?post=19888"},{"taxonomy":"product_cat","embeddable":true,"href":"https:\/\/lumierediamonds.eu\/fr\/wp-json\/wp\/v2\/product_cat?post=19888"},{"taxonomy":"product_tag","embeddable":true,"href":"https:\/\/lumierediamonds.eu\/fr\/wp-json\/wp\/v2\/product_tag?post=19888"}],"curies":[{"name":"wp","href":"https:\/\/api.w.org\/{rel}","templated":true}]}}