{"id":19937,"date":"2026-04-12T19:51:58","date_gmt":"2026-04-12T17:51:58","guid":{"rendered":"https:\/\/lumierediamonds.eu\/?post_type=product&#038;p=19937"},"modified":"2026-04-13T15:24:24","modified_gmt":"2026-04-13T13:24:24","slug":"bague-de-fiancailles-solene-taille-princesse","status":"publish","type":"product","link":"https:\/\/lumierediamonds.eu\/fr\/product\/bague-de-fiancailles-solene-taille-princesse\/","title":{"rendered":"Bague de fian\u00e7ailles Solene, taille princesse"},"content":{"rendered":"<p>Minimale mais frappante, la bague de fian\u00e7ailles Solene Princess Cut c\u00e9l\u00e8bre une g\u00e9om\u00e9trie \u00e9pur\u00e9e et une brillance moderne.<\/p>\n<p>Centr\u00e9 sur un diamant de taille princesse cultiv\u00e9 en laboratoire, le design met en valeur une sym\u00e9trie nette et un \u00e9clat audacieux. La silhouette carr\u00e9e apporte une touche contemporaine, tandis que le bracelet en or 18 carats poli se r\u00e9tr\u00e9cit doucement vers la pierre centrale. Une gracieuse monture cath\u00e9drale soul\u00e8ve le diamant, laissant passer plus de lumi\u00e8re tout en ajoutant une hauteur subtile et un \u00e9quilibre architectural au design.<\/p>\n<p>Les lignes nettes et les facettes brillantes de la taille princesse cr\u00e9ent un look confiant et moderne. Elle convient parfaitement \u00e0 ceux qui sont attir\u00e9s par la structure, la pr\u00e9cision et la brillance raffin\u00e9e.<\/p>\n<p>V\u00e9ritable classique, Solene s'associe magnifiquement \u00e0 une vari\u00e9t\u00e9 d'alliances ou se tient \u00e9l\u00e9gamment seul.<\/p>","protected":false},"excerpt":{"rendered":"<p>Bague de fian\u00e7ailles raffin\u00e9e de taille princesse centr\u00e9e sur un diamant cultiv\u00e9 en laboratoire, Solene associe une sym\u00e9trie nette \u00e0 un anneau effil\u00e9 en or 18 carats et \u00e0 une gracieuse monture cath\u00e9drale. Sa silhouette carr\u00e9e offre un look moderne et raffin\u00e9 avec un \u00e9clat \u00e9lev\u00e9 et un port quotidien confortable.<\/p>","protected":false},"featured_media":19966,"template":"","meta":{"_acf_changed":false},"product_brand":[],"product_cat":[24,52],"product_tag":[1428,48,184,194,1427,191],"class_list":{"0":"post-19937","1":"product","2":"type-product","3":"status-publish","4":"has-post-thumbnail","6":"product_cat-engagement-rings","7":"product_cat-rings","8":"product_tag-cathedral-setting","9":"product_tag-engagement-ring","10":"product_tag-lab-grown-diamond","11":"product_tag-princess-cut","12":"product_tag-prong-setting","13":"product_tag-solitaire","14":"pa_metal-rose-gold","15":"pa_metal-white-gold","16":"pa_metal-yellow-gold","18":"first","19":"instock","20":"taxable","21":"shipping-taxable","22":"purchasable","23":"product-type-variable","24":"has-default-attributes"},"acf":[],"jetpack_sharing_enabled":true,"_links":{"self":[{"href":"https:\/\/lumierediamonds.eu\/fr\/wp-json\/wp\/v2\/product\/19937","targetHints":{"allow":["GET"]}}],"collection":[{"href":"https:\/\/lumierediamonds.eu\/fr\/wp-json\/wp\/v2\/product"}],"about":[{"href":"https:\/\/lumierediamonds.eu\/fr\/wp-json\/wp\/v2\/types\/product"}],"version-history":[{"count":1,"href":"https:\/\/lumierediamonds.eu\/fr\/wp-json\/wp\/v2\/product\/19937\/revisions"}],"predecessor-version":[{"id":21243,"href":"https:\/\/lumierediamonds.eu\/fr\/wp-json\/wp\/v2\/product\/19937\/revisions\/21243"}],"wp:featuredmedia":[{"embeddable":true,"href":"https:\/\/lumierediamonds.eu\/fr\/wp-json\/wp\/v2\/media\/19966"}],"wp:attachment":[{"href":"https:\/\/lumierediamonds.eu\/fr\/wp-json\/wp\/v2\/media?parent=19937"}],"wp:term":[{"taxonomy":"product_brand","embeddable":true,"href":"https:\/\/lumierediamonds.eu\/fr\/wp-json\/wp\/v2\/product_brand?post=19937"},{"taxonomy":"product_cat","embeddable":true,"href":"https:\/\/lumierediamonds.eu\/fr\/wp-json\/wp\/v2\/product_cat?post=19937"},{"taxonomy":"product_tag","embeddable":true,"href":"https:\/\/lumierediamonds.eu\/fr\/wp-json\/wp\/v2\/product_tag?post=19937"}],"curies":[{"name":"wp","href":"https:\/\/api.w.org\/{rel}","templated":true}]}}