{"id":19987,"date":"2026-04-12T19:59:18","date_gmt":"2026-04-12T17:59:18","guid":{"rendered":"https:\/\/lumierediamonds.eu\/?post_type=product&#038;p=19987"},"modified":"2026-04-13T15:23:37","modified_gmt":"2026-04-13T13:23:37","slug":"bague-de-fiancailles-solene-radiant-cut","status":"publish","type":"product","link":"https:\/\/lumierediamonds.eu\/fr\/product\/bague-de-fiancailles-solene-radiant-cut\/","title":{"rendered":"Bague de fian\u00e7ailles Solene \u00e0 taille rayonnante"},"content":{"rendered":"<p>Minimale mais raffin\u00e9e, la bague de fian\u00e7ailles Solene Radiant Cut c\u00e9l\u00e8bre la brillance avec une touche architecturale moderne.<\/p>\n<p>Dot\u00e9 d'un diamant de taille radieuse cultiv\u00e9 en laboratoire, ce mod\u00e8le allie les lignes \u00e9pur\u00e9es d'une forme \u00e9meraude \u00e0 l'\u00e9clat de facettes brillantes. Le bracelet en or 18 carats poli se r\u00e9tr\u00e9cit doucement vers la pierre centrale, tandis que la monture cath\u00e9drale soul\u00e8ve le diamant pour permettre \u00e0 la lumi\u00e8re de p\u00e9n\u00e9trer sous tous les angles.<\/p>\n<p>La taille radiant offre une brillance exceptionnelle avec une pr\u00e9sence g\u00e9om\u00e9trique audacieuse. Parfait pour ceux qui appr\u00e9cient la sophistication moderne et le design fort.<\/p>","protected":false},"excerpt":{"rendered":"<p>Bague de fian\u00e7ailles raffin\u00e9e \u00e0 taille radieuse en or 18 carats certifi\u00e9 LBMA, orn\u00e9e d'un diamant de laboratoire mont\u00e9 en griffes sur un anneau de 1,80 mm qui se r\u00e9tr\u00e9cit l\u00e9g\u00e8rement. Le profil cath\u00e9drale soul\u00e8ve magnifiquement la pierre, cr\u00e9ant une silhouette nette et \u00e9l\u00e9gante avec une forte luminosit\u00e9 et une grande facilit\u00e9 \u00e0 \u00eatre port\u00e9e tous les jours.<\/p>","protected":false},"featured_media":20015,"template":"","meta":{"_acf_changed":false},"product_brand":[],"product_cat":[24,52],"product_tag":[1428,48,184,1427,1401,1445],"class_list":{"0":"post-19987","1":"product","2":"type-product","3":"status-publish","4":"has-post-thumbnail","6":"product_cat-engagement-rings","7":"product_cat-rings","8":"product_tag-cathedral-setting","9":"product_tag-engagement-ring","10":"product_tag-lab-grown-diamond","11":"product_tag-prong-setting","12":"product_tag-radiant-cut","13":"product_tag-tapered-band","14":"pa_metal-rose-gold","15":"pa_metal-white-gold","16":"pa_metal-yellow-gold","18":"first","19":"instock","20":"taxable","21":"shipping-taxable","22":"purchasable","23":"product-type-variable","24":"has-default-attributes"},"acf":[],"jetpack_sharing_enabled":true,"_links":{"self":[{"href":"https:\/\/lumierediamonds.eu\/fr\/wp-json\/wp\/v2\/product\/19987","targetHints":{"allow":["GET"]}}],"collection":[{"href":"https:\/\/lumierediamonds.eu\/fr\/wp-json\/wp\/v2\/product"}],"about":[{"href":"https:\/\/lumierediamonds.eu\/fr\/wp-json\/wp\/v2\/types\/product"}],"version-history":[{"count":1,"href":"https:\/\/lumierediamonds.eu\/fr\/wp-json\/wp\/v2\/product\/19987\/revisions"}],"predecessor-version":[{"id":21244,"href":"https:\/\/lumierediamonds.eu\/fr\/wp-json\/wp\/v2\/product\/19987\/revisions\/21244"}],"wp:featuredmedia":[{"embeddable":true,"href":"https:\/\/lumierediamonds.eu\/fr\/wp-json\/wp\/v2\/media\/20015"}],"wp:attachment":[{"href":"https:\/\/lumierediamonds.eu\/fr\/wp-json\/wp\/v2\/media?parent=19987"}],"wp:term":[{"taxonomy":"product_brand","embeddable":true,"href":"https:\/\/lumierediamonds.eu\/fr\/wp-json\/wp\/v2\/product_brand?post=19987"},{"taxonomy":"product_cat","embeddable":true,"href":"https:\/\/lumierediamonds.eu\/fr\/wp-json\/wp\/v2\/product_cat?post=19987"},{"taxonomy":"product_tag","embeddable":true,"href":"https:\/\/lumierediamonds.eu\/fr\/wp-json\/wp\/v2\/product_tag?post=19987"}],"curies":[{"name":"wp","href":"https:\/\/api.w.org\/{rel}","templated":true}]}}