{"id":20064,"date":"2026-04-12T20:09:47","date_gmt":"2026-04-12T18:09:47","guid":{"rendered":"https:\/\/lumierediamonds.eu\/?post_type=product&#038;p=20064"},"modified":"2026-04-13T16:12:39","modified_gmt":"2026-04-13T14:12:39","slug":"bague-de-fiancailles-marquise-solene","status":"publish","type":"product","link":"https:\/\/lumierediamonds.eu\/fr\/product\/bague-de-fiancailles-marquise-solene\/","title":{"rendered":"Bague de fian\u00e7ailles Solene Marquise Cut"},"content":{"rendered":"<p>L'\u00e9l\u00e9gance au quotidien.<br \/>\nLa bague de fian\u00e7ailles Aurelia est centr\u00e9e sur un diamant marquise, qui ajoute de la longueur, de l'intensit\u00e9 et une touche vintage raffin\u00e9e. La bague de fian\u00e7ailles Aurelia Diamond est dot\u00e9e d'une monture \u00e0 profil bas qui se rapproche du doigt pour un ajustement s\u00fbr et confortable. Fabriqu\u00e9e en or jaune, blanc ou rose 18 carats, la bande de 2,4 mm ajoute force et \u00e9quilibre, tandis que la monture doucement sculpt\u00e9e donne \u00e0 la bague des lignes douces et fluides.<\/p>\n<p>Con\u00e7ue pour \u00eatre port\u00e9e tous les jours, elle allie une beaut\u00e9 durable \u00e0 un design pratique. Id\u00e9ale pour les personnes exer\u00e7ant des professions manuelles ou ayant un mode de vie actif.<\/p>","protected":false},"excerpt":{"rendered":"<p>Une bague de fian\u00e7ailles raffin\u00e9e de taille marquise centr\u00e9e sur un diamant cultiv\u00e9 en laboratoire, serti en d\u00e9tail avec une silhouette basse. Fabriqu\u00e9e en or jaune, blanc ou rose 18 carats avec un anneau \u00e9quilibr\u00e9 de 1,80 mm pour un port quotidien s\u00fbr et confortable.<\/p>","protected":false},"featured_media":20092,"template":"","meta":{"_acf_changed":false},"product_brand":[],"product_cat":[24,52],"product_tag":[48,1433,184,1432,1429,1427,191],"class_list":{"0":"post-20064","1":"product","2":"type-product","3":"status-publish","4":"has-post-thumbnail","6":"product_cat-engagement-rings","7":"product_cat-rings","8":"product_tag-engagement-ring","9":"product_tag-everyday-wear","10":"product_tag-lab-grown-diamond","11":"product_tag-low-profile","12":"product_tag-marquise-cut","13":"product_tag-prong-setting","14":"product_tag-solitaire","15":"pa_metal-rose-gold","16":"pa_metal-white-gold","17":"pa_metal-yellow-gold","19":"first","20":"instock","21":"taxable","22":"shipping-taxable","23":"purchasable","24":"product-type-variable","25":"has-default-attributes"},"acf":[],"jetpack_sharing_enabled":true,"_links":{"self":[{"href":"https:\/\/lumierediamonds.eu\/fr\/wp-json\/wp\/v2\/product\/20064","targetHints":{"allow":["GET"]}}],"collection":[{"href":"https:\/\/lumierediamonds.eu\/fr\/wp-json\/wp\/v2\/product"}],"about":[{"href":"https:\/\/lumierediamonds.eu\/fr\/wp-json\/wp\/v2\/types\/product"}],"version-history":[{"count":1,"href":"https:\/\/lumierediamonds.eu\/fr\/wp-json\/wp\/v2\/product\/20064\/revisions"}],"predecessor-version":[{"id":21319,"href":"https:\/\/lumierediamonds.eu\/fr\/wp-json\/wp\/v2\/product\/20064\/revisions\/21319"}],"wp:featuredmedia":[{"embeddable":true,"href":"https:\/\/lumierediamonds.eu\/fr\/wp-json\/wp\/v2\/media\/20092"}],"wp:attachment":[{"href":"https:\/\/lumierediamonds.eu\/fr\/wp-json\/wp\/v2\/media?parent=20064"}],"wp:term":[{"taxonomy":"product_brand","embeddable":true,"href":"https:\/\/lumierediamonds.eu\/fr\/wp-json\/wp\/v2\/product_brand?post=20064"},{"taxonomy":"product_cat","embeddable":true,"href":"https:\/\/lumierediamonds.eu\/fr\/wp-json\/wp\/v2\/product_cat?post=20064"},{"taxonomy":"product_tag","embeddable":true,"href":"https:\/\/lumierediamonds.eu\/fr\/wp-json\/wp\/v2\/product_tag?post=20064"}],"curies":[{"name":"wp","href":"https:\/\/api.w.org\/{rel}","templated":true}]}}