{"id":20113,"date":"2026-04-12T20:17:39","date_gmt":"2026-04-12T18:17:39","guid":{"rendered":"https:\/\/lumierediamonds.eu\/?post_type=product&#038;p=20113"},"modified":"2026-04-13T20:09:48","modified_gmt":"2026-04-13T18:09:48","slug":"bague-de-fiancailles-solene-a-taille-ronde","status":"publish","type":"product","link":"https:\/\/lumierediamonds.eu\/fr\/product\/bague-de-fiancailles-solene-a-taille-ronde\/","title":{"rendered":"Bague de fian\u00e7ailles Solene \u00e0 taille ronde"},"content":{"rendered":"<p>L'\u00e9l\u00e9gance au quotidien.<br \/>\nLa bague de fian\u00e7ailles Aurelia est centr\u00e9e sur un diamant rond brillant, qui apporte un \u00e9clat intemporel et une brillance \u00e9quilibr\u00e9e. La bague de fian\u00e7ailles Aurelia Diamond est dot\u00e9e d'une monture \u00e0 profil bas qui se rapproche du doigt pour un ajustement s\u00fbr et confortable. R\u00e9alis\u00e9 en or jaune, blanc ou rose 18 carats, l'anneau de 2,4 mm apporte force et \u00e9quilibre, tandis que la monture doucement sculpt\u00e9e conf\u00e8re \u00e0 la bague des lignes douces et fluides.<\/p>\n<p>Con\u00e7ue pour \u00eatre port\u00e9e tous les jours, elle allie une beaut\u00e9 durable \u00e0 un design pratique. Id\u00e9ale pour les personnes exer\u00e7ant des professions manuelles ou ayant un mode de vie actif.<\/p>","protected":false},"excerpt":{"rendered":"<p>Une bague de fian\u00e7ailles raffin\u00e9e en or 18 carats certifi\u00e9 LBMA, sertie d'un diamant rond et brillant, avec un anneau fin de 1,80 mm. Con\u00e7ue pour \u00eatre port\u00e9e tous les jours, la bague Solene allie un \u00e9clat intemporel \u00e0 une coupe confortable, proche du doigt.<\/p>","protected":false},"featured_media":21245,"template":"","meta":{"_acf_changed":false},"product_brand":[],"product_cat":[24,52],"product_tag":[48,1432,1427,1431,1277,191],"class_list":{"0":"post-20113","1":"product","2":"type-product","3":"status-publish","4":"has-post-thumbnail","6":"product_cat-engagement-rings","7":"product_cat-rings","8":"product_tag-engagement-ring","9":"product_tag-low-profile","10":"product_tag-prong-setting","11":"product_tag-round-brilliant","12":"product_tag-round-cut","13":"product_tag-solitaire","14":"pa_metal-rose-gold","15":"pa_metal-white-gold","16":"pa_metal-yellow-gold","18":"first","19":"instock","20":"featured","21":"taxable","22":"shipping-taxable","23":"purchasable","24":"product-type-variable","25":"has-default-attributes"},"acf":[],"jetpack_sharing_enabled":true,"_links":{"self":[{"href":"https:\/\/lumierediamonds.eu\/fr\/wp-json\/wp\/v2\/product\/20113","targetHints":{"allow":["GET"]}}],"collection":[{"href":"https:\/\/lumierediamonds.eu\/fr\/wp-json\/wp\/v2\/product"}],"about":[{"href":"https:\/\/lumierediamonds.eu\/fr\/wp-json\/wp\/v2\/types\/product"}],"version-history":[{"count":2,"href":"https:\/\/lumierediamonds.eu\/fr\/wp-json\/wp\/v2\/product\/20113\/revisions"}],"predecessor-version":[{"id":21289,"href":"https:\/\/lumierediamonds.eu\/fr\/wp-json\/wp\/v2\/product\/20113\/revisions\/21289"}],"wp:featuredmedia":[{"embeddable":true,"href":"https:\/\/lumierediamonds.eu\/fr\/wp-json\/wp\/v2\/media\/21245"}],"wp:attachment":[{"href":"https:\/\/lumierediamonds.eu\/fr\/wp-json\/wp\/v2\/media?parent=20113"}],"wp:term":[{"taxonomy":"product_brand","embeddable":true,"href":"https:\/\/lumierediamonds.eu\/fr\/wp-json\/wp\/v2\/product_brand?post=20113"},{"taxonomy":"product_cat","embeddable":true,"href":"https:\/\/lumierediamonds.eu\/fr\/wp-json\/wp\/v2\/product_cat?post=20113"},{"taxonomy":"product_tag","embeddable":true,"href":"https:\/\/lumierediamonds.eu\/fr\/wp-json\/wp\/v2\/product_tag?post=20113"}],"curies":[{"name":"wp","href":"https:\/\/api.w.org\/{rel}","templated":true}]}}