{"id":20382,"date":"2026-04-12T20:50:16","date_gmt":"2026-04-12T18:50:16","guid":{"rendered":"https:\/\/lumierediamonds.eu\/?post_type=product&#038;p=20382"},"modified":"2026-04-13T16:16:27","modified_gmt":"2026-04-13T14:16:27","slug":"bague-de-fiancailles-aurelia-coupe-ovale","status":"publish","type":"product","link":"https:\/\/lumierediamonds.eu\/fr\/product\/bague-de-fiancailles-aurelia-coupe-ovale\/","title":{"rendered":"Bague de fian\u00e7ailles Aurelia, taille ovale"},"content":{"rendered":"<p>L'\u00e9l\u00e9gance au quotidien.<br \/>\nCentr\u00e9e sur un diamant ovale, la bague de fian\u00e7ailles Aurelia ajoute de l'\u00e9l\u00e9gance et allonge le doigt gr\u00e2ce \u00e0 sa forme douce et gracieuse. La bague de fian\u00e7ailles Aurelia Diamond est dot\u00e9e d'une monture \u00e0 profil bas qui se rapproche du doigt pour un ajustement s\u00fbr et confortable. Fabriqu\u00e9 en or jaune, blanc ou rose 18 carats, l'anneau de 2,4 mm apporte force et \u00e9quilibre, tandis que la monture doucement sculpt\u00e9e donne \u00e0 la bague des lignes douces et fluides.<\/p>\n<p>Con\u00e7ue pour \u00eatre port\u00e9e tous les jours, elle allie une beaut\u00e9 durable \u00e0 un design pratique. Id\u00e9ale pour les personnes exer\u00e7ant des professions manuelles ou ayant un mode de vie actif.<\/p>","protected":false},"excerpt":{"rendered":"<p>La bague de fian\u00e7ailles Aurelia pr\u00e9sente un diamant ovale cultiv\u00e9 en laboratoire dans une monture \u00e0 griffes discr\u00e8te, con\u00e7ue pour se placer pr\u00e8s du doigt avec une sensation de s\u00e9curit\u00e9 et de confort. Finie en or 18 carats avec un anneau de 2,4 mm, elle se porte tous les jours avec une silhouette raffin\u00e9e et allong\u00e9e.<\/p>","protected":false},"featured_media":20410,"template":"","meta":{"_acf_changed":false},"product_brand":[],"product_cat":[24,52],"product_tag":[599,48,184,1432,210,1427],"class_list":{"0":"post-20382","1":"product","2":"type-product","3":"status-publish","4":"has-post-thumbnail","6":"product_cat-engagement-rings","7":"product_cat-rings","8":"product_tag-18k-gold","9":"product_tag-engagement-ring","10":"product_tag-lab-grown-diamond","11":"product_tag-low-profile","12":"product_tag-oval-cut","13":"product_tag-prong-setting","14":"pa_metal-rose-gold","15":"pa_metal-white-gold","16":"pa_metal-yellow-gold","18":"first","19":"instock","20":"taxable","21":"shipping-taxable","22":"purchasable","23":"product-type-variable","24":"has-default-attributes"},"acf":[],"jetpack_sharing_enabled":true,"_links":{"self":[{"href":"https:\/\/lumierediamonds.eu\/fr\/wp-json\/wp\/v2\/product\/20382","targetHints":{"allow":["GET"]}}],"collection":[{"href":"https:\/\/lumierediamonds.eu\/fr\/wp-json\/wp\/v2\/product"}],"about":[{"href":"https:\/\/lumierediamonds.eu\/fr\/wp-json\/wp\/v2\/types\/product"}],"version-history":[{"count":1,"href":"https:\/\/lumierediamonds.eu\/fr\/wp-json\/wp\/v2\/product\/20382\/revisions"}],"predecessor-version":[{"id":21321,"href":"https:\/\/lumierediamonds.eu\/fr\/wp-json\/wp\/v2\/product\/20382\/revisions\/21321"}],"wp:featuredmedia":[{"embeddable":true,"href":"https:\/\/lumierediamonds.eu\/fr\/wp-json\/wp\/v2\/media\/20410"}],"wp:attachment":[{"href":"https:\/\/lumierediamonds.eu\/fr\/wp-json\/wp\/v2\/media?parent=20382"}],"wp:term":[{"taxonomy":"product_brand","embeddable":true,"href":"https:\/\/lumierediamonds.eu\/fr\/wp-json\/wp\/v2\/product_brand?post=20382"},{"taxonomy":"product_cat","embeddable":true,"href":"https:\/\/lumierediamonds.eu\/fr\/wp-json\/wp\/v2\/product_cat?post=20382"},{"taxonomy":"product_tag","embeddable":true,"href":"https:\/\/lumierediamonds.eu\/fr\/wp-json\/wp\/v2\/product_tag?post=20382"}],"curies":[{"name":"wp","href":"https:\/\/api.w.org\/{rel}","templated":true}]}}