{"id":20431,"date":"2026-04-12T20:58:05","date_gmt":"2026-04-12T18:58:05","guid":{"rendered":"https:\/\/lumierediamonds.eu\/?post_type=product&#038;p=20431"},"modified":"2026-04-13T16:17:33","modified_gmt":"2026-04-13T14:17:33","slug":"bague-de-fiancailles-aurelia-coupe-princesse","status":"publish","type":"product","link":"https:\/\/lumierediamonds.eu\/fr\/product\/bague-de-fiancailles-aurelia-coupe-princesse\/","title":{"rendered":"Bague de fian\u00e7ailles Aurelia, taille princesse"},"content":{"rendered":"<p>L'\u00e9l\u00e9gance au quotidien.<br \/>\nLa bague de fian\u00e7ailles Aurelia est centr\u00e9e sur un diamant de taille princesse, qui lui conf\u00e8re une brillance exceptionnelle et un aspect moderne et structur\u00e9. La bague de fian\u00e7ailles Aurelia Diamond est dot\u00e9e d'une monture \u00e0 profil bas qui se rapproche du doigt pour un ajustement s\u00fbr et confortable. Fabriqu\u00e9 en or jaune, blanc ou rose 18 carats, l'anneau de 2,4 mm d'\u00e9paisseur apporte force et \u00e9quilibre, tandis que la monture d\u00e9licatement sculpt\u00e9e conf\u00e8re \u00e0 la bague des lignes fluides et douces.<\/p>\n<p>Con\u00e7ue pour \u00eatre port\u00e9e tous les jours, elle allie une beaut\u00e9 durable \u00e0 un design pratique. Id\u00e9ale pour les personnes exer\u00e7ant des professions manuelles ou ayant un mode de vie actif.<\/p>","protected":false},"excerpt":{"rendered":"<p>Cette bague de fian\u00e7ailles raffin\u00e9e de taille princesse est dot\u00e9e d'un sertissage discret et d'un anneau \u00e9quilibr\u00e9 de 2,4 mm en or 18 carats. Con\u00e7ue pour \u00eatre port\u00e9e pr\u00e8s du doigt pour un confort quotidien, elle associe une brillance \u00e9clatante \u00e0 une silhouette moderne et structur\u00e9e.<\/p>","protected":false},"featured_media":20459,"template":"","meta":{"_acf_changed":false},"product_brand":[],"product_cat":[24,52],"product_tag":[599,183,48,1433,1432,194,1427],"class_list":{"0":"post-20431","1":"product","2":"type-product","3":"status-publish","4":"has-post-thumbnail","6":"product_cat-engagement-rings","7":"product_cat-rings","8":"product_tag-18k-gold","9":"product_tag-diamond-ring","10":"product_tag-engagement-ring","11":"product_tag-everyday-wear","12":"product_tag-low-profile","13":"product_tag-princess-cut","14":"product_tag-prong-setting","15":"pa_metal-rose-gold","16":"pa_metal-white-gold","17":"pa_metal-yellow-gold","19":"first","20":"instock","21":"taxable","22":"shipping-taxable","23":"purchasable","24":"product-type-variable","25":"has-default-attributes"},"acf":[],"jetpack_sharing_enabled":true,"_links":{"self":[{"href":"https:\/\/lumierediamonds.eu\/fr\/wp-json\/wp\/v2\/product\/20431","targetHints":{"allow":["GET"]}}],"collection":[{"href":"https:\/\/lumierediamonds.eu\/fr\/wp-json\/wp\/v2\/product"}],"about":[{"href":"https:\/\/lumierediamonds.eu\/fr\/wp-json\/wp\/v2\/types\/product"}],"version-history":[{"count":1,"href":"https:\/\/lumierediamonds.eu\/fr\/wp-json\/wp\/v2\/product\/20431\/revisions"}],"predecessor-version":[{"id":21322,"href":"https:\/\/lumierediamonds.eu\/fr\/wp-json\/wp\/v2\/product\/20431\/revisions\/21322"}],"wp:featuredmedia":[{"embeddable":true,"href":"https:\/\/lumierediamonds.eu\/fr\/wp-json\/wp\/v2\/media\/20459"}],"wp:attachment":[{"href":"https:\/\/lumierediamonds.eu\/fr\/wp-json\/wp\/v2\/media?parent=20431"}],"wp:term":[{"taxonomy":"product_brand","embeddable":true,"href":"https:\/\/lumierediamonds.eu\/fr\/wp-json\/wp\/v2\/product_brand?post=20431"},{"taxonomy":"product_cat","embeddable":true,"href":"https:\/\/lumierediamonds.eu\/fr\/wp-json\/wp\/v2\/product_cat?post=20431"},{"taxonomy":"product_tag","embeddable":true,"href":"https:\/\/lumierediamonds.eu\/fr\/wp-json\/wp\/v2\/product_tag?post=20431"}],"curies":[{"name":"wp","href":"https:\/\/api.w.org\/{rel}","templated":true}]}}