{"id":20529,"date":"2026-04-12T21:13:56","date_gmt":"2026-04-12T19:13:56","guid":{"rendered":"https:\/\/lumierediamonds.eu\/?post_type=product&#038;p=20529"},"modified":"2026-04-13T16:19:47","modified_gmt":"2026-04-13T14:19:47","slug":"bague-de-fiancailles-aurelia-en-poire","status":"publish","type":"product","link":"https:\/\/lumierediamonds.eu\/fr\/product\/bague-de-fiancailles-aurelia-en-poire\/","title":{"rendered":"Bague de fian\u00e7ailles Aurelia, taille poire"},"content":{"rendered":"<p>L'\u00e9l\u00e9gance au quotidien.<br \/>\nCentr\u00e9e sur un diamant en forme de poire, la bague de fian\u00e7ailles Aurelia ajoute de la douceur et une silhouette \u00e9l\u00e9gante et distinctive. La bague de fian\u00e7ailles Aurelia Diamond est dot\u00e9e d'une monture \u00e0 profil bas qui se rapproche du doigt pour un ajustement s\u00fbr et confortable. Fabriqu\u00e9 en or jaune, blanc ou rose 18 carats, l'anneau de 2,4 mm d'\u00e9paisseur apporte force et \u00e9quilibre, tandis que la monture d\u00e9licatement sculpt\u00e9e conf\u00e8re \u00e0 la bague des lignes fluides et douces.<\/p>\n<p>Con\u00e7ue pour \u00eatre port\u00e9e tous les jours, elle allie une beaut\u00e9 durable \u00e0 un design pratique. Id\u00e9ale pour les personnes exer\u00e7ant des professions manuelles ou ayant un mode de vie actif.<\/p>","protected":false},"excerpt":{"rendered":"<p>Une bague de fian\u00e7ailles raffin\u00e9e en forme de poire centr\u00e9e sur un diamant en forme de poire, serti bas pour un ajustement serr\u00e9 et s\u00fbr. Le bracelet de 2,4 mm en or jaune, blanc ou rose 18 carats apporte \u00e9quilibre et confort au quotidien avec un profil net et \u00e9l\u00e9gant.<\/p>","protected":false},"featured_media":21266,"template":"","meta":{"_acf_changed":false},"product_brand":[],"product_cat":[24,52],"product_tag":[48,1432,215,1444,1427,191],"class_list":{"0":"post-20529","1":"product","2":"type-product","3":"status-publish","4":"has-post-thumbnail","6":"product_cat-engagement-rings","7":"product_cat-rings","8":"product_tag-engagement-ring","9":"product_tag-low-profile","10":"product_tag-pear-cut","11":"product_tag-pear-shaped-diamond","12":"product_tag-prong-setting","13":"product_tag-solitaire","14":"pa_metal-rose-gold","15":"pa_metal-white-gold","16":"pa_metal-yellow-gold","18":"first","19":"instock","20":"taxable","21":"shipping-taxable","22":"purchasable","23":"product-type-variable","24":"has-default-attributes"},"acf":[],"jetpack_sharing_enabled":true,"_links":{"self":[{"href":"https:\/\/lumierediamonds.eu\/fr\/wp-json\/wp\/v2\/product\/20529","targetHints":{"allow":["GET"]}}],"collection":[{"href":"https:\/\/lumierediamonds.eu\/fr\/wp-json\/wp\/v2\/product"}],"about":[{"href":"https:\/\/lumierediamonds.eu\/fr\/wp-json\/wp\/v2\/types\/product"}],"version-history":[{"count":1,"href":"https:\/\/lumierediamonds.eu\/fr\/wp-json\/wp\/v2\/product\/20529\/revisions"}],"predecessor-version":[{"id":21324,"href":"https:\/\/lumierediamonds.eu\/fr\/wp-json\/wp\/v2\/product\/20529\/revisions\/21324"}],"wp:featuredmedia":[{"embeddable":true,"href":"https:\/\/lumierediamonds.eu\/fr\/wp-json\/wp\/v2\/media\/21266"}],"wp:attachment":[{"href":"https:\/\/lumierediamonds.eu\/fr\/wp-json\/wp\/v2\/media?parent=20529"}],"wp:term":[{"taxonomy":"product_brand","embeddable":true,"href":"https:\/\/lumierediamonds.eu\/fr\/wp-json\/wp\/v2\/product_brand?post=20529"},{"taxonomy":"product_cat","embeddable":true,"href":"https:\/\/lumierediamonds.eu\/fr\/wp-json\/wp\/v2\/product_cat?post=20529"},{"taxonomy":"product_tag","embeddable":true,"href":"https:\/\/lumierediamonds.eu\/fr\/wp-json\/wp\/v2\/product_tag?post=20529"}],"curies":[{"name":"wp","href":"https:\/\/api.w.org\/{rel}","templated":true}]}}