{"id":32065,"date":"2026-04-23T23:09:06","date_gmt":"2026-04-23T21:09:06","guid":{"rendered":"https:\/\/lumierediamonds.eu\/?post_type=product&#038;p=32065"},"modified":"2026-04-23T23:19:19","modified_gmt":"2026-04-23T21:19:19","slug":"bague-elysia-a-cinq-rangs-de-diamants","status":"publish","type":"product","link":"https:\/\/lumierediamonds.eu\/fr\/product\/bague-elysia-a-cinq-rangs-de-diamants\/","title":{"rendered":"Bague Elysia \u00e0 cinq rangs de diamants"},"content":{"rendered":"<p>Rayonnante et expressive, la bague Elysia \u00e0 cinq rangs de diamants est con\u00e7ue comme une d\u00e9claration de lumi\u00e8re, de texture et d'\u00e9l\u00e9gance moderne.<\/p>\n<p>Cinq rang\u00e9es de pav\u00e9s de diamants cultiv\u00e9s en laboratoire, avec 59 pierres rondes totalisant 3,5 carats, cr\u00e9ent une surface continue de brillance sur l'ensemble de la bande. Cette disposition donne \u00e0 la bague de la profondeur, de la dimension et un fort retour de la lumi\u00e8re sous tous les angles.<\/p>\n<p>La silhouette doucement profil\u00e9e offre une coupe \u00e9quilibr\u00e9e et confortable, tandis que le pav\u00e9 int\u00e9gral conf\u00e8re \u00e0 la pi\u00e8ce une pr\u00e9sence audacieuse mais raffin\u00e9e.<\/p>\n<p>Fabriqu\u00e9e en or blanc 18 carats poli, la bague Elysia est une c\u00e9l\u00e9bration de la brillance et de l'artisanat, cr\u00e9\u00e9e pour celles qui sont attir\u00e9es par les bijoux \u00e0 fort impact et \u00e0 l'\u00e9l\u00e9gance durable.<\/p>","protected":false},"excerpt":{"rendered":"<p>Rayonnante et expressive, la bague Elysia \u00e0 cinq rangs de diamants est con\u00e7ue comme une d\u00e9claration de lumi\u00e8re, de texture et d'\u00e9l\u00e9gance moderne. Cinq rangs de pav\u00e9s...<\/p>","protected":false},"featured_media":32093,"template":"","meta":{"_acf_changed":false},"product_brand":[],"product_cat":[52,1010,898],"product_tag":[183,189,182,48,184,192,191,185],"class_list":{"0":"post-32065","1":"product","2":"type-product","3":"status-publish","4":"has-post-thumbnail","6":"product_cat-rings","7":"product_cat-cocktail-rings","8":"product_cat-statement-rings","9":"product_tag-diamond-ring","10":"product_tag-emerald","11":"product_tag-engagement","12":"product_tag-engagement-ring","13":"product_tag-lab-grown-diamond","14":"product_tag-ring","15":"product_tag-solitaire","16":"product_tag-vvs1","17":"pa_metal-white-gold","19":"first","20":"instock","21":"taxable","22":"shipping-taxable","23":"purchasable","24":"product-type-simple"},"acf":[],"jetpack_sharing_enabled":true,"_links":{"self":[{"href":"https:\/\/lumierediamonds.eu\/fr\/wp-json\/wp\/v2\/product\/32065","targetHints":{"allow":["GET"]}}],"collection":[{"href":"https:\/\/lumierediamonds.eu\/fr\/wp-json\/wp\/v2\/product"}],"about":[{"href":"https:\/\/lumierediamonds.eu\/fr\/wp-json\/wp\/v2\/types\/product"}],"version-history":[{"count":1,"href":"https:\/\/lumierediamonds.eu\/fr\/wp-json\/wp\/v2\/product\/32065\/revisions"}],"predecessor-version":[{"id":32097,"href":"https:\/\/lumierediamonds.eu\/fr\/wp-json\/wp\/v2\/product\/32065\/revisions\/32097"}],"wp:featuredmedia":[{"embeddable":true,"href":"https:\/\/lumierediamonds.eu\/fr\/wp-json\/wp\/v2\/media\/32093"}],"wp:attachment":[{"href":"https:\/\/lumierediamonds.eu\/fr\/wp-json\/wp\/v2\/media?parent=32065"}],"wp:term":[{"taxonomy":"product_brand","embeddable":true,"href":"https:\/\/lumierediamonds.eu\/fr\/wp-json\/wp\/v2\/product_brand?post=32065"},{"taxonomy":"product_cat","embeddable":true,"href":"https:\/\/lumierediamonds.eu\/fr\/wp-json\/wp\/v2\/product_cat?post=32065"},{"taxonomy":"product_tag","embeddable":true,"href":"https:\/\/lumierediamonds.eu\/fr\/wp-json\/wp\/v2\/product_tag?post=32065"}],"curies":[{"name":"wp","href":"https:\/\/api.w.org\/{rel}","templated":true}]}}