{"id":4195,"date":"2024-11-25T20:01:20","date_gmt":"2024-11-25T19:01:20","guid":{"rendered":"https:\/\/lumierediamonds.eu\/?post_type=product&#038;p=4195"},"modified":"2025-12-05T17:48:29","modified_gmt":"2025-12-05T16:48:29","slug":"la-bague-de-fiancailles-aurora","status":"publish","type":"product","link":"https:\/\/lumierediamonds.eu\/fr\/product\/la-bague-de-fiancailles-aurora\/","title":{"rendered":"La bague de fian\u00e7ailles Aurora"},"content":{"rendered":"<p class=\"p1\">Gracieuse et rayonnante, la bague Aurora est sertie d'un diamant synth\u00e9tique rond brillant nich\u00e9 dans une monture sophistiqu\u00e9e \u00e0 six griffes. Son anneau fin, disponible en or jaune, blanc ou rose 18 carats, met en valeur l'\u00e9clat exceptionnel du diamant. Un design intemporel qui incarne l'\u00e9l\u00e9gance et c\u00e9l\u00e8bre l'amour \u00e9ternel.<\/p>","protected":false},"excerpt":{"rendered":"<p class=\"p1\">Gracieuse et rayonnante, la bague Aurora est sertie d'un diamant synth\u00e9tique rond brillant nich\u00e9 dans une monture sophistiqu\u00e9e \u00e0 six griffes. Son anneau fin, disponible en or jaune, blanc ou rose 18 carats, met en valeur l'\u00e9clat exceptionnel du diamant. Un design intemporel qui incarne l'\u00e9l\u00e9gance et c\u00e9l\u00e8bre l'amour \u00e9ternel.<\/p>","protected":false},"featured_media":5276,"template":"","meta":{"_acf_changed":false},"product_brand":[],"product_cat":[24,23,52],"product_tag":[255,183,48,254,256,187,253],"class_list":{"0":"post-4195","1":"product","2":"type-product","3":"status-publish","4":"has-post-thumbnail","6":"product_cat-engagement-rings","7":"product_cat-love-engagement","8":"product_cat-rings","9":"product_tag-diamond-engagement-ring","10":"product_tag-diamond-ring","11":"product_tag-engagement-ring","12":"product_tag-halo-ring","13":"product_tag-lab-grown-diamond-ring","14":"product_tag-pave","15":"product_tag-pave-halo","16":"pa_metal-rose-gold","17":"pa_metal-white-gold","18":"pa_metal-yellow-gold","20":"first","21":"instock","22":"taxable","23":"shipping-taxable","24":"purchasable","25":"product-type-variable"},"acf":[],"jetpack_sharing_enabled":true,"_links":{"self":[{"href":"https:\/\/lumierediamonds.eu\/fr\/wp-json\/wp\/v2\/product\/4195","targetHints":{"allow":["GET"]}}],"collection":[{"href":"https:\/\/lumierediamonds.eu\/fr\/wp-json\/wp\/v2\/product"}],"about":[{"href":"https:\/\/lumierediamonds.eu\/fr\/wp-json\/wp\/v2\/types\/product"}],"version-history":[{"count":5,"href":"https:\/\/lumierediamonds.eu\/fr\/wp-json\/wp\/v2\/product\/4195\/revisions"}],"predecessor-version":[{"id":14121,"href":"https:\/\/lumierediamonds.eu\/fr\/wp-json\/wp\/v2\/product\/4195\/revisions\/14121"}],"wp:featuredmedia":[{"embeddable":true,"href":"https:\/\/lumierediamonds.eu\/fr\/wp-json\/wp\/v2\/media\/5276"}],"wp:attachment":[{"href":"https:\/\/lumierediamonds.eu\/fr\/wp-json\/wp\/v2\/media?parent=4195"}],"wp:term":[{"taxonomy":"product_brand","embeddable":true,"href":"https:\/\/lumierediamonds.eu\/fr\/wp-json\/wp\/v2\/product_brand?post=4195"},{"taxonomy":"product_cat","embeddable":true,"href":"https:\/\/lumierediamonds.eu\/fr\/wp-json\/wp\/v2\/product_cat?post=4195"},{"taxonomy":"product_tag","embeddable":true,"href":"https:\/\/lumierediamonds.eu\/fr\/wp-json\/wp\/v2\/product_tag?post=4195"}],"curies":[{"name":"wp","href":"https:\/\/api.w.org\/{rel}","templated":true}]}}