{"id":4296,"date":"2024-11-27T22:15:14","date_gmt":"2024-11-27T21:15:14","guid":{"rendered":"https:\/\/lumierediamonds.eu\/?post_type=product&#038;p=4296"},"modified":"2025-12-05T17:33:45","modified_gmt":"2025-12-05T16:33:45","slug":"la-bague-de-fiancailles-radiance","status":"publish","type":"product","link":"https:\/\/lumierediamonds.eu\/fr\/product\/la-bague-de-fiancailles-radiance\/","title":{"rendered":"La bague de fian\u00e7ailles Radiance"},"content":{"rendered":"<p class=\"p1\">La bague Radiance est un mod\u00e8le remarquable \u00e0 trois pierres qui symbolise le pass\u00e9, le pr\u00e9sent et l'avenir de votre amour. Orn\u00e9e d'un diamant brillant taille ronde synth\u00e9tique flanqu\u00e9 de deux diamants baguette effil\u00e9s, cette bague respire la sophistication. R\u00e9alis\u00e9e en or jaune, blanc ou rose 18 carats, c'est un choix intemporel pour un amour qui brille de mille feux.<\/p>","protected":false},"excerpt":{"rendered":"<p class=\"p1\">La bague Radiance est un mod\u00e8le remarquable \u00e0 trois pierres qui symbolise le pass\u00e9, le pr\u00e9sent et l'avenir de votre amour. Orn\u00e9e d'un diamant brillant taille ronde synth\u00e9tique flanqu\u00e9 de deux diamants baguette effil\u00e9s, cette bague respire la sophistication. R\u00e9alis\u00e9e en or jaune, blanc ou rose 18 carats, c'est un choix intemporel pour un amour qui brille de mille feux.<\/p>","protected":false},"featured_media":4305,"template":"","meta":{"_acf_changed":false},"product_brand":[],"product_cat":[24,23,52],"product_tag":[258,261,183,182,48,184,259,260,262,185],"class_list":{"0":"post-4296","1":"product","2":"type-product","3":"status-publish","4":"has-post-thumbnail","6":"product_cat-engagement-rings","7":"product_cat-love-engagement","8":"product_cat-rings","9":"product_tag-baguette","10":"product_tag-baguette-ring","11":"product_tag-diamond-ring","12":"product_tag-engagement","13":"product_tag-engagement-ring","14":"product_tag-lab-grown-diamond","15":"product_tag-three-stone","16":"product_tag-three-stone-ring","17":"product_tag-trilogy-ring","18":"product_tag-vvs1","19":"pa_metal-rose-gold","20":"pa_metal-white-gold","21":"pa_metal-yellow-gold","23":"first","24":"instock","25":"taxable","26":"shipping-taxable","27":"purchasable","28":"product-type-variable"},"acf":[],"jetpack_sharing_enabled":true,"_links":{"self":[{"href":"https:\/\/lumierediamonds.eu\/fr\/wp-json\/wp\/v2\/product\/4296","targetHints":{"allow":["GET"]}}],"collection":[{"href":"https:\/\/lumierediamonds.eu\/fr\/wp-json\/wp\/v2\/product"}],"about":[{"href":"https:\/\/lumierediamonds.eu\/fr\/wp-json\/wp\/v2\/types\/product"}],"version-history":[{"count":6,"href":"https:\/\/lumierediamonds.eu\/fr\/wp-json\/wp\/v2\/product\/4296\/revisions"}],"predecessor-version":[{"id":14116,"href":"https:\/\/lumierediamonds.eu\/fr\/wp-json\/wp\/v2\/product\/4296\/revisions\/14116"}],"wp:featuredmedia":[{"embeddable":true,"href":"https:\/\/lumierediamonds.eu\/fr\/wp-json\/wp\/v2\/media\/4305"}],"wp:attachment":[{"href":"https:\/\/lumierediamonds.eu\/fr\/wp-json\/wp\/v2\/media?parent=4296"}],"wp:term":[{"taxonomy":"product_brand","embeddable":true,"href":"https:\/\/lumierediamonds.eu\/fr\/wp-json\/wp\/v2\/product_brand?post=4296"},{"taxonomy":"product_cat","embeddable":true,"href":"https:\/\/lumierediamonds.eu\/fr\/wp-json\/wp\/v2\/product_cat?post=4296"},{"taxonomy":"product_tag","embeddable":true,"href":"https:\/\/lumierediamonds.eu\/fr\/wp-json\/wp\/v2\/product_tag?post=4296"}],"curies":[{"name":"wp","href":"https:\/\/api.w.org\/{rel}","templated":true}]}}