{"id":5527,"date":"2024-11-29T12:15:53","date_gmt":"2024-11-29T11:15:53","guid":{"rendered":"https:\/\/lumierediamonds.eu\/?post_type=product&#038;p=5527"},"modified":"2025-12-05T16:39:01","modified_gmt":"2025-12-05T15:39:01","slug":"la-bague-de-fiancailles-princesse-eternia","status":"publish","type":"product","link":"https:\/\/lumierediamonds.eu\/fr\/product\/la-bague-de-fiancailles-princesse-eternia\/","title":{"rendered":"La bague de fian\u00e7ailles Eternia Princess Cut"},"content":{"rendered":"<p class=\"p1\">La bague Eternia est une c\u00e9l\u00e9bration \u00e9blouissante de l'amour \u00e9ternel. Avec un magnifique diamant synth\u00e9tique taille princesse en son centre, ses lignes nettes et modernes sont magnifiquement mises en valeur par une bande de diamants pav\u00e9s scintillants. Disponible en or jaune, blanc ou rose 18 carats, ce mod\u00e8le allie \u00e9l\u00e9gance contemporaine et \u00e9clat intemporel.<\/p>","protected":false},"excerpt":{"rendered":"<p class=\"p1\">La bague Eternia est une c\u00e9l\u00e9bration \u00e9blouissante de l'amour \u00e9ternel. Avec un magnifique diamant synth\u00e9tique taille princesse en son centre, ses lignes nettes et modernes sont magnifiquement mises en valeur par une bande de diamants pav\u00e9s scintillants. Disponible en or jaune, blanc ou rose 18 carats, ce mod\u00e8le allie \u00e9l\u00e9gance contemporaine et \u00e9clat intemporel.<\/p>","protected":false},"featured_media":5565,"template":"","meta":{"_acf_changed":false},"product_brand":[],"product_cat":[24,23,52],"product_tag":[183,182,48,184,187,193,194,192,191,185],"class_list":{"0":"post-5527","1":"product","2":"type-product","3":"status-publish","4":"has-post-thumbnail","6":"product_cat-engagement-rings","7":"product_cat-love-engagement","8":"product_cat-rings","9":"product_tag-diamond-ring","10":"product_tag-engagement","11":"product_tag-engagement-ring","12":"product_tag-lab-grown-diamond","13":"product_tag-pave","14":"product_tag-princess","15":"product_tag-princess-cut","16":"product_tag-ring","17":"product_tag-solitaire","18":"product_tag-vvs1","19":"pa_metal-rose-gold","20":"pa_metal-white-gold","21":"pa_metal-yellow-gold","23":"first","24":"instock","25":"taxable","26":"shipping-taxable","27":"purchasable","28":"product-type-variable"},"acf":[],"jetpack_sharing_enabled":true,"_links":{"self":[{"href":"https:\/\/lumierediamonds.eu\/fr\/wp-json\/wp\/v2\/product\/5527","targetHints":{"allow":["GET"]}}],"collection":[{"href":"https:\/\/lumierediamonds.eu\/fr\/wp-json\/wp\/v2\/product"}],"about":[{"href":"https:\/\/lumierediamonds.eu\/fr\/wp-json\/wp\/v2\/types\/product"}],"version-history":[{"count":5,"href":"https:\/\/lumierediamonds.eu\/fr\/wp-json\/wp\/v2\/product\/5527\/revisions"}],"predecessor-version":[{"id":14107,"href":"https:\/\/lumierediamonds.eu\/fr\/wp-json\/wp\/v2\/product\/5527\/revisions\/14107"}],"wp:featuredmedia":[{"embeddable":true,"href":"https:\/\/lumierediamonds.eu\/fr\/wp-json\/wp\/v2\/media\/5565"}],"wp:attachment":[{"href":"https:\/\/lumierediamonds.eu\/fr\/wp-json\/wp\/v2\/media?parent=5527"}],"wp:term":[{"taxonomy":"product_brand","embeddable":true,"href":"https:\/\/lumierediamonds.eu\/fr\/wp-json\/wp\/v2\/product_brand?post=5527"},{"taxonomy":"product_cat","embeddable":true,"href":"https:\/\/lumierediamonds.eu\/fr\/wp-json\/wp\/v2\/product_cat?post=5527"},{"taxonomy":"product_tag","embeddable":true,"href":"https:\/\/lumierediamonds.eu\/fr\/wp-json\/wp\/v2\/product_tag?post=5527"}],"curies":[{"name":"wp","href":"https:\/\/api.w.org\/{rel}","templated":true}]}}