{"id":5598,"date":"2024-11-29T13:35:30","date_gmt":"2024-11-29T12:35:30","guid":{"rendered":"https:\/\/lumierediamonds.eu\/?post_type=product&#038;p=5598"},"modified":"2026-03-26T16:26:15","modified_gmt":"2026-03-26T15:26:15","slug":"bague-de-fiancailles-epure-taille-emeraude","status":"publish","type":"product","link":"https:\/\/lumierediamonds.eu\/fr\/product\/bague-de-fiancailles-epure-taille-emeraude\/","title":{"rendered":"Bague de fian\u00e7ailles \u00c9pure Emerald"},"content":{"rendered":"<p data-start=\"154\" data-end=\"371\">Raffin\u00e9 et pratique.<\/p>\n<p>Le <strong>Bague de fian\u00e7ailles \u00c9pure taille \u00e9meraude<\/strong> apporte une \u00e9l\u00e9gance intemporelle au quotidien gr\u00e2ce \u00e0 son design \u00e9pur\u00e9 et minimaliste et \u00e0 son bracelet confortable caract\u00e9ristique.<\/p>\n<p>Orn\u00e9e d'un diamant synth\u00e9tique taille \u00e9meraude, cette bague pr\u00e9sente une monture discr\u00e8te qui \u00e9pouse parfaitement la forme du doigt, id\u00e9ale pour celles qui exercent un m\u00e9tier manuel ou m\u00e8nent une vie active. La bande subtilement effil\u00e9e et l\u00e9g\u00e8rement arrondie am\u00e9liore le confort tout en attirant le regard sur l'\u00e9clat naturel et la sym\u00e9trie du diamant.<\/p>\n<p>Raffin\u00e9e sans exc\u00e8s, la collection \u00c9pure est un choix sobre et sophistiqu\u00e9 qui allie beaut\u00e9 intemporelle et design pratique.<\/p>","protected":false},"excerpt":{"rendered":"<p class=\"p1\"><b>Une simplicit\u00e9 raffin\u00e9e, red\u00e9finie.<\/b><b><\/b><\/p>\n<p class=\"p2\">La bague de fian\u00e7ailles \u00c9pure Emerald Cut associe un sertissage discret \u00e0 une monture confortable embl\u00e9matique, id\u00e9ale pour les minimalistes modernes et les modes de vie actifs. Dot\u00e9e d'un diamant de taille \u00e9meraude synth\u00e9tique, elle allie \u00e9l\u00e9gance intemporelle et praticit\u00e9 au quotidien.<\/p>","protected":false},"featured_media":2926,"template":"","meta":{"_acf_changed":false},"product_brand":[],"product_cat":[24,23,52],"product_tag":[183,189,190,182,48,184,192,191,185],"class_list":{"0":"post-5598","1":"product","2":"type-product","3":"status-publish","4":"has-post-thumbnail","6":"product_cat-engagement-rings","7":"product_cat-love-engagement","8":"product_cat-rings","9":"product_tag-diamond-ring","10":"product_tag-emerald","11":"product_tag-emerald-diamond","12":"product_tag-engagement","13":"product_tag-engagement-ring","14":"product_tag-lab-grown-diamond","15":"product_tag-ring","16":"product_tag-solitaire","17":"product_tag-vvs1","18":"pa_metal-rose-gold","19":"pa_metal-white-gold","20":"pa_metal-yellow-gold","22":"first","23":"instock","24":"featured","25":"taxable","26":"shipping-taxable","27":"purchasable","28":"product-type-variable"},"acf":[],"jetpack_sharing_enabled":true,"_links":{"self":[{"href":"https:\/\/lumierediamonds.eu\/fr\/wp-json\/wp\/v2\/product\/5598","targetHints":{"allow":["GET"]}}],"collection":[{"href":"https:\/\/lumierediamonds.eu\/fr\/wp-json\/wp\/v2\/product"}],"about":[{"href":"https:\/\/lumierediamonds.eu\/fr\/wp-json\/wp\/v2\/types\/product"}],"version-history":[{"count":13,"href":"https:\/\/lumierediamonds.eu\/fr\/wp-json\/wp\/v2\/product\/5598\/revisions"}],"predecessor-version":[{"id":5740,"href":"https:\/\/lumierediamonds.eu\/fr\/wp-json\/wp\/v2\/product\/5598\/revisions\/5740"}],"wp:featuredmedia":[{"embeddable":true,"href":"https:\/\/lumierediamonds.eu\/fr\/wp-json\/wp\/v2\/media\/2926"}],"wp:attachment":[{"href":"https:\/\/lumierediamonds.eu\/fr\/wp-json\/wp\/v2\/media?parent=5598"}],"wp:term":[{"taxonomy":"product_brand","embeddable":true,"href":"https:\/\/lumierediamonds.eu\/fr\/wp-json\/wp\/v2\/product_brand?post=5598"},{"taxonomy":"product_cat","embeddable":true,"href":"https:\/\/lumierediamonds.eu\/fr\/wp-json\/wp\/v2\/product_cat?post=5598"},{"taxonomy":"product_tag","embeddable":true,"href":"https:\/\/lumierediamonds.eu\/fr\/wp-json\/wp\/v2\/product_tag?post=5598"}],"curies":[{"name":"wp","href":"https:\/\/api.w.org\/{rel}","templated":true}]}}