{"id":5792,"date":"2024-11-29T14:31:34","date_gmt":"2024-11-29T13:31:34","guid":{"rendered":"https:\/\/lumierediamonds.eu\/?post_type=product&#038;p=5792"},"modified":"2026-03-26T16:25:32","modified_gmt":"2026-03-26T15:25:32","slug":"bague-de-fiancailles-epure-taille-brillant-rond","status":"publish","type":"product","link":"https:\/\/lumierediamonds.eu\/fr\/product\/bague-de-fiancailles-epure-taille-brillant-rond\/","title":{"rendered":"Bague de fian\u00e7ailles \u00c9pure"},"content":{"rendered":"<p class=\"p1\">Raffin\u00e9 et pratique.<b><\/b><\/p>\n<p class=\"p2\">Le <strong>Bague de fian\u00e7ailles \u00c9pure taille brillant rond<\/strong> apporte une \u00e9l\u00e9gance intemporelle au quotidien gr\u00e2ce \u00e0 son design \u00e9pur\u00e9 et minimaliste et \u00e0 son bracelet confortable caract\u00e9ristique.<\/p>\n<p class=\"p2\">Centr\u00e9e autour d'un brillant diamant rond synth\u00e9tique, cette bague pr\u00e9sente un sertissage discret qui \u00e9pouse la forme du doigt, id\u00e9al pour celles qui exercent un m\u00e9tier manuel ou m\u00e8nent une vie active. La monture l\u00e9g\u00e8rement effil\u00e9e et d\u00e9licatement arrondie am\u00e9liore le confort tout en attirant le regard vers l'\u00e9clat naturel et la sym\u00e9trie du diamant.<\/p>\n<p class=\"p2\">Raffin\u00e9e sans exc\u00e8s, la collection \u00c9pure est un choix sobre et sophistiqu\u00e9 qui allie beaut\u00e9 intemporelle et design pratique.<\/p>","protected":false},"excerpt":{"rendered":"<p class=\"p1\"><b>Une simplicit\u00e9 raffin\u00e9e, red\u00e9finie.<\/b><b><\/b><\/p>\n<p class=\"p2\">La bague de fian\u00e7ailles \u00c9pure Round Cut associe une monture discr\u00e8te \u00e0 une alliance confortable embl\u00e9matique, id\u00e9ale pour les minimalistes modernes et les modes de vie actifs. Orn\u00e9e d'un diamant rond brillant synth\u00e9tique, elle allie \u00e9l\u00e9gance intemporelle et praticit\u00e9 au quotidien.<\/p>","protected":false},"featured_media":5824,"template":"","meta":{"_acf_changed":false},"product_brand":[],"product_cat":[24,23,52],"product_tag":[183,189,190,182,48,184,192,191,185],"class_list":{"0":"post-5792","1":"product","2":"type-product","3":"status-publish","4":"has-post-thumbnail","6":"product_cat-engagement-rings","7":"product_cat-love-engagement","8":"product_cat-rings","9":"product_tag-diamond-ring","10":"product_tag-emerald","11":"product_tag-emerald-diamond","12":"product_tag-engagement","13":"product_tag-engagement-ring","14":"product_tag-lab-grown-diamond","15":"product_tag-ring","16":"product_tag-solitaire","17":"product_tag-vvs1","18":"pa_metal-rose-gold","19":"pa_metal-white-gold","20":"pa_metal-yellow-gold","22":"first","23":"instock","24":"taxable","25":"shipping-taxable","26":"purchasable","27":"product-type-variable"},"acf":[],"jetpack_sharing_enabled":true,"_links":{"self":[{"href":"https:\/\/lumierediamonds.eu\/fr\/wp-json\/wp\/v2\/product\/5792","targetHints":{"allow":["GET"]}}],"collection":[{"href":"https:\/\/lumierediamonds.eu\/fr\/wp-json\/wp\/v2\/product"}],"about":[{"href":"https:\/\/lumierediamonds.eu\/fr\/wp-json\/wp\/v2\/types\/product"}],"version-history":[{"count":9,"href":"https:\/\/lumierediamonds.eu\/fr\/wp-json\/wp\/v2\/product\/5792\/revisions"}],"predecessor-version":[{"id":10099,"href":"https:\/\/lumierediamonds.eu\/fr\/wp-json\/wp\/v2\/product\/5792\/revisions\/10099"}],"wp:featuredmedia":[{"embeddable":true,"href":"https:\/\/lumierediamonds.eu\/fr\/wp-json\/wp\/v2\/media\/5824"}],"wp:attachment":[{"href":"https:\/\/lumierediamonds.eu\/fr\/wp-json\/wp\/v2\/media?parent=5792"}],"wp:term":[{"taxonomy":"product_brand","embeddable":true,"href":"https:\/\/lumierediamonds.eu\/fr\/wp-json\/wp\/v2\/product_brand?post=5792"},{"taxonomy":"product_cat","embeddable":true,"href":"https:\/\/lumierediamonds.eu\/fr\/wp-json\/wp\/v2\/product_cat?post=5792"},{"taxonomy":"product_tag","embeddable":true,"href":"https:\/\/lumierediamonds.eu\/fr\/wp-json\/wp\/v2\/product_tag?post=5792"}],"curies":[{"name":"wp","href":"https:\/\/api.w.org\/{rel}","templated":true}]}}