{"id":6321,"date":"2024-11-30T18:45:39","date_gmt":"2024-11-30T17:45:39","guid":{"rendered":"https:\/\/lumierediamonds.eu\/?post_type=product&#038;p=6321"},"modified":"2025-11-17T14:04:40","modified_gmt":"2025-11-17T13:04:40","slug":"boucles-doreilles-en-diamant-taille-poire-eterna","status":"publish","type":"product","link":"https:\/\/lumierediamonds.eu\/fr\/product\/boucles-doreilles-en-diamant-taille-poire-eterna\/","title":{"rendered":"Boucles d'oreilles Eterna avec diamants taille poire"},"content":{"rendered":"<p data-start=\"193\" data-end=\"429\">Le<strong data-start=\"193\" data-end=\"238\"> Boucles d'oreilles Eterna avec diamants taille poire<\/strong> offrent une interpr\u00e9tation \u00e9l\u00e9gante d'une silhouette intemporelle. Orn\u00e9s de diamants synth\u00e9tiques taille poire sertis dans une monture \u00e0 trois griffes s\u00e9curis\u00e9e, ils apportent une touche raffin\u00e9e \u00e0 vos tenues de tous les jours comme \u00e0 vos tenues de soir\u00e9e.<\/p>\n<p data-start=\"431\" data-end=\"624\">Fabriqu\u00e9es en or jaune ou blanc 18 carats et disponibles dans des tailles allant de 0,3 \u00e0 4 carats, ces boucles d'oreilles sont un accessoire \u00e9l\u00e9gant et indispensable, avec leur forme l\u00e9g\u00e8rement effil\u00e9e qui ajoute une touche subtile \u00e0 n'importe quel look.<\/p>","protected":false},"excerpt":{"rendered":"<p data-start=\"193\" data-end=\"429\">Le<strong data-start=\"193\" data-end=\"238\"> Boucles d'oreilles Eterna avec diamants taille poire<\/strong> offrent une interpr\u00e9tation \u00e9l\u00e9gante d'une silhouette intemporelle. Orn\u00e9s de diamants synth\u00e9tiques taille poire sertis dans une monture \u00e0 trois griffes s\u00e9curis\u00e9e, ils apportent une touche raffin\u00e9e \u00e0 vos tenues de tous les jours comme \u00e0 vos tenues de soir\u00e9e.<\/p>\n<p data-start=\"431\" data-end=\"624\">Fabriqu\u00e9es en or jaune ou blanc 18 carats et disponibles dans des tailles allant de 0,3 \u00e0 4 carats, ces boucles d'oreilles sont un accessoire \u00e9l\u00e9gant et indispensable, avec leur forme l\u00e9g\u00e8rement effil\u00e9e qui ajoute une touche subtile \u00e0 n'importe quel look.<\/p>","protected":false},"featured_media":6398,"template":"","meta":{"_acf_changed":false},"product_brand":[],"product_cat":[54,760],"product_tag":[201,205,202,184,214,215,216,213,203,204,185],"class_list":{"0":"post-6321","1":"product","2":"type-product","3":"status-publish","4":"has-post-thumbnail","6":"product_cat-earrings","7":"product_cat-stud-earrings","8":"product_tag-diamond-earrings","9":"product_tag-diamond-studs","10":"product_tag-earrings","11":"product_tag-lab-grown-diamond","12":"product_tag-pear","13":"product_tag-pear-cut","14":"product_tag-pear-diamond","15":"product_tag-pear-shaped","16":"product_tag-stud-earrings","17":"product_tag-studs","18":"product_tag-vvs1","19":"pa_metal-white-gold","20":"pa_metal-yellow-gold","22":"first","23":"instock","24":"taxable","25":"shipping-taxable","26":"purchasable","27":"product-type-variable"},"acf":[],"jetpack_sharing_enabled":true,"_links":{"self":[{"href":"https:\/\/lumierediamonds.eu\/fr\/wp-json\/wp\/v2\/product\/6321","targetHints":{"allow":["GET"]}}],"collection":[{"href":"https:\/\/lumierediamonds.eu\/fr\/wp-json\/wp\/v2\/product"}],"about":[{"href":"https:\/\/lumierediamonds.eu\/fr\/wp-json\/wp\/v2\/types\/product"}],"version-history":[{"count":8,"href":"https:\/\/lumierediamonds.eu\/fr\/wp-json\/wp\/v2\/product\/6321\/revisions"}],"predecessor-version":[{"id":11483,"href":"https:\/\/lumierediamonds.eu\/fr\/wp-json\/wp\/v2\/product\/6321\/revisions\/11483"}],"wp:featuredmedia":[{"embeddable":true,"href":"https:\/\/lumierediamonds.eu\/fr\/wp-json\/wp\/v2\/media\/6398"}],"wp:attachment":[{"href":"https:\/\/lumierediamonds.eu\/fr\/wp-json\/wp\/v2\/media?parent=6321"}],"wp:term":[{"taxonomy":"product_brand","embeddable":true,"href":"https:\/\/lumierediamonds.eu\/fr\/wp-json\/wp\/v2\/product_brand?post=6321"},{"taxonomy":"product_cat","embeddable":true,"href":"https:\/\/lumierediamonds.eu\/fr\/wp-json\/wp\/v2\/product_cat?post=6321"},{"taxonomy":"product_tag","embeddable":true,"href":"https:\/\/lumierediamonds.eu\/fr\/wp-json\/wp\/v2\/product_tag?post=6321"}],"curies":[{"name":"wp","href":"https:\/\/api.w.org\/{rel}","templated":true}]}}