{"id":6438,"date":"2024-12-01T13:35:35","date_gmt":"2024-12-01T12:35:35","guid":{"rendered":"https:\/\/lumierediamonds.eu\/?post_type=product&#038;p=6438"},"modified":"2025-07-23T18:21:44","modified_gmt":"2025-07-23T16:21:44","slug":"boucles-doreilles-diamant-celeste-hoops","status":"publish","type":"product","link":"https:\/\/lumierediamonds.eu\/fr\/product\/boucles-doreilles-diamant-celeste-hoops\/","title":{"rendered":"Boucles d'oreilles Celeste Hoops Diamond"},"content":{"rendered":"<p data-start=\"527\" data-end=\"820\">Un classique moderne \u00e0 la pr\u00e9sence lumineuse.<\/p>\n<p data-start=\"527\" data-end=\"820\">Le <strong data-start=\"572\" data-end=\"605\">Boucles d'oreilles cr\u00e9oles en diamant Celeste<\/strong> sont fabriqu\u00e9s en or jaune ou blanc 18 carats et sertis d'une rang\u00e9e continue de diamants synth\u00e9tiques, offrant un \u00e9clat et une brillance raffin\u00e9s. L\u00e9gers et polis, ils ajoutent une touche d'\u00e9l\u00e9gance \u00e0 tous vos looks, de jour comme de soir. Disponibles dans des poids totaux allant de 1 \u00e0 7 carats, tous certifi\u00e9s IGI.<\/p>\n<p data-start=\"527\" data-end=\"820\">Une d\u00e9claration intemporelle, con\u00e7ue pour rehausser votre style au quotidien comme lors des moments sp\u00e9ciaux.<\/p>","protected":false},"excerpt":{"rendered":"<p data-start=\"527\" data-end=\"820\">Un classique moderne \u00e0 la pr\u00e9sence lumineuse.<\/p>\n<p data-start=\"527\" data-end=\"820\">Le <strong data-start=\"572\" data-end=\"605\">Boucles d'oreilles cr\u00e9oles en diamant Celeste<\/strong> sont fabriqu\u00e9s en or jaune ou blanc 18 carats et sertis d'une rang\u00e9e continue de diamants synth\u00e9tiques, offrant un \u00e9clat et une brillance raffin\u00e9s. L\u00e9gers et polis, ils ajoutent une touche d'\u00e9l\u00e9gance \u00e0 tous vos looks, de jour comme de soir. Disponibles dans des poids totaux allant de 1 \u00e0 7 carats, tous certifi\u00e9s IGI.<\/p>\n<p data-start=\"527\" data-end=\"820\">Une d\u00e9claration intemporelle, con\u00e7ue pour rehausser votre style au quotidien comme lors des moments sp\u00e9ciaux.<\/p>","protected":false},"featured_media":6461,"template":"","meta":{"_acf_changed":false},"product_brand":[],"product_cat":[54],"product_tag":[201,220,202,218,219,184,185],"class_list":{"0":"post-6438","1":"product","2":"type-product","3":"status-publish","4":"has-post-thumbnail","6":"product_cat-earrings","7":"product_tag-diamond-earrings","8":"product_tag-diamond-hoops","9":"product_tag-earrings","10":"product_tag-hoop-earrings","11":"product_tag-hoops","12":"product_tag-lab-grown-diamond","13":"product_tag-vvs1","14":"pa_metal-white-gold","15":"pa_metal-yellow-gold","17":"first","18":"instock","19":"taxable","20":"shipping-taxable","21":"purchasable","22":"product-type-variable"},"acf":[],"jetpack_sharing_enabled":true,"_links":{"self":[{"href":"https:\/\/lumierediamonds.eu\/fr\/wp-json\/wp\/v2\/product\/6438","targetHints":{"allow":["GET"]}}],"collection":[{"href":"https:\/\/lumierediamonds.eu\/fr\/wp-json\/wp\/v2\/product"}],"about":[{"href":"https:\/\/lumierediamonds.eu\/fr\/wp-json\/wp\/v2\/types\/product"}],"version-history":[{"count":6,"href":"https:\/\/lumierediamonds.eu\/fr\/wp-json\/wp\/v2\/product\/6438\/revisions"}],"predecessor-version":[{"id":9983,"href":"https:\/\/lumierediamonds.eu\/fr\/wp-json\/wp\/v2\/product\/6438\/revisions\/9983"}],"wp:featuredmedia":[{"embeddable":true,"href":"https:\/\/lumierediamonds.eu\/fr\/wp-json\/wp\/v2\/media\/6461"}],"wp:attachment":[{"href":"https:\/\/lumierediamonds.eu\/fr\/wp-json\/wp\/v2\/media?parent=6438"}],"wp:term":[{"taxonomy":"product_brand","embeddable":true,"href":"https:\/\/lumierediamonds.eu\/fr\/wp-json\/wp\/v2\/product_brand?post=6438"},{"taxonomy":"product_cat","embeddable":true,"href":"https:\/\/lumierediamonds.eu\/fr\/wp-json\/wp\/v2\/product_cat?post=6438"},{"taxonomy":"product_tag","embeddable":true,"href":"https:\/\/lumierediamonds.eu\/fr\/wp-json\/wp\/v2\/product_tag?post=6438"}],"curies":[{"name":"wp","href":"https:\/\/api.w.org\/{rel}","templated":true}]}}