{"id":6555,"date":"2024-12-03T12:13:32","date_gmt":"2024-12-03T11:13:32","guid":{"rendered":"https:\/\/lumierediamonds.eu\/?post_type=product&#038;p=6555"},"modified":"2025-10-24T13:47:25","modified_gmt":"2025-10-24T11:47:25","slug":"boucles-doreilles-pendantes-en-diamant","status":"publish","type":"product","link":"https:\/\/lumierediamonds.eu\/fr\/product\/boucles-doreilles-pendantes-en-diamant\/","title":{"rendered":"Boucles d'oreilles pendantes Porta Diamond"},"content":{"rendered":"<p data-start=\"121\" data-end=\"423\">Lignes modernes. \u00c9clat audacieux.<\/p>\n<p data-start=\"121\" data-end=\"423\">Le <strong data-start=\"159\" data-end=\"192\">Boucles d'oreilles pendantes Porta Diamond<\/strong> Affirmez votre personnalit\u00e9 avec ces maillons rectangulaires entrelac\u00e9s, sertis pav\u00e9 de 2 carats de diamants synth\u00e9tiques. R\u00e9alis\u00e9s en or jaune ou blanc 18 carats, leur g\u00e9om\u00e9trie \u00e9pur\u00e9e allie structure et \u00e9clat avec une aisance naturelle.<\/p>\n<p data-start=\"425\" data-end=\"540\">Con\u00e7ues pour rehausser les tenues de tous les jours comme les tenues de soir\u00e9e, elles offrent un glamour raffin\u00e9 avec une touche architecturale.<\/p>","protected":false},"excerpt":{"rendered":"<p data-start=\"121\" data-end=\"423\">Lignes modernes. \u00c9clat audacieux.<\/p>\n<p data-start=\"121\" data-end=\"423\">Le <strong data-start=\"159\" data-end=\"192\">Boucles d'oreilles pendantes Porta Diamond<\/strong> Affirmez votre personnalit\u00e9 avec ces maillons rectangulaires entrelac\u00e9s, sertis pav\u00e9 de 2 carats de diamants synth\u00e9tiques. R\u00e9alis\u00e9s en or jaune ou blanc 18 carats, leur g\u00e9om\u00e9trie \u00e9pur\u00e9e allie structure et \u00e9clat avec une aisance naturelle.<\/p>\n<p data-start=\"425\" data-end=\"540\">Con\u00e7ues pour rehausser les tenues de tous les jours comme les tenues de soir\u00e9e, elles offrent un glamour raffin\u00e9 avec une touche architecturale.<\/p>","protected":false},"featured_media":6558,"template":"","meta":{"_acf_changed":false},"product_brand":[],"product_cat":[761,54],"product_tag":[222,223,201,202,184,185],"class_list":{"0":"post-6555","1":"product","2":"type-product","3":"status-publish","4":"has-post-thumbnail","6":"product_cat-drop-earrings","7":"product_cat-earrings","8":"product_tag-dangle-earrings","9":"product_tag-dangles","10":"product_tag-diamond-earrings","11":"product_tag-earrings","12":"product_tag-lab-grown-diamond","13":"product_tag-vvs1","14":"pa_metal-white-gold","15":"pa_metal-yellow-gold","17":"first","18":"instock","19":"taxable","20":"shipping-taxable","21":"purchasable","22":"product-type-variable","23":"has-default-attributes"},"acf":[],"jetpack_sharing_enabled":true,"_links":{"self":[{"href":"https:\/\/lumierediamonds.eu\/fr\/wp-json\/wp\/v2\/product\/6555","targetHints":{"allow":["GET"]}}],"collection":[{"href":"https:\/\/lumierediamonds.eu\/fr\/wp-json\/wp\/v2\/product"}],"about":[{"href":"https:\/\/lumierediamonds.eu\/fr\/wp-json\/wp\/v2\/types\/product"}],"version-history":[{"count":8,"href":"https:\/\/lumierediamonds.eu\/fr\/wp-json\/wp\/v2\/product\/6555\/revisions"}],"predecessor-version":[{"id":11493,"href":"https:\/\/lumierediamonds.eu\/fr\/wp-json\/wp\/v2\/product\/6555\/revisions\/11493"}],"wp:featuredmedia":[{"embeddable":true,"href":"https:\/\/lumierediamonds.eu\/fr\/wp-json\/wp\/v2\/media\/6558"}],"wp:attachment":[{"href":"https:\/\/lumierediamonds.eu\/fr\/wp-json\/wp\/v2\/media?parent=6555"}],"wp:term":[{"taxonomy":"product_brand","embeddable":true,"href":"https:\/\/lumierediamonds.eu\/fr\/wp-json\/wp\/v2\/product_brand?post=6555"},{"taxonomy":"product_cat","embeddable":true,"href":"https:\/\/lumierediamonds.eu\/fr\/wp-json\/wp\/v2\/product_cat?post=6555"},{"taxonomy":"product_tag","embeddable":true,"href":"https:\/\/lumierediamonds.eu\/fr\/wp-json\/wp\/v2\/product_tag?post=6555"}],"curies":[{"name":"wp","href":"https:\/\/api.w.org\/{rel}","templated":true}]}}