{"id":6579,"date":"2024-12-03T12:54:50","date_gmt":"2024-12-03T11:54:50","guid":{"rendered":"https:\/\/lumierediamonds.eu\/?post_type=product&#038;p=6579"},"modified":"2025-10-24T13:03:46","modified_gmt":"2025-10-24T11:03:46","slug":"boucles-doreilles-pavees-de-diamants-opera","status":"publish","type":"product","link":"https:\/\/lumierediamonds.eu\/fr\/product\/boucles-doreilles-pavees-de-diamants-opera\/","title":{"rendered":"Boucles d'oreilles Opera Diamond Pav\u00e9"},"content":{"rendered":"<p data-start=\"178\" data-end=\"307\">Audacieux mais gracieux, le <strong>Boucles d'oreilles Opera<\/strong> sont con\u00e7ues pour se d\u00e9marquer, id\u00e9ales pour les occasions habill\u00e9es ou pour ajouter une touche d'\u00e9l\u00e9gance \u00e0 votre quotidien.<\/p>\n<p data-start=\"309\" data-end=\"488\">Deux maillons ovales, l'un en or jaune 18 carats \u00e9l\u00e9gant, l'autre serti pav\u00e9 de 1,25 carat de diamants synth\u00e9tiques, cr\u00e9ent une silhouette sculpturale qui capte la lumi\u00e8re \u00e0 chaque mouvement.<\/p>\n<p data-start=\"490\" data-end=\"537\">Une sophistication naturelle, avec une touche de modernit\u00e9.<\/p>","protected":false},"excerpt":{"rendered":"<p data-start=\"178\" data-end=\"307\">Audacieux mais gracieux, le <strong>Boucles d'oreilles Opera<\/strong> sont con\u00e7ues pour se d\u00e9marquer, id\u00e9ales pour les occasions habill\u00e9es ou pour ajouter une touche d'\u00e9l\u00e9gance \u00e0 votre quotidien.<\/p>\n<p data-start=\"309\" data-end=\"488\">Deux maillons ovales, l'un en or jaune 18 carats \u00e9l\u00e9gant, l'autre serti pav\u00e9 de 1,25 carat de diamants synth\u00e9tiques, cr\u00e9ent une silhouette sculpturale qui capte la lumi\u00e8re \u00e0 chaque mouvement.<\/p>\n<p data-start=\"490\" data-end=\"537\">Une sophistication naturelle, avec une touche de modernit\u00e9.<\/p>","protected":false},"featured_media":6582,"template":"","meta":{"_acf_changed":false},"product_brand":[],"product_cat":[761,54],"product_tag":[222,201,228,202,184,229,185],"class_list":{"0":"post-6579","1":"product","2":"type-product","3":"status-publish","4":"has-post-thumbnail","6":"product_cat-drop-earrings","7":"product_cat-earrings","8":"product_tag-dangle-earrings","9":"product_tag-diamond-earrings","10":"product_tag-drop-earrings","11":"product_tag-earrings","12":"product_tag-lab-grown-diamond","13":"product_tag-pave-earrings","14":"product_tag-vvs1","15":"pa_metal-yellow-gold","17":"first","18":"instock","19":"taxable","20":"shipping-taxable","21":"purchasable","22":"product-type-simple"},"acf":[],"jetpack_sharing_enabled":true,"_links":{"self":[{"href":"https:\/\/lumierediamonds.eu\/fr\/wp-json\/wp\/v2\/product\/6579","targetHints":{"allow":["GET"]}}],"collection":[{"href":"https:\/\/lumierediamonds.eu\/fr\/wp-json\/wp\/v2\/product"}],"about":[{"href":"https:\/\/lumierediamonds.eu\/fr\/wp-json\/wp\/v2\/types\/product"}],"version-history":[{"count":6,"href":"https:\/\/lumierediamonds.eu\/fr\/wp-json\/wp\/v2\/product\/6579\/revisions"}],"predecessor-version":[{"id":11490,"href":"https:\/\/lumierediamonds.eu\/fr\/wp-json\/wp\/v2\/product\/6579\/revisions\/11490"}],"wp:featuredmedia":[{"embeddable":true,"href":"https:\/\/lumierediamonds.eu\/fr\/wp-json\/wp\/v2\/media\/6582"}],"wp:attachment":[{"href":"https:\/\/lumierediamonds.eu\/fr\/wp-json\/wp\/v2\/media?parent=6579"}],"wp:term":[{"taxonomy":"product_brand","embeddable":true,"href":"https:\/\/lumierediamonds.eu\/fr\/wp-json\/wp\/v2\/product_brand?post=6579"},{"taxonomy":"product_cat","embeddable":true,"href":"https:\/\/lumierediamonds.eu\/fr\/wp-json\/wp\/v2\/product_cat?post=6579"},{"taxonomy":"product_tag","embeddable":true,"href":"https:\/\/lumierediamonds.eu\/fr\/wp-json\/wp\/v2\/product_tag?post=6579"}],"curies":[{"name":"wp","href":"https:\/\/api.w.org\/{rel}","templated":true}]}}