{"id":6593,"date":"2024-12-03T13:17:14","date_gmt":"2024-12-03T12:17:14","guid":{"rendered":"https:\/\/lumierediamonds.eu\/?post_type=product&#038;p=6593"},"modified":"2025-12-10T14:13:37","modified_gmt":"2025-12-10T13:13:37","slug":"bracelet-serena-mini-paperclip-en-or","status":"publish","type":"product","link":"https:\/\/lumierediamonds.eu\/fr\/product\/bracelet-serena-mini-paperclip-en-or\/","title":{"rendered":"Bracelet Serena Mini Paperclip Or"},"content":{"rendered":"<p class=\"p2\">Minimaliste mais raffin\u00e9, le <strong>Bracelet Serena Mini Paperclip<\/strong> Compos\u00e9 de maillons polis de 4 mm en or jaune ou blanc 18 carats, il offre une silhouette \u00e9pur\u00e9e et moderne avec un \u00e9clat m\u00e9tallique doux.<\/p>\n<p class=\"p2\">Con\u00e7u avec un profil plus l\u00e9ger et une longueur de 19 cm, il est parfait pour un usage quotidien, qu'il soit port\u00e9 seul pour un \u00e9clat subtil ou superpos\u00e9 pour ajouter de la texture et du contraste. Un indispensable raffin\u00e9 qui allie simplicit\u00e9 et touche d'originalit\u00e9.<\/p>","protected":false},"excerpt":{"rendered":"<p class=\"p2\">Minimaliste mais raffin\u00e9, le <strong>Bracelet Serena Mini Paperclip<\/strong> Compos\u00e9 de maillons polis de 4 mm en or jaune ou blanc 18 carats, il offre une silhouette \u00e9pur\u00e9e et moderne avec un \u00e9clat m\u00e9tallique doux.<\/p>\n<p class=\"p2\">Con\u00e7u avec un profil plus l\u00e9ger et une longueur de 19 cm, il est parfait pour un usage quotidien, qu'il soit port\u00e9 seul pour un \u00e9clat subtil ou superpos\u00e9 pour ajouter de la texture et du contraste. Un indispensable raffin\u00e9 qui allie simplicit\u00e9 et touche d'originalit\u00e9.<\/p>","protected":false},"featured_media":6602,"template":"","meta":{"_acf_changed":false},"product_brand":[],"product_cat":[55,852,752,1379],"product_tag":[231,233,232,234,235],"class_list":{"0":"post-6593","1":"product","2":"type-product","3":"status-publish","4":"has-post-thumbnail","6":"product_cat-bracelets","7":"product_cat-chain-bracelets","8":"product_cat-gold-essentials","9":"product_cat-paperclip-bracelets","10":"product_tag-bracelet","11":"product_tag-chain-bracelet","12":"product_tag-gold-bracelet","13":"product_tag-gold-chain-bracelet","14":"product_tag-paperclip-bracelet","15":"pa_metal-white-gold","16":"pa_metal-yellow-gold","18":"first","19":"instock","20":"featured","21":"taxable","22":"shipping-taxable","23":"purchasable","24":"product-type-variable"},"acf":[],"jetpack_sharing_enabled":true,"_links":{"self":[{"href":"https:\/\/lumierediamonds.eu\/fr\/wp-json\/wp\/v2\/product\/6593","targetHints":{"allow":["GET"]}}],"collection":[{"href":"https:\/\/lumierediamonds.eu\/fr\/wp-json\/wp\/v2\/product"}],"about":[{"href":"https:\/\/lumierediamonds.eu\/fr\/wp-json\/wp\/v2\/types\/product"}],"version-history":[{"count":8,"href":"https:\/\/lumierediamonds.eu\/fr\/wp-json\/wp\/v2\/product\/6593\/revisions"}],"predecessor-version":[{"id":11527,"href":"https:\/\/lumierediamonds.eu\/fr\/wp-json\/wp\/v2\/product\/6593\/revisions\/11527"}],"wp:featuredmedia":[{"embeddable":true,"href":"https:\/\/lumierediamonds.eu\/fr\/wp-json\/wp\/v2\/media\/6602"}],"wp:attachment":[{"href":"https:\/\/lumierediamonds.eu\/fr\/wp-json\/wp\/v2\/media?parent=6593"}],"wp:term":[{"taxonomy":"product_brand","embeddable":true,"href":"https:\/\/lumierediamonds.eu\/fr\/wp-json\/wp\/v2\/product_brand?post=6593"},{"taxonomy":"product_cat","embeddable":true,"href":"https:\/\/lumierediamonds.eu\/fr\/wp-json\/wp\/v2\/product_cat?post=6593"},{"taxonomy":"product_tag","embeddable":true,"href":"https:\/\/lumierediamonds.eu\/fr\/wp-json\/wp\/v2\/product_tag?post=6593"}],"curies":[{"name":"wp","href":"https:\/\/api.w.org\/{rel}","templated":true}]}}