{"id":6605,"date":"2024-12-03T13:24:19","date_gmt":"2024-12-03T12:24:19","guid":{"rendered":"https:\/\/lumierediamonds.eu\/?post_type=product&#038;p=6605"},"modified":"2025-12-10T14:13:17","modified_gmt":"2025-12-10T13:13:17","slug":"bracelet-serena-paperclip-en-or","status":"publish","type":"product","link":"https:\/\/lumierediamonds.eu\/fr\/product\/bracelet-serena-paperclip-en-or\/","title":{"rendered":"Bracelet Serena Paperclip Gold"},"content":{"rendered":"<p class=\"p1\">Facile \u00e0 utiliser et polyvalent, le <strong>Bracelet Serena Paperclip<\/strong> offre une silhouette \u00e9pur\u00e9e et moderne au charme intemporel. R\u00e9alis\u00e9 en or jaune 18 carats poli, ses maillons allong\u00e9s de 5,3 mm refl\u00e8tent la lumi\u00e8re avec un mouvement subtil, cr\u00e9ant une ligne \u00e9l\u00e9gante autour du poignet.<\/p>\n<p class=\"p1\">Port\u00e9 seul, il apporte une touche d'\u00e9l\u00e9gance d\u00e9contract\u00e9e aux tenues de tous les jours. Associ\u00e9 \u00e0 des diamants ou \u00e0 des textures audacieuses, il rehausse facilement votre look, faisant de Serena l'\u00e9quilibre parfait entre simplicit\u00e9 et originalit\u00e9.<\/p>","protected":false},"excerpt":{"rendered":"<p class=\"p1\">Facile \u00e0 utiliser et polyvalent, le <strong>Bracelet Serena Paperclip<\/strong> offre une silhouette \u00e9pur\u00e9e et moderne au charme intemporel. R\u00e9alis\u00e9 en or jaune 18 carats poli, ses maillons allong\u00e9s de 5,3 mm refl\u00e8tent la lumi\u00e8re avec un mouvement subtil, cr\u00e9ant une ligne \u00e9l\u00e9gante autour du poignet.<\/p>\n<p class=\"p1\">Port\u00e9 seul, il apporte une touche d'\u00e9l\u00e9gance d\u00e9contract\u00e9e aux tenues de tous les jours. Associ\u00e9 \u00e0 des diamants ou \u00e0 des textures audacieuses, il rehausse facilement votre look, faisant de Serena l'\u00e9quilibre parfait entre simplicit\u00e9 et originalit\u00e9.<\/p>","protected":false},"featured_media":6612,"template":"","meta":{"_acf_changed":false},"product_brand":[],"product_cat":[55,852,752,1379],"product_tag":[231,233,232,234,235],"class_list":{"0":"post-6605","1":"product","2":"type-product","3":"status-publish","4":"has-post-thumbnail","6":"product_cat-bracelets","7":"product_cat-chain-bracelets","8":"product_cat-gold-essentials","9":"product_cat-paperclip-bracelets","10":"product_tag-bracelet","11":"product_tag-chain-bracelet","12":"product_tag-gold-bracelet","13":"product_tag-gold-chain-bracelet","14":"product_tag-paperclip-bracelet","15":"pa_metal-yellow-gold","17":"first","18":"instock","19":"taxable","20":"shipping-taxable","21":"purchasable","22":"product-type-simple"},"acf":[],"jetpack_sharing_enabled":true,"_links":{"self":[{"href":"https:\/\/lumierediamonds.eu\/fr\/wp-json\/wp\/v2\/product\/6605","targetHints":{"allow":["GET"]}}],"collection":[{"href":"https:\/\/lumierediamonds.eu\/fr\/wp-json\/wp\/v2\/product"}],"about":[{"href":"https:\/\/lumierediamonds.eu\/fr\/wp-json\/wp\/v2\/types\/product"}],"version-history":[{"count":7,"href":"https:\/\/lumierediamonds.eu\/fr\/wp-json\/wp\/v2\/product\/6605\/revisions"}],"predecessor-version":[{"id":11526,"href":"https:\/\/lumierediamonds.eu\/fr\/wp-json\/wp\/v2\/product\/6605\/revisions\/11526"}],"wp:featuredmedia":[{"embeddable":true,"href":"https:\/\/lumierediamonds.eu\/fr\/wp-json\/wp\/v2\/media\/6612"}],"wp:attachment":[{"href":"https:\/\/lumierediamonds.eu\/fr\/wp-json\/wp\/v2\/media?parent=6605"}],"wp:term":[{"taxonomy":"product_brand","embeddable":true,"href":"https:\/\/lumierediamonds.eu\/fr\/wp-json\/wp\/v2\/product_brand?post=6605"},{"taxonomy":"product_cat","embeddable":true,"href":"https:\/\/lumierediamonds.eu\/fr\/wp-json\/wp\/v2\/product_cat?post=6605"},{"taxonomy":"product_tag","embeddable":true,"href":"https:\/\/lumierediamonds.eu\/fr\/wp-json\/wp\/v2\/product_tag?post=6605"}],"curies":[{"name":"wp","href":"https:\/\/api.w.org\/{rel}","templated":true}]}}