{"id":6614,"date":"2024-12-03T18:23:22","date_gmt":"2024-12-03T17:23:22","guid":{"rendered":"https:\/\/lumierediamonds.eu\/?post_type=product&#038;p=6614"},"modified":"2025-10-26T13:00:33","modified_gmt":"2025-10-26T12:00:33","slug":"bracelet-illume-paperclip-en-or-et-diamants","status":"publish","type":"product","link":"https:\/\/lumierediamonds.eu\/fr\/product\/bracelet-illume-paperclip-en-or-et-diamants\/","title":{"rendered":"Bracelet Illume Paperclip en or et diamants"},"content":{"rendered":"<p class=\"p2\">Un classique moderne revisit\u00e9, le <strong>Bracelet Illume Paperclip<\/strong> allie les lignes \u00e9pur\u00e9es d'une cha\u00eene en or \u00e0 l'\u00e9clat des diamants. R\u00e9alis\u00e9e en or jaune 18 carats, elle se compose de maillons \u00e9l\u00e9gants en forme de trombone, certains polis, d'autres sertis de diamants synth\u00e9tiques pour apporter juste ce qu'il faut d'\u00e9clat.<\/p>\n<p class=\"p2\">Ce bracelet apporte une touche d'\u00e9clat sans \u00eatre trop voyant, ce qui le rend parfait lorsque vous h\u00e9sitez entre un or discret et un \u00e9clat affirm\u00e9. L\u00e9ger et fluide, il s'adapte confortablement au poignet et s'accorde aussi bien avec une tenue d\u00e9contract\u00e9e pour la journ\u00e9e qu'avec une tenue raffin\u00e9e pour la soir\u00e9e.<\/p>\n<p class=\"p2\">Un indispensable raffin\u00e9 et polyvalent au quotidien.<\/p>","protected":false},"excerpt":{"rendered":"<p class=\"p2\">Un classique moderne revisit\u00e9, le <strong>Bracelet Illume Paperclip<\/strong> allie les lignes \u00e9pur\u00e9es d'une cha\u00eene en or \u00e0 l'\u00e9clat des diamants. R\u00e9alis\u00e9e en or jaune 18 carats, elle se compose de maillons \u00e9l\u00e9gants en forme de trombone, certains polis, d'autres sertis de diamants synth\u00e9tiques pour apporter juste ce qu'il faut d'\u00e9clat.<\/p>\n<p class=\"p2\">Ce bracelet apporte une touche d'\u00e9clat sans \u00eatre trop voyant, ce qui le rend parfait lorsque vous h\u00e9sitez entre un or discret et un \u00e9clat affirm\u00e9. L\u00e9ger et fluide, il s'adapte confortablement au poignet et s'accorde aussi bien avec une tenue d\u00e9contract\u00e9e pour la journ\u00e9e qu'avec une tenue raffin\u00e9e pour la soir\u00e9e.<\/p>\n<p class=\"p2\">Un indispensable raffin\u00e9 et polyvalent au quotidien.<\/p>","protected":false},"featured_media":6615,"template":"","meta":{"_acf_changed":false},"product_brand":[],"product_cat":[55,852],"product_tag":[231,233,237,239,232,234,240,235,187,238],"class_list":{"0":"post-6614","1":"product","2":"type-product","3":"status-publish","4":"has-post-thumbnail","6":"product_cat-bracelets","7":"product_cat-chain-bracelets","8":"product_tag-bracelet","9":"product_tag-chain-bracelet","10":"product_tag-diamond-bracelet","11":"product_tag-diamond-pave-bracelet","12":"product_tag-gold-bracelet","13":"product_tag-gold-chain-bracelet","14":"product_tag-gold-pave-bracelet","15":"product_tag-paperclip-bracelet","16":"product_tag-pave","17":"product_tag-pave-bracelet","18":"pa_metal-yellow-gold","20":"first","21":"instock","22":"taxable","23":"shipping-taxable","24":"purchasable","25":"product-type-simple"},"acf":[],"jetpack_sharing_enabled":true,"_links":{"self":[{"href":"https:\/\/lumierediamonds.eu\/fr\/wp-json\/wp\/v2\/product\/6614","targetHints":{"allow":["GET"]}}],"collection":[{"href":"https:\/\/lumierediamonds.eu\/fr\/wp-json\/wp\/v2\/product"}],"about":[{"href":"https:\/\/lumierediamonds.eu\/fr\/wp-json\/wp\/v2\/types\/product"}],"version-history":[{"count":5,"href":"https:\/\/lumierediamonds.eu\/fr\/wp-json\/wp\/v2\/product\/6614\/revisions"}],"predecessor-version":[{"id":11513,"href":"https:\/\/lumierediamonds.eu\/fr\/wp-json\/wp\/v2\/product\/6614\/revisions\/11513"}],"wp:featuredmedia":[{"embeddable":true,"href":"https:\/\/lumierediamonds.eu\/fr\/wp-json\/wp\/v2\/media\/6615"}],"wp:attachment":[{"href":"https:\/\/lumierediamonds.eu\/fr\/wp-json\/wp\/v2\/media?parent=6614"}],"wp:term":[{"taxonomy":"product_brand","embeddable":true,"href":"https:\/\/lumierediamonds.eu\/fr\/wp-json\/wp\/v2\/product_brand?post=6614"},{"taxonomy":"product_cat","embeddable":true,"href":"https:\/\/lumierediamonds.eu\/fr\/wp-json\/wp\/v2\/product_cat?post=6614"},{"taxonomy":"product_tag","embeddable":true,"href":"https:\/\/lumierediamonds.eu\/fr\/wp-json\/wp\/v2\/product_tag?post=6614"}],"curies":[{"name":"wp","href":"https:\/\/api.w.org\/{rel}","templated":true}]}}