{"id":6621,"date":"2024-12-03T18:49:53","date_gmt":"2024-12-03T17:49:53","guid":{"rendered":"https:\/\/lumierediamonds.eu\/?post_type=product&#038;p=6621"},"modified":"2025-12-10T14:07:48","modified_gmt":"2025-12-10T13:07:48","slug":"bracelet-tennis-en-or-et-diamants-celestia","status":"publish","type":"product","link":"https:\/\/lumierediamonds.eu\/fr\/product\/bracelet-tennis-en-or-et-diamants-celestia\/","title":{"rendered":"Bracelet tennis Celestia en or et diamants"},"content":{"rendered":"<p class=\"p1\">Une brillance inoubliable, captur\u00e9e dans une forme classique.<b><\/b><\/p>\n<p class=\"p3\">Le<strong> Bracelet tennis Celestia Diamond<\/strong> rayonne gr\u00e2ce \u00e0 ses 10 carats de diamants synth\u00e9tiques sertis \u00e0 la main, chacun s\u00e9lectionn\u00e9 pour son \u00e9clat et sa sym\u00e9trie optimaux. Sertis dans un \u00e9clatant or blanc 18 carats, les pierres forment une rang\u00e9e homog\u00e8ne de feu et de lumi\u00e8re qui s'enroule \u00e9l\u00e9gamment autour du poignet.<\/p>\n<p class=\"p3\">Dot\u00e9 d'un fermoir s\u00e9curis\u00e9 pour plus de facilit\u00e9 et de confort, Celestia est con\u00e7u pour briller lors des moments les plus m\u00e9morables de la vie, des soir\u00e9es importantes \u00e0 l'\u00e9l\u00e9gance quotidienne. Intemporel, rayonnant et superbement con\u00e7u, ce bracelet est un v\u00e9ritable luxe moderne.<\/p>","protected":false},"excerpt":{"rendered":"<p class=\"p1\">Une brillance inoubliable, captur\u00e9e dans une forme classique.<b><\/b><\/p>\n<p class=\"p3\">Le<strong> Bracelet tennis Celestia Diamond<\/strong> rayonne gr\u00e2ce \u00e0 ses 10 carats de diamants synth\u00e9tiques sertis \u00e0 la main, chacun s\u00e9lectionn\u00e9 pour son \u00e9clat et sa sym\u00e9trie optimaux. Sertis dans un \u00e9clatant or blanc 18 carats, les pierres forment une rang\u00e9e homog\u00e8ne de feu et de lumi\u00e8re qui s'enroule \u00e9l\u00e9gamment autour du poignet.<\/p>\n<p class=\"p3\">Dot\u00e9 d'un fermoir s\u00e9curis\u00e9 pour plus de facilit\u00e9 et de confort, Celestia est con\u00e7u pour briller lors des moments les plus m\u00e9morables de la vie, des soir\u00e9es importantes \u00e0 l'\u00e9l\u00e9gance quotidienne. Intemporel, rayonnant et superbement con\u00e7u, ce bracelet est un v\u00e9ritable luxe moderne.<\/p>","protected":false},"featured_media":6622,"template":"","meta":{"_acf_changed":false},"product_brand":[],"product_cat":[55,1336],"product_tag":[231,237,245,242,244,243],"class_list":{"0":"post-6621","1":"product","2":"type-product","3":"status-publish","4":"has-post-thumbnail","6":"product_cat-bracelets","7":"product_cat-tennis-bracelets","8":"product_tag-bracelet","9":"product_tag-diamond-bracelet","10":"product_tag-diamond-tennis-bracelet","11":"product_tag-gold-diamond-bracelet","12":"product_tag-gold-tennis-bracelet","13":"product_tag-tennis-bracelet","14":"pa_metal-white-gold","16":"first","17":"instock","18":"taxable","19":"shipping-taxable","20":"purchasable","21":"product-type-simple"},"acf":[],"jetpack_sharing_enabled":true,"_links":{"self":[{"href":"https:\/\/lumierediamonds.eu\/fr\/wp-json\/wp\/v2\/product\/6621","targetHints":{"allow":["GET"]}}],"collection":[{"href":"https:\/\/lumierediamonds.eu\/fr\/wp-json\/wp\/v2\/product"}],"about":[{"href":"https:\/\/lumierediamonds.eu\/fr\/wp-json\/wp\/v2\/types\/product"}],"version-history":[{"count":3,"href":"https:\/\/lumierediamonds.eu\/fr\/wp-json\/wp\/v2\/product\/6621\/revisions"}],"predecessor-version":[{"id":10137,"href":"https:\/\/lumierediamonds.eu\/fr\/wp-json\/wp\/v2\/product\/6621\/revisions\/10137"}],"wp:featuredmedia":[{"embeddable":true,"href":"https:\/\/lumierediamonds.eu\/fr\/wp-json\/wp\/v2\/media\/6622"}],"wp:attachment":[{"href":"https:\/\/lumierediamonds.eu\/fr\/wp-json\/wp\/v2\/media?parent=6621"}],"wp:term":[{"taxonomy":"product_brand","embeddable":true,"href":"https:\/\/lumierediamonds.eu\/fr\/wp-json\/wp\/v2\/product_brand?post=6621"},{"taxonomy":"product_cat","embeddable":true,"href":"https:\/\/lumierediamonds.eu\/fr\/wp-json\/wp\/v2\/product_cat?post=6621"},{"taxonomy":"product_tag","embeddable":true,"href":"https:\/\/lumierediamonds.eu\/fr\/wp-json\/wp\/v2\/product_tag?post=6621"}],"curies":[{"name":"wp","href":"https:\/\/api.w.org\/{rel}","templated":true}]}}