{"id":6841,"date":"2024-12-27T02:58:38","date_gmt":"2024-12-27T01:58:38","guid":{"rendered":"https:\/\/lumierediamonds.eu\/?post_type=product&#038;p=6841"},"modified":"2025-08-18T16:06:47","modified_gmt":"2025-08-18T14:06:47","slug":"petite-bague-demi-eternite-en-diamants","status":"publish","type":"product","link":"https:\/\/lumierediamonds.eu\/fr\/product\/petite-bague-demi-eternite-en-diamants\/","title":{"rendered":"Petite bague demi-tour \u00e9ternit\u00e9 sertie de diamants"},"content":{"rendered":"<p class=\"p1\">Gracieuse et rayonnante, la <strong>Petite bague demi-tour \u00e9ternit\u00e9 sertie de diamants<\/strong> est un symbole d'amour \u00e9ternel dans une forme d\u00e9licate. Compos\u00e9 de diamants ronds brillants synth\u00e9tiques de 0,50 carat, chaque pierre est soigneusement sertie dans un design \u00e0 griffes partag\u00e9es afin de maximiser l'\u00e9clat et l'\u00e9l\u00e9gance.<\/p>\n<p class=\"p1\">Fabriqu\u00e9e en or jaune, blanc ou rose 18 carats, cette bague raffin\u00e9e peut \u00eatre port\u00e9e seule, associ\u00e9e \u00e0 d'autres bagues, ou comme alliance ou bague d'anniversaire. Sa silhouette fine en demi-\u00e9ternit\u00e9 ajoute juste ce qu'il faut d'\u00e9clat, ce qui en fait un bijou significatif pour les romantiques modernes.<\/p>","protected":false},"excerpt":{"rendered":"<p class=\"p1\">Gracieuse et rayonnante, la <strong>Petite bague demi-tour \u00e9ternit\u00e9 sertie de diamants<\/strong> est un symbole d'amour \u00e9ternel dans une forme d\u00e9licate. Compos\u00e9 de diamants ronds brillants synth\u00e9tiques de 0,50 carat, chaque pierre est soigneusement sertie dans un design \u00e0 griffes partag\u00e9es afin de maximiser l'\u00e9clat et l'\u00e9l\u00e9gance.<\/p>\n<p class=\"p1\">Fabriqu\u00e9e en or jaune, blanc ou rose 18 carats, cette bague raffin\u00e9e peut \u00eatre port\u00e9e seule, associ\u00e9e \u00e0 d'autres bagues, ou comme alliance ou bague d'anniversaire. Sa silhouette fine en demi-\u00e9ternit\u00e9 ajoute juste ce qu'il faut d'\u00e9clat, ce qui en fait un bijou significatif pour les romantiques modernes.<\/p>","protected":false},"featured_media":6843,"template":"","meta":{"_acf_changed":false},"product_brand":[],"product_cat":[251,52,57],"product_tag":[292,293,252,384,275,276],"class_list":{"0":"post-6841","1":"product","2":"type-product","3":"status-publish","4":"has-post-thumbnail","6":"product_cat-eternity-bands","7":"product_cat-rings","8":"product_cat-wedding-bands","9":"product_tag-diamond-wedding-band","10":"product_tag-diamond-wedding-ring","11":"product_tag-eternity-ring","12":"product_tag-gold-wedding-band","13":"product_tag-wedding-band","14":"product_tag-wedding-ring","15":"pa_metal-white-gold","17":"first","18":"instock","19":"taxable","20":"shipping-taxable","21":"purchasable","22":"product-type-variable"},"acf":[],"jetpack_sharing_enabled":true,"_links":{"self":[{"href":"https:\/\/lumierediamonds.eu\/fr\/wp-json\/wp\/v2\/product\/6841","targetHints":{"allow":["GET"]}}],"collection":[{"href":"https:\/\/lumierediamonds.eu\/fr\/wp-json\/wp\/v2\/product"}],"about":[{"href":"https:\/\/lumierediamonds.eu\/fr\/wp-json\/wp\/v2\/types\/product"}],"version-history":[{"count":4,"href":"https:\/\/lumierediamonds.eu\/fr\/wp-json\/wp\/v2\/product\/6841\/revisions"}],"predecessor-version":[{"id":10238,"href":"https:\/\/lumierediamonds.eu\/fr\/wp-json\/wp\/v2\/product\/6841\/revisions\/10238"}],"wp:featuredmedia":[{"embeddable":true,"href":"https:\/\/lumierediamonds.eu\/fr\/wp-json\/wp\/v2\/media\/6843"}],"wp:attachment":[{"href":"https:\/\/lumierediamonds.eu\/fr\/wp-json\/wp\/v2\/media?parent=6841"}],"wp:term":[{"taxonomy":"product_brand","embeddable":true,"href":"https:\/\/lumierediamonds.eu\/fr\/wp-json\/wp\/v2\/product_brand?post=6841"},{"taxonomy":"product_cat","embeddable":true,"href":"https:\/\/lumierediamonds.eu\/fr\/wp-json\/wp\/v2\/product_cat?post=6841"},{"taxonomy":"product_tag","embeddable":true,"href":"https:\/\/lumierediamonds.eu\/fr\/wp-json\/wp\/v2\/product_tag?post=6841"}],"curies":[{"name":"wp","href":"https:\/\/api.w.org\/{rel}","templated":true}]}}