{"id":7473,"date":"2025-01-02T22:17:07","date_gmt":"2025-01-02T21:17:07","guid":{"rendered":"https:\/\/lumierediamonds.eu\/?post_type=product&#038;p=7473"},"modified":"2025-12-12T17:37:43","modified_gmt":"2025-12-12T16:37:43","slug":"bague-eternite-eclatante","status":"publish","type":"product","link":"https:\/\/lumierediamonds.eu\/fr\/product\/bague-eternite-eclatante\/","title":{"rendered":"Bague Radiance Eternity"},"content":{"rendered":"<p class=\"p1\">Intemporel et lumineux, le <span class=\"s1\"><b>Bague Radiance Eternity<\/b><\/span> incarne l'\u00e9l\u00e9gance sans fin. Un cercle complet de diamants synth\u00e9tiques est serti dans un raffin\u00e9 chaton bomb\u00e9, cr\u00e9ant un \u00e9clat harmonieux sous tous les angles.<\/p>\n<p class=\"p1\">Disponible en or jaune, blanc ou rose 18 carats et personnalisable en versions 2 carats, 3 carats, 4 carats ou 5 carats, chaque bague est m\u00e9ticuleusement con\u00e7ue pour garantir un \u00e9clat durable. Con\u00e7ue comme un symbole d'\u00e9ternit\u00e9, elle constitue une alliance radieuse, un cadeau d'anniversaire ou une d\u00e9claration significative d'amour \u00e9ternel.<\/p>","protected":false},"excerpt":{"rendered":"<p class=\"p1\">Intemporel et lumineux, le <span class=\"s1\"><b>Bague Radiance Eternity<\/b><\/span> incarne l'\u00e9l\u00e9gance sans fin. Un cercle complet de diamants synth\u00e9tiques est serti dans un raffin\u00e9 chaton bomb\u00e9, cr\u00e9ant un \u00e9clat harmonieux sous tous les angles.<\/p>\n<p class=\"p1\">Disponible en or jaune, blanc ou rose 18 carats et personnalisable en versions 2 carats, 3 carats, 4 carats ou 5 carats, chaque bague est m\u00e9ticuleusement con\u00e7ue pour garantir un \u00e9clat durable. Con\u00e7ue comme un symbole d'\u00e9ternit\u00e9, elle constitue une alliance radieuse, un cadeau d'anniversaire ou une d\u00e9claration significative d'amour \u00e9ternel.<\/p>","protected":false},"featured_media":7480,"template":"","meta":{"_acf_changed":false},"product_brand":[],"product_cat":[251,52,57],"product_tag":[292,293,291,252,289,290,288,275],"class_list":{"0":"post-7473","1":"product","2":"type-product","3":"status-publish","4":"has-post-thumbnail","6":"product_cat-eternity-bands","7":"product_cat-rings","8":"product_cat-wedding-bands","9":"product_tag-diamond-wedding-band","10":"product_tag-diamond-wedding-ring","11":"product_tag-eternity-band","12":"product_tag-eternity-ring","13":"product_tag-full-diamond-eternity-band","14":"product_tag-full-diamond-eternity-ring","15":"product_tag-full-diamond-wedding-band","16":"product_tag-wedding-band","17":"pa_metal-rose-gold","18":"pa_metal-white-gold","19":"pa_metal-yellow-gold","21":"first","22":"instock","23":"taxable","24":"shipping-taxable","25":"purchasable","26":"product-type-variable"},"acf":[],"jetpack_sharing_enabled":true,"_links":{"self":[{"href":"https:\/\/lumierediamonds.eu\/fr\/wp-json\/wp\/v2\/product\/7473","targetHints":{"allow":["GET"]}}],"collection":[{"href":"https:\/\/lumierediamonds.eu\/fr\/wp-json\/wp\/v2\/product"}],"about":[{"href":"https:\/\/lumierediamonds.eu\/fr\/wp-json\/wp\/v2\/types\/product"}],"version-history":[{"count":4,"href":"https:\/\/lumierediamonds.eu\/fr\/wp-json\/wp\/v2\/product\/7473\/revisions"}],"predecessor-version":[{"id":14381,"href":"https:\/\/lumierediamonds.eu\/fr\/wp-json\/wp\/v2\/product\/7473\/revisions\/14381"}],"wp:featuredmedia":[{"embeddable":true,"href":"https:\/\/lumierediamonds.eu\/fr\/wp-json\/wp\/v2\/media\/7480"}],"wp:attachment":[{"href":"https:\/\/lumierediamonds.eu\/fr\/wp-json\/wp\/v2\/media?parent=7473"}],"wp:term":[{"taxonomy":"product_brand","embeddable":true,"href":"https:\/\/lumierediamonds.eu\/fr\/wp-json\/wp\/v2\/product_brand?post=7473"},{"taxonomy":"product_cat","embeddable":true,"href":"https:\/\/lumierediamonds.eu\/fr\/wp-json\/wp\/v2\/product_cat?post=7473"},{"taxonomy":"product_tag","embeddable":true,"href":"https:\/\/lumierediamonds.eu\/fr\/wp-json\/wp\/v2\/product_tag?post=7473"}],"curies":[{"name":"wp","href":"https:\/\/api.w.org\/{rel}","templated":true}]}}