{"id":7552,"date":"2025-01-03T02:13:10","date_gmt":"2025-01-03T01:13:10","guid":{"rendered":"https:\/\/lumierediamonds.eu\/?post_type=product&#038;p=7552"},"modified":"2025-11-20T18:38:38","modified_gmt":"2025-11-20T17:38:38","slug":"pendentif-diamant-lasai","status":"publish","type":"product","link":"https:\/\/lumierediamonds.eu\/fr\/product\/pendentif-diamant-lasai\/","title":{"rendered":"Pendentif Lasai Diamond"},"content":{"rendered":"<p class=\"p1\"><span class=\"s1\">\u00c9l\u00e9gant et significatif<\/span>, le <strong>Pendentif Lasai Diamond<\/strong> comprend deux cercles entrelac\u00e9s, l'un orn\u00e9 de diamants synth\u00e9tiques sertis pav\u00e9 de 0,25 carat ct., l'autre poli en or 18 carats \u00e9clatant. Le design cr\u00e9e un contraste gracieux entre brillance et simplicit\u00e9.<\/p>\n<p class=\"p1\">Suspendu \u00e0 une cha\u00eene d\u00e9licate, ce bijou discret et lumineux rehaussera votre style au quotidien. <span class=\"s1\">Lasai apporte une \u00e9l\u00e9gance moderne \u00e0 tous les looks : naturelle, distinctive et intemporelle.<b><\/b><\/span><\/p>","protected":false},"excerpt":{"rendered":"<p class=\"p1\"><span class=\"s1\">\u00c9l\u00e9gant et significatif<\/span>, le <strong>Pendentif Lasai Diamond<\/strong> comprend deux cercles entrelac\u00e9s, l'un orn\u00e9 de diamants synth\u00e9tiques sertis pav\u00e9 de 0,25 carat ct., l'autre poli en or 18 carats \u00e9clatant. Le design cr\u00e9e un contraste gracieux entre brillance et simplicit\u00e9.<\/p>\n<p class=\"p1\">Suspendu \u00e0 une cha\u00eene d\u00e9licate, ce bijou discret et lumineux rehaussera votre style au quotidien. <span class=\"s1\">Lasai apporte une \u00e9l\u00e9gance moderne \u00e0 tous les looks : naturelle, distinctive et intemporelle.<\/span><\/p>","protected":false},"featured_media":7557,"template":"","meta":{"_acf_changed":false},"product_brand":[],"product_cat":[53],"product_tag":[301,297,298,299,296,294,295,300],"class_list":{"0":"post-7552","1":"product","2":"type-product","3":"status-publish","4":"has-post-thumbnail","6":"product_cat-necklaces-pendants","7":"product_tag-circle-pendant","8":"product_tag-diamond-necklace","9":"product_tag-gold-diamond-necklace","10":"product_tag-gold-diamond-pendant","11":"product_tag-gold-necklace","12":"product_tag-necklace","13":"product_tag-pendant","14":"product_tag-round-pendant","15":"pa_metal-yellow-gold","17":"first","18":"instock","19":"featured","20":"taxable","21":"shipping-taxable","22":"purchasable","23":"product-type-simple"},"acf":[],"jetpack_sharing_enabled":true,"_links":{"self":[{"href":"https:\/\/lumierediamonds.eu\/fr\/wp-json\/wp\/v2\/product\/7552","targetHints":{"allow":["GET"]}}],"collection":[{"href":"https:\/\/lumierediamonds.eu\/fr\/wp-json\/wp\/v2\/product"}],"about":[{"href":"https:\/\/lumierediamonds.eu\/fr\/wp-json\/wp\/v2\/types\/product"}],"version-history":[{"count":5,"href":"https:\/\/lumierediamonds.eu\/fr\/wp-json\/wp\/v2\/product\/7552\/revisions"}],"predecessor-version":[{"id":11465,"href":"https:\/\/lumierediamonds.eu\/fr\/wp-json\/wp\/v2\/product\/7552\/revisions\/11465"}],"wp:featuredmedia":[{"embeddable":true,"href":"https:\/\/lumierediamonds.eu\/fr\/wp-json\/wp\/v2\/media\/7557"}],"wp:attachment":[{"href":"https:\/\/lumierediamonds.eu\/fr\/wp-json\/wp\/v2\/media?parent=7552"}],"wp:term":[{"taxonomy":"product_brand","embeddable":true,"href":"https:\/\/lumierediamonds.eu\/fr\/wp-json\/wp\/v2\/product_brand?post=7552"},{"taxonomy":"product_cat","embeddable":true,"href":"https:\/\/lumierediamonds.eu\/fr\/wp-json\/wp\/v2\/product_cat?post=7552"},{"taxonomy":"product_tag","embeddable":true,"href":"https:\/\/lumierediamonds.eu\/fr\/wp-json\/wp\/v2\/product_tag?post=7552"}],"curies":[{"name":"wp","href":"https:\/\/api.w.org\/{rel}","templated":true}]}}