{"id":7559,"date":"2025-01-03T02:37:03","date_gmt":"2025-01-03T01:37:03","guid":{"rendered":"https:\/\/lumierediamonds.eu\/?post_type=product&#038;p=7559"},"modified":"2025-11-20T18:38:39","modified_gmt":"2025-11-20T17:38:39","slug":"pendentif-rond-en-diamant-eterna","status":"publish","type":"product","link":"https:\/\/lumierediamonds.eu\/fr\/product\/pendentif-rond-en-diamant-eterna\/","title":{"rendered":"Pendentif rond en diamant Eterna"},"content":{"rendered":"<p class=\"p1\">Intemporel et indispensable, le <strong>Pendentif rond en diamant Eterna<\/strong> comporte un seul diamant rond brillant synth\u00e9tique dans une monture classique \u00e0 quatre griffes, con\u00e7ue pour mettre la pierre en valeur.<\/p>\n<p class=\"p1\">Suspendu \u00e0 une fine cha\u00eene en or 18 carats, disponible en or jaune ou blanc, il est propos\u00e9 dans des tailles allant de 0,3 \u00e0 3 carats. Port\u00e9 seul ou associ\u00e9 \u00e0 d'autres bijoux, il se distingue par son \u00e9l\u00e9gance et ajoute une touche sophistiqu\u00e9e \u00e0 vos tenues, pour une \u00e9l\u00e9gance naturelle au quotidien comme lors d'occasions sp\u00e9ciales.<\/p>","protected":false},"excerpt":{"rendered":"<p class=\"p1\">Intemporel et indispensable, le <strong>Pendentif rond en diamant Eterna<\/strong> comporte un seul diamant rond brillant synth\u00e9tique dans une monture classique \u00e0 quatre griffes, con\u00e7ue pour mettre la pierre en valeur.<\/p>\n<p class=\"p1\">Suspendu \u00e0 une fine cha\u00eene en or 18 carats, disponible en or jaune ou blanc, il est propos\u00e9 dans des tailles allant de 0,3 \u00e0 3 carats. Port\u00e9 seul ou associ\u00e9 \u00e0 d'autres bijoux, il se distingue par son \u00e9l\u00e9gance et ajoute une touche sophistiqu\u00e9e \u00e0 vos tenues, pour une \u00e9l\u00e9gance naturelle au quotidien comme lors d'occasions sp\u00e9ciales.<\/p>","protected":false},"featured_media":7591,"template":"","meta":{"_acf_changed":false},"product_brand":[],"product_cat":[552,53],"product_tag":[297,298,299,296,294,295,303,302],"class_list":{"0":"post-7559","1":"product","2":"type-product","3":"status-publish","4":"has-post-thumbnail","6":"product_cat-diamond-essentials","7":"product_cat-necklaces-pendants","8":"product_tag-diamond-necklace","9":"product_tag-gold-diamond-necklace","10":"product_tag-gold-diamond-pendant","11":"product_tag-gold-necklace","12":"product_tag-necklace","13":"product_tag-pendant","14":"product_tag-solitaire-necklace","15":"product_tag-solitaire-pendant","16":"pa_metal-white-gold","17":"pa_metal-yellow-gold","19":"first","20":"instock","21":"featured","22":"taxable","23":"shipping-taxable","24":"purchasable","25":"product-type-variable"},"acf":[],"jetpack_sharing_enabled":true,"_links":{"self":[{"href":"https:\/\/lumierediamonds.eu\/fr\/wp-json\/wp\/v2\/product\/7559","targetHints":{"allow":["GET"]}}],"collection":[{"href":"https:\/\/lumierediamonds.eu\/fr\/wp-json\/wp\/v2\/product"}],"about":[{"href":"https:\/\/lumierediamonds.eu\/fr\/wp-json\/wp\/v2\/types\/product"}],"version-history":[{"count":4,"href":"https:\/\/lumierediamonds.eu\/fr\/wp-json\/wp\/v2\/product\/7559\/revisions"}],"predecessor-version":[{"id":11470,"href":"https:\/\/lumierediamonds.eu\/fr\/wp-json\/wp\/v2\/product\/7559\/revisions\/11470"}],"wp:featuredmedia":[{"embeddable":true,"href":"https:\/\/lumierediamonds.eu\/fr\/wp-json\/wp\/v2\/media\/7591"}],"wp:attachment":[{"href":"https:\/\/lumierediamonds.eu\/fr\/wp-json\/wp\/v2\/media?parent=7559"}],"wp:term":[{"taxonomy":"product_brand","embeddable":true,"href":"https:\/\/lumierediamonds.eu\/fr\/wp-json\/wp\/v2\/product_brand?post=7559"},{"taxonomy":"product_cat","embeddable":true,"href":"https:\/\/lumierediamonds.eu\/fr\/wp-json\/wp\/v2\/product_cat?post=7559"},{"taxonomy":"product_tag","embeddable":true,"href":"https:\/\/lumierediamonds.eu\/fr\/wp-json\/wp\/v2\/product_tag?post=7559"}],"curies":[{"name":"wp","href":"https:\/\/api.w.org\/{rel}","templated":true}]}}