{"id":7749,"date":"2025-01-04T12:23:24","date_gmt":"2025-01-04T11:23:24","guid":{"rendered":"https:\/\/lumierediamonds.eu\/?post_type=product&#038;p=7749"},"modified":"2025-12-10T14:12:43","modified_gmt":"2025-12-10T13:12:43","slug":"bracelet-aurora-a-deux-tons-avec-diamants-et-fermoir-en-forme-de-trombone","status":"publish","type":"product","link":"https:\/\/lumierediamonds.eu\/fr\/product\/bracelet-aurora-a-deux-tons-avec-diamants-et-fermoir-en-forme-de-trombone\/","title":{"rendered":"Bracelet Aurora \u00e0 deux tons avec diamants en forme de trombone"},"content":{"rendered":"<p class=\"p1\">Un classique moderne qui se distingue par son contraste et son caract\u00e8re.<\/p>\n<p class=\"p1\"><b><\/b>Le <strong>Bracelet Aurora \u00e0 deux tons avec diamants en forme de trombone<\/strong> r\u00e9invente le design intemporel du tennis avec une touche audacieuse bicolore. Une rang\u00e9e lumineuse de diamants synth\u00e9tiques \u2013 totalisant 1,0 carat \u2013 contraste \u00e9l\u00e9gamment avec les maillons en or jaune 18 carats polis, cr\u00e9ant un jeu saisissant entre \u00e9clat et structure.<\/p>\n<p class=\"p2\">Sa silhouette m\u00e9tallique mixte offre une polyvalence sans effort, s'accordant aussi facilement avec des basiques argent\u00e9s qu'avec vos pi\u00e8ces pr\u00e9f\u00e9r\u00e9es en or. Dot\u00e9 d'un fermoir mousqueton s\u00e9curis\u00e9, Aurora apporte un \u00e9quilibre moderne \u00e0 votre collection de bijoux : raffin\u00e9 seul, il est \u00e9clatant lorsqu'il est associ\u00e9 \u00e0 d'autres bijoux.<\/p>","protected":false},"excerpt":{"rendered":"<p class=\"p1\">Un classique moderne qui se distingue par son contraste et son caract\u00e8re.<\/p>\n<p class=\"p1\"><b><\/b>Le <strong>Bracelet Aurora \u00e0 deux tons avec diamants en forme de trombone<\/strong> r\u00e9imagine le mod\u00e8le de tennis intemporel avec une touche bicolore audacieuse. Une rang\u00e9e lumineuse de diamants cultiv\u00e9s en laboratoire - totalisant 1,0 carat - contraste \u00e9l\u00e9gamment avec les maillons paperclip en or jaune 18 carats poli, cr\u00e9ant un jeu saisissant d'\u00e9clat et de structure.<\/p>\n<p class=\"p2\">Sa silhouette en m\u00e9tal mixte offre une polyvalence sans effort, s'associant aussi bien \u00e0 des pi\u00e8ces de base en argent qu'\u00e0 des pi\u00e8ces pr\u00e9f\u00e9r\u00e9es en or. Dot\u00e9 d'un fermoir lobster s\u00e9curis\u00e9, Aurora apporte un \u00e9quilibre moderne \u00e0 votre garde-robe de bijoux - raffin\u00e9 seul, radieux dans une pile.<\/p>","protected":false},"featured_media":7750,"template":"","meta":{"_acf_changed":false},"product_brand":[],"product_cat":[55,1379,1336],"product_tag":[231,237,235,243],"class_list":{"0":"post-7749","1":"product","2":"type-product","3":"status-publish","4":"has-post-thumbnail","6":"product_cat-bracelets","7":"product_cat-paperclip-bracelets","8":"product_cat-tennis-bracelets","9":"product_tag-bracelet","10":"product_tag-diamond-bracelet","11":"product_tag-paperclip-bracelet","12":"product_tag-tennis-bracelet","14":"first","15":"instock","16":"featured","17":"taxable","18":"shipping-taxable","19":"purchasable","20":"product-type-simple"},"acf":[],"jetpack_sharing_enabled":true,"_links":{"self":[{"href":"https:\/\/lumierediamonds.eu\/fr\/wp-json\/wp\/v2\/product\/7749","targetHints":{"allow":["GET"]}}],"collection":[{"href":"https:\/\/lumierediamonds.eu\/fr\/wp-json\/wp\/v2\/product"}],"about":[{"href":"https:\/\/lumierediamonds.eu\/fr\/wp-json\/wp\/v2\/types\/product"}],"version-history":[{"count":4,"href":"https:\/\/lumierediamonds.eu\/fr\/wp-json\/wp\/v2\/product\/7749\/revisions"}],"predecessor-version":[{"id":11508,"href":"https:\/\/lumierediamonds.eu\/fr\/wp-json\/wp\/v2\/product\/7749\/revisions\/11508"}],"wp:featuredmedia":[{"embeddable":true,"href":"https:\/\/lumierediamonds.eu\/fr\/wp-json\/wp\/v2\/media\/7750"}],"wp:attachment":[{"href":"https:\/\/lumierediamonds.eu\/fr\/wp-json\/wp\/v2\/media?parent=7749"}],"wp:term":[{"taxonomy":"product_brand","embeddable":true,"href":"https:\/\/lumierediamonds.eu\/fr\/wp-json\/wp\/v2\/product_brand?post=7749"},{"taxonomy":"product_cat","embeddable":true,"href":"https:\/\/lumierediamonds.eu\/fr\/wp-json\/wp\/v2\/product_cat?post=7749"},{"taxonomy":"product_tag","embeddable":true,"href":"https:\/\/lumierediamonds.eu\/fr\/wp-json\/wp\/v2\/product_tag?post=7749"}],"curies":[{"name":"wp","href":"https:\/\/api.w.org\/{rel}","templated":true}]}}