{"id":7774,"date":"2025-01-04T14:09:09","date_gmt":"2025-01-04T13:09:09","guid":{"rendered":"https:\/\/lumierediamonds.eu\/?post_type=product&#038;p=7774"},"modified":"2025-12-10T14:08:59","modified_gmt":"2025-12-10T13:08:59","slug":"solana-diamond-half-tennis-bracelet","status":"publish","type":"product","link":"https:\/\/lumierediamonds.eu\/fr\/product\/solana-diamond-half-tennis-bracelet\/","title":{"rendered":"Bracelet demi-tennis Solana Diamond"},"content":{"rendered":"<p class=\"p1\">Un chatoiement gracieux, une simplicit\u00e9 raffin\u00e9e.<b><\/b><\/p>\n<p class=\"p3\">Le <strong>Bracelet demi-tennis Solana Diamond<\/strong> apporte un \u00e9clat sans effort aux moments de tous les jours. Con\u00e7ue avec une silhouette \u00e9l\u00e9gante et minimale, elle pr\u00e9sente une fine ligne de diamants cultiv\u00e9s en laboratoire, sertis dans votre choix d'or blanc ou jaune 18 carats, offrant une interpr\u00e9tation moderne du style tennis classique.<\/p>\n<p class=\"p3\">Disponible en poids total de 0,5 ou 1,0 carat, Solana offre juste la bonne touche de brillance pour l'empiler ou le porter seul. Une cha\u00eene r\u00e9glable assure un ajustement sur mesure, ce qui le rend \u00e0 la fois polyvalent et \u00e9l\u00e9gant.<\/p>","protected":false},"excerpt":{"rendered":"<p class=\"p1\">Un chatoiement gracieux, une simplicit\u00e9 raffin\u00e9e.<b><\/b><\/p>\n<p class=\"p3\">Le <strong>Bracelet demi-tennis Solana Diamond<\/strong> apporte un \u00e9clat sans effort aux moments de tous les jours. Con\u00e7ue avec une silhouette \u00e9l\u00e9gante et minimale, elle pr\u00e9sente une fine ligne de diamants cultiv\u00e9s en laboratoire, sertis dans votre choix d'or blanc ou jaune 18 carats, offrant une interpr\u00e9tation moderne du style tennis classique.<\/p>\n<p class=\"p3\">Disponible en poids total de 0,5 ou 1,0 carat, Solana offre juste la bonne touche de brillance pour l'empiler ou le porter seul. Une cha\u00eene r\u00e9glable assure un ajustement sur mesure, ce qui le rend \u00e0 la fois polyvalent et \u00e9l\u00e9gant.<\/p>","protected":false},"featured_media":7786,"template":"","meta":{"_acf_changed":false},"product_brand":[],"product_cat":[55,1336],"product_tag":[373,231,368,237,245,367,372,366,362,370,364,365,243,363,371],"class_list":{"0":"post-7774","1":"product","2":"type-product","3":"status-publish","4":"has-post-thumbnail","6":"product_cat-bracelets","7":"product_cat-tennis-bracelets","8":"product_tag-adjustable-bracelet","9":"product_tag-bracelet","10":"product_tag-classic-tennis-bracelet","11":"product_tag-diamond-bracelet","12":"product_tag-diamond-tennis-bracelet","13":"product_tag-elegant-bracelets","14":"product_tag-elegant-jewelry","15":"product_tag-everyday-luxury","16":"product_tag-four-prong-bracelet","17":"product_tag-half-tennis-bracelet","18":"product_tag-lab-grown-diamonds","19":"product_tag-minimalist-bracelet","20":"product_tag-tennis-bracelet","21":"product_tag-white-gold-bracelet","22":"product_tag-yellow-gold-bracelet","23":"pa_metal-white-gold","24":"pa_metal-yellow-gold","26":"first","27":"instock","28":"taxable","29":"shipping-taxable","30":"purchasable","31":"product-type-variable"},"acf":[],"jetpack_sharing_enabled":true,"_links":{"self":[{"href":"https:\/\/lumierediamonds.eu\/fr\/wp-json\/wp\/v2\/product\/7774","targetHints":{"allow":["GET"]}}],"collection":[{"href":"https:\/\/lumierediamonds.eu\/fr\/wp-json\/wp\/v2\/product"}],"about":[{"href":"https:\/\/lumierediamonds.eu\/fr\/wp-json\/wp\/v2\/types\/product"}],"version-history":[{"count":4,"href":"https:\/\/lumierediamonds.eu\/fr\/wp-json\/wp\/v2\/product\/7774\/revisions"}],"predecessor-version":[{"id":10132,"href":"https:\/\/lumierediamonds.eu\/fr\/wp-json\/wp\/v2\/product\/7774\/revisions\/10132"}],"wp:featuredmedia":[{"embeddable":true,"href":"https:\/\/lumierediamonds.eu\/fr\/wp-json\/wp\/v2\/media\/7786"}],"wp:attachment":[{"href":"https:\/\/lumierediamonds.eu\/fr\/wp-json\/wp\/v2\/media?parent=7774"}],"wp:term":[{"taxonomy":"product_brand","embeddable":true,"href":"https:\/\/lumierediamonds.eu\/fr\/wp-json\/wp\/v2\/product_brand?post=7774"},{"taxonomy":"product_cat","embeddable":true,"href":"https:\/\/lumierediamonds.eu\/fr\/wp-json\/wp\/v2\/product_cat?post=7774"},{"taxonomy":"product_tag","embeddable":true,"href":"https:\/\/lumierediamonds.eu\/fr\/wp-json\/wp\/v2\/product_tag?post=7774"}],"curies":[{"name":"wp","href":"https:\/\/api.w.org\/{rel}","templated":true}]}}