{"id":8049,"date":"2025-01-09T00:41:09","date_gmt":"2025-01-08T23:41:09","guid":{"rendered":"https:\/\/lumierediamonds.eu\/?post_type=product&#038;p=8049"},"modified":"2025-01-09T00:58:24","modified_gmt":"2025-01-08T23:58:24","slug":"la-bague-diamant-evermore","status":"publish","type":"product","link":"https:\/\/lumierediamonds.eu\/fr\/product\/la-bague-diamant-evermore\/","title":{"rendered":"La bague Evermore Diamond"},"content":{"rendered":"<p class=\"p1\">C\u00e9l\u00e9brez les moments pr\u00e9cieux de la vie avec <b>La bague Evermore Diamond \u2013 <\/b>Un symbole intemporel d'amour et d'engagement. Orn\u00e9e de sept diamants synth\u00e9tiques raffin\u00e9s d'un total de 1 carat sertis dans de l'or 18 carats, cette bague est un t\u00e9moignage de brillance et d'\u00e9l\u00e9gance.<\/p>\n<p class=\"p1\">Parfait comme cadeau d'anniversaire, alliance ou ajout \u00e9clatant \u00e0 votre collection de bijoux, le diamant Evermore Band respire le luxe et l'artisanat durable. Chaque diamant est cultiv\u00e9 de mani\u00e8re \u00e9thique et s\u00e9lectionn\u00e9 avec soin pour garantir une qualit\u00e9 et un \u00e9clat exceptionnels.<\/p>","protected":false},"excerpt":{"rendered":"<p class=\"p1\">C\u00e9l\u00e9brez les moments pr\u00e9cieux de la vie avec <b>La bague Evermore Diamond \u2013 <\/b>Un symbole intemporel d'amour et d'engagement. Orn\u00e9e de sept diamants synth\u00e9tiques raffin\u00e9s d'un total de 1 carat sertis dans de l'or 18 carats, cette bague est un t\u00e9moignage de brillance et d'\u00e9l\u00e9gance.<\/p>\n<p class=\"p1\">Parfait comme cadeau d'anniversaire, alliance ou ajout \u00e9clatant \u00e0 votre collection de bijoux, le diamant Evermore Band respire le luxe et l'artisanat durable. Chaque diamant est cultiv\u00e9 de mani\u00e8re \u00e9thique et s\u00e9lectionn\u00e9 avec soin pour garantir une qualit\u00e9 et un \u00e9clat exceptionnels.<\/p>","protected":false},"featured_media":8050,"template":"","meta":{"_acf_changed":false},"product_brand":[],"product_cat":[251,52,57],"product_tag":[438,437,446,436,439,443,440,412,447,448,441,444,442,445],"class_list":{"0":"post-8049","1":"product","2":"type-product","3":"status-publish","4":"has-post-thumbnail","6":"product_cat-eternity-bands","7":"product_cat-rings","8":"product_cat-wedding-bands","9":"product_tag-14k-rose-gold-ring","10":"product_tag-14k-yellow-gold-ring","11":"product_tag-7-stone-ring","12":"product_tag-7-stone-diamond-ring","13":"product_tag-anniversary-diamond-ring","14":"product_tag-diamond-anniversary-band","15":"product_tag-elegant-diamond-band","16":"product_tag-fine-jewelry-for-women","17":"product_tag-half-eternity-band","18":"product_tag-half-eternity-ring","19":"product_tag-lab-grown-diamond-band","20":"product_tag-luxury-gold-ring","21":"product_tag-milestone-jewelry","22":"product_tag-timeless-diamond-ring","23":"pa_metal-rose-gold","24":"pa_metal-yellow-gold","26":"first","27":"instock","28":"taxable","29":"shipping-taxable","30":"purchasable","31":"product-type-variable"},"acf":[],"jetpack_sharing_enabled":true,"_links":{"self":[{"href":"https:\/\/lumierediamonds.eu\/fr\/wp-json\/wp\/v2\/product\/8049","targetHints":{"allow":["GET"]}}],"collection":[{"href":"https:\/\/lumierediamonds.eu\/fr\/wp-json\/wp\/v2\/product"}],"about":[{"href":"https:\/\/lumierediamonds.eu\/fr\/wp-json\/wp\/v2\/types\/product"}],"version-history":[{"count":1,"href":"https:\/\/lumierediamonds.eu\/fr\/wp-json\/wp\/v2\/product\/8049\/revisions"}],"predecessor-version":[{"id":8058,"href":"https:\/\/lumierediamonds.eu\/fr\/wp-json\/wp\/v2\/product\/8049\/revisions\/8058"}],"wp:featuredmedia":[{"embeddable":true,"href":"https:\/\/lumierediamonds.eu\/fr\/wp-json\/wp\/v2\/media\/8050"}],"wp:attachment":[{"href":"https:\/\/lumierediamonds.eu\/fr\/wp-json\/wp\/v2\/media?parent=8049"}],"wp:term":[{"taxonomy":"product_brand","embeddable":true,"href":"https:\/\/lumierediamonds.eu\/fr\/wp-json\/wp\/v2\/product_brand?post=8049"},{"taxonomy":"product_cat","embeddable":true,"href":"https:\/\/lumierediamonds.eu\/fr\/wp-json\/wp\/v2\/product_cat?post=8049"},{"taxonomy":"product_tag","embeddable":true,"href":"https:\/\/lumierediamonds.eu\/fr\/wp-json\/wp\/v2\/product_tag?post=8049"}],"curies":[{"name":"wp","href":"https:\/\/api.w.org\/{rel}","templated":true}]}}