{"id":8061,"date":"2025-01-09T01:15:29","date_gmt":"2025-01-09T00:15:29","guid":{"rendered":"https:\/\/lumierediamonds.eu\/?post_type=product&#038;p=8061"},"modified":"2025-01-12T19:47:54","modified_gmt":"2025-01-12T18:47:54","slug":"la-bague-rayonnante-a-cinq-diamants","status":"publish","type":"product","link":"https:\/\/lumierediamonds.eu\/fr\/product\/la-bague-rayonnante-a-cinq-diamants\/","title":{"rendered":"La bague Radiant Five Diamond"},"content":{"rendered":"<p class=\"p1\">L'\u00e9l\u00e9gance intemporelle rencontre l'\u00e9clat radieux avec <b>La bague Radiant Five Diamond<\/b>. Orn\u00e9e de cinq diamants synth\u00e9tiques \u00e9blouissants totalisant 1 carat, cette bague symbolise l'amour, l'engagement et l'\u00e9ternit\u00e9. Chaque diamant est savamment serti \u00e0 griffes afin de maximiser la r\u00e9flexion de la lumi\u00e8re, cr\u00e9ant ainsi un \u00e9clat lumineux sous tous les angles.<\/p>\n<p class=\"p1\">Disponible en or jaune 18 carats ou en or blanc 18 carats, le design \u00e9l\u00e9gant et raffin\u00e9 de la bague met les diamants en valeur, ce qui en fait un bijou id\u00e9al pour les anniversaires, les \u00e9v\u00e9nements marquants ou le luxe au quotidien.<\/p>\n<p class=\"p1\">Con\u00e7ue pour les personnes modernes qui appr\u00e9cient la sophistication classique, la bague Radiant Five Diamond Band est un rappel saisissant que le v\u00e9ritable \u00e9clat dure \u00e9ternellement.<\/p>","protected":false},"excerpt":{"rendered":"<p class=\"p1\">L'\u00e9l\u00e9gance intemporelle rencontre l'\u00e9clat radieux avec <b>La bague Radiant Five Diamond<\/b>. Orn\u00e9e de cinq diamants synth\u00e9tiques \u00e9blouissants totalisant 1 carat, cette bague symbolise l'amour, l'engagement et l'\u00e9ternit\u00e9. Chaque diamant est savamment serti \u00e0 griffes afin de maximiser la r\u00e9flexion de la lumi\u00e8re, cr\u00e9ant ainsi un \u00e9clat lumineux sous tous les angles.<\/p>\n<p class=\"p1\">Disponible en or jaune 18 carats ou en or blanc 18 carats, le design \u00e9l\u00e9gant et raffin\u00e9 de la bague met les diamants en valeur, ce qui en fait un bijou id\u00e9al pour les anniversaires, les \u00e9v\u00e9nements marquants ou le luxe au quotidien.<\/p>\n<p class=\"p1\">Con\u00e7ue pour les personnes modernes qui appr\u00e9cient la sophistication classique, la bague Radiant Five Diamond Band est un rappel saisissant que le v\u00e9ritable \u00e9clat dure \u00e9ternellement.<\/p>","protected":false},"featured_media":8066,"template":"","meta":{"_acf_changed":false},"product_brand":[],"product_cat":[251,52,57],"product_tag":[406,452,453,410,412,451,456,447,448,256,454,450,455,445],"class_list":{"0":"post-8061","1":"product","2":"type-product","3":"status-publish","4":"has-post-thumbnail","6":"product_cat-eternity-bands","7":"product_cat-rings","8":"product_cat-wedding-bands","9":"product_tag-18k-white-gold-ring","10":"product_tag-18k-yellow-gold-ring","11":"product_tag-anniversary-band","12":"product_tag-elegant-diamond-ring","13":"product_tag-fine-jewelry-for-women","14":"product_tag-five-stone-diamond-ring","15":"product_tag-half-eternity","16":"product_tag-half-eternity-band","17":"product_tag-half-eternity-ring","18":"product_tag-lab-grown-diamond-ring","19":"product_tag-luxury-diamond-band","20":"product_tag-radiant-five-diamond-band","21":"product_tag-statement-diamond-ring","22":"product_tag-timeless-diamond-ring","23":"pa_metal-white-gold","24":"pa_metal-yellow-gold","26":"first","27":"instock","28":"featured","29":"taxable","30":"shipping-taxable","31":"purchasable","32":"product-type-variable"},"acf":[],"jetpack_sharing_enabled":true,"_links":{"self":[{"href":"https:\/\/lumierediamonds.eu\/fr\/wp-json\/wp\/v2\/product\/8061","targetHints":{"allow":["GET"]}}],"collection":[{"href":"https:\/\/lumierediamonds.eu\/fr\/wp-json\/wp\/v2\/product"}],"about":[{"href":"https:\/\/lumierediamonds.eu\/fr\/wp-json\/wp\/v2\/types\/product"}],"version-history":[{"count":1,"href":"https:\/\/lumierediamonds.eu\/fr\/wp-json\/wp\/v2\/product\/8061\/revisions"}],"predecessor-version":[{"id":8072,"href":"https:\/\/lumierediamonds.eu\/fr\/wp-json\/wp\/v2\/product\/8061\/revisions\/8072"}],"wp:featuredmedia":[{"embeddable":true,"href":"https:\/\/lumierediamonds.eu\/fr\/wp-json\/wp\/v2\/media\/8066"}],"wp:attachment":[{"href":"https:\/\/lumierediamonds.eu\/fr\/wp-json\/wp\/v2\/media?parent=8061"}],"wp:term":[{"taxonomy":"product_brand","embeddable":true,"href":"https:\/\/lumierediamonds.eu\/fr\/wp-json\/wp\/v2\/product_brand?post=8061"},{"taxonomy":"product_cat","embeddable":true,"href":"https:\/\/lumierediamonds.eu\/fr\/wp-json\/wp\/v2\/product_cat?post=8061"},{"taxonomy":"product_tag","embeddable":true,"href":"https:\/\/lumierediamonds.eu\/fr\/wp-json\/wp\/v2\/product_tag?post=8061"}],"curies":[{"name":"wp","href":"https:\/\/api.w.org\/{rel}","templated":true}]}}