{"id":8085,"date":"2025-01-09T01:59:44","date_gmt":"2025-01-09T00:59:44","guid":{"rendered":"https:\/\/lumierediamonds.eu\/?post_type=product&#038;p=8085"},"modified":"2025-01-09T01:59:44","modified_gmt":"2025-01-09T00:59:44","slug":"la-bague-baguette-eternity-luxe","status":"publish","type":"product","link":"https:\/\/lumierediamonds.eu\/fr\/product\/la-bague-baguette-eternity-luxe\/","title":{"rendered":"La bague baguette Eternity Luxe"},"content":{"rendered":"<p class=\"p1\">La sophistication intemporelle rencontre le design moderne avec <b>La bague baguette Eternity Luxe<\/b>. Avec un poids total \u00e9blouissant de 1 carat de diamants taille baguette de la plus haute qualit\u00e9 sertis dans un \u00e9l\u00e9gant sertissage en rail, cette bague \u00e9ternit\u00e9 offre une brillance sans faille qui enveloppe tout le tour de l'anneau. Soigneusement fabriqu\u00e9e en or blanc, jaune ou rose 18 carats, au choix, ses lignes \u00e9pur\u00e9es et son \u00e9clat g\u00e9om\u00e9trique font de cette pi\u00e8ce un symbole exceptionnel de l'\u00e9ternit\u00e9. Qu'elle soit port\u00e9e comme alliance, bague d'anniversaire ou pi\u00e8ce ma\u00eetresse, la bague Eternity Luxe Baguette Band respire l'\u00e9l\u00e9gance naturelle et le luxe intemporel.<\/p>\n<p><em>Remarque : le redimensionnement n'est pas disponible pour cet article.<\/em><\/p>","protected":false},"excerpt":{"rendered":"<p>La sophistication intemporelle rencontre le design moderne avec <b>La bague baguette Eternity Luxe<\/b>. Avec un poids total \u00e9blouissant de 1 carat de diamants taille baguette de la plus haute qualit\u00e9 sertis dans un \u00e9l\u00e9gant sertissage en rail, cette bague \u00e9ternit\u00e9 offre une brillance sans faille qui enveloppe tout le tour de l'anneau. Soigneusement fabriqu\u00e9e en or blanc, jaune ou rose 18 carats, au choix, ses lignes \u00e9pur\u00e9es et son \u00e9clat g\u00e9om\u00e9trique font de cette pi\u00e8ce un symbole exceptionnel de l'\u00e9ternit\u00e9. Qu'elle soit port\u00e9e comme alliance, bague d'anniversaire ou pi\u00e8ce ma\u00eetresse, la bague Eternity Luxe Baguette Band respire l'\u00e9l\u00e9gance naturelle et le luxe intemporel.<\/p>","protected":false},"featured_media":8086,"template":"","meta":{"_acf_changed":false},"product_brand":[],"product_cat":[251,52,57],"product_tag":[471,424,470,439,468,467,469,473,414,472,462],"class_list":{"0":"post-8085","1":"product","2":"type-product","3":"status-publish","4":"has-post-thumbnail","6":"product_cat-eternity-bands","7":"product_cat-rings","8":"product_cat-wedding-bands","9":"product_tag-18k-rose-gold-diamond-band","10":"product_tag-18k-white-gold-eternity-ring","11":"product_tag-18k-yellow-gold-diamond-band","12":"product_tag-anniversary-diamond-ring","13":"product_tag-baguette-diamond-ring","14":"product_tag-channel-set-diamond-band","15":"product_tag-eternity-diamond-band","16":"product_tag-lab-grown-diamond-eternity-ring","17":"product_tag-luxury-diamond-ring","18":"product_tag-modern-diamond-jewelry","19":"product_tag-timeless-wedding-band","20":"pa_metal-rose-gold","21":"pa_metal-white-gold","22":"pa_metal-yellow-gold","24":"first","25":"instock","26":"taxable","27":"shipping-taxable","28":"purchasable","29":"product-type-variable"},"acf":[],"jetpack_sharing_enabled":true,"_links":{"self":[{"href":"https:\/\/lumierediamonds.eu\/fr\/wp-json\/wp\/v2\/product\/8085","targetHints":{"allow":["GET"]}}],"collection":[{"href":"https:\/\/lumierediamonds.eu\/fr\/wp-json\/wp\/v2\/product"}],"about":[{"href":"https:\/\/lumierediamonds.eu\/fr\/wp-json\/wp\/v2\/types\/product"}],"version-history":[{"count":1,"href":"https:\/\/lumierediamonds.eu\/fr\/wp-json\/wp\/v2\/product\/8085\/revisions"}],"predecessor-version":[{"id":8100,"href":"https:\/\/lumierediamonds.eu\/fr\/wp-json\/wp\/v2\/product\/8085\/revisions\/8100"}],"wp:featuredmedia":[{"embeddable":true,"href":"https:\/\/lumierediamonds.eu\/fr\/wp-json\/wp\/v2\/media\/8086"}],"wp:attachment":[{"href":"https:\/\/lumierediamonds.eu\/fr\/wp-json\/wp\/v2\/media?parent=8085"}],"wp:term":[{"taxonomy":"product_brand","embeddable":true,"href":"https:\/\/lumierediamonds.eu\/fr\/wp-json\/wp\/v2\/product_brand?post=8085"},{"taxonomy":"product_cat","embeddable":true,"href":"https:\/\/lumierediamonds.eu\/fr\/wp-json\/wp\/v2\/product_cat?post=8085"},{"taxonomy":"product_tag","embeddable":true,"href":"https:\/\/lumierediamonds.eu\/fr\/wp-json\/wp\/v2\/product_tag?post=8085"}],"curies":[{"name":"wp","href":"https:\/\/api.w.org\/{rel}","templated":true}]}}