{"id":8101,"date":"2025-01-09T02:14:31","date_gmt":"2025-01-09T01:14:31","guid":{"rendered":"https:\/\/lumierediamonds.eu\/?post_type=product&#038;p=8101"},"modified":"2025-09-30T18:40:41","modified_gmt":"2025-09-30T16:40:41","slug":"bague-pavee-de-diamants-triple","status":"publish","type":"product","link":"https:\/\/lumierediamonds.eu\/fr\/product\/bague-pavee-de-diamants-triple\/","title":{"rendered":"Bague triple pav\u00e9e de diamants"},"content":{"rendered":"<p class=\"p1\"><span class=\"s1\">Le<b> Bague triple pav\u00e9e de diamants<\/b><\/span> est une c\u00e9l\u00e9bration de l'\u00e9clat d\u00e9licat. Compos\u00e9 de trois rang\u00e9es minutieusement serties de micro-pav\u00e9s de diamants synth\u00e9tiques, ce mod\u00e8le offre une brillance rayonnante dans une silhouette fine et confortable.<\/p>\n<p class=\"p1\">Fabriqu\u00e9e en or jaune, blanc ou rose 18 carats, selon votre choix, la bague totalise 0,34 carat et est con\u00e7ue pour capter la lumi\u00e8re \u00e0 chaque mouvement. Qu'elle soit port\u00e9e seule pour un look subtil et raffin\u00e9 ou associ\u00e9e \u00e0 d'autres bagues pour plus de texture, elle est le choix id\u00e9al comme alliance, cadeau d'anniversaire ou bijou de tous les jours au glamour discret.<\/p>","protected":false},"excerpt":{"rendered":"<p class=\"p1\"><span class=\"s1\">Le<b> Bague triple pav\u00e9e de diamants<\/b><\/span> est une c\u00e9l\u00e9bration de l'\u00e9clat d\u00e9licat. Compos\u00e9 de trois rang\u00e9es minutieusement serties de micro-pav\u00e9s de diamants synth\u00e9tiques, ce mod\u00e8le offre une brillance rayonnante dans une silhouette fine et confortable.<\/p>\n<p class=\"p1\">Fabriqu\u00e9e en or jaune, blanc ou rose 18 carats, au choix, la bague totalise 0,33 carat et est con\u00e7ue pour capter la lumi\u00e8re \u00e0 chaque mouvement. Qu'elle soit port\u00e9e seule pour un look subtil et raffin\u00e9 ou associ\u00e9e \u00e0 d'autres bagues pour plus de texture, c'est un choix id\u00e9al pour une alliance, un cadeau d'anniversaire ou un bijou \u00e0 porter au quotidien avec un glamour discret.<\/p>","protected":false},"featured_media":8103,"template":"","meta":{"_acf_changed":false},"product_brand":[],"product_cat":[58,251,23,52,57],"product_tag":[452,477,476,291,252,412,256,479,474,472,478,475],"class_list":{"0":"post-8101","1":"product","2":"type-product","3":"status-publish","4":"has-post-thumbnail","6":"product_cat-casual-rings","7":"product_cat-eternity-bands","8":"product_cat-love-engagement","9":"product_cat-rings","10":"product_cat-wedding-bands","11":"product_tag-18k-yellow-gold-ring","12":"product_tag-anniversary-diamond-band","13":"product_tag-elegant-wedding-ring","14":"product_tag-eternity-band","15":"product_tag-eternity-ring","16":"product_tag-fine-jewelry-for-women","17":"product_tag-lab-grown-diamond-ring","18":"product_tag-luxury-wedding-jewelry","19":"product_tag-micropave-diamond-wedding-band","20":"product_tag-modern-diamond-jewelry","21":"product_tag-stacking-diamond-ring","22":"product_tag-trio-diamond-band","23":"pa_metal-yellow-gold","25":"first","26":"instock","27":"featured","28":"taxable","29":"shipping-taxable","30":"purchasable","31":"product-type-variable"},"acf":[],"jetpack_sharing_enabled":true,"_links":{"self":[{"href":"https:\/\/lumierediamonds.eu\/fr\/wp-json\/wp\/v2\/product\/8101","targetHints":{"allow":["GET"]}}],"collection":[{"href":"https:\/\/lumierediamonds.eu\/fr\/wp-json\/wp\/v2\/product"}],"about":[{"href":"https:\/\/lumierediamonds.eu\/fr\/wp-json\/wp\/v2\/types\/product"}],"version-history":[{"count":5,"href":"https:\/\/lumierediamonds.eu\/fr\/wp-json\/wp\/v2\/product\/8101\/revisions"}],"predecessor-version":[{"id":11326,"href":"https:\/\/lumierediamonds.eu\/fr\/wp-json\/wp\/v2\/product\/8101\/revisions\/11326"}],"wp:featuredmedia":[{"embeddable":true,"href":"https:\/\/lumierediamonds.eu\/fr\/wp-json\/wp\/v2\/media\/8103"}],"wp:attachment":[{"href":"https:\/\/lumierediamonds.eu\/fr\/wp-json\/wp\/v2\/media?parent=8101"}],"wp:term":[{"taxonomy":"product_brand","embeddable":true,"href":"https:\/\/lumierediamonds.eu\/fr\/wp-json\/wp\/v2\/product_brand?post=8101"},{"taxonomy":"product_cat","embeddable":true,"href":"https:\/\/lumierediamonds.eu\/fr\/wp-json\/wp\/v2\/product_cat?post=8101"},{"taxonomy":"product_tag","embeddable":true,"href":"https:\/\/lumierediamonds.eu\/fr\/wp-json\/wp\/v2\/product_tag?post=8101"}],"curies":[{"name":"wp","href":"https:\/\/api.w.org\/{rel}","templated":true}]}}