{"id":8187,"date":"2025-01-11T16:53:11","date_gmt":"2025-01-11T15:53:11","guid":{"rendered":"https:\/\/lumierediamonds.eu\/?post_type=product&#038;p=8187"},"modified":"2025-01-11T17:18:02","modified_gmt":"2025-01-11T16:18:02","slug":"lalliance-mate-horizon","status":"publish","type":"product","link":"https:\/\/lumierediamonds.eu\/fr\/product\/lalliance-mate-horizon\/","title":{"rendered":"L'alliance Horizon Matte"},"content":{"rendered":"<p class=\"p1\">L'\u00e9l\u00e9gance discr\u00e8te rencontre le confort ultime avec le <strong>Horizon<\/strong><b>\u00a0Alliance confortable de poids moyen<\/b>. Ce mod\u00e8le intemporel pr\u00e9sente une finition mate l\u00e9g\u00e8rement bross\u00e9e, pour un look raffin\u00e9 et contemporain. L'int\u00e9rieur confortable garantit un port sans effort, ce qui le rend parfait pour tous les jours de votre vie.<\/p>","protected":false},"excerpt":{"rendered":"<p class=\"p1\">L'\u00e9l\u00e9gance discr\u00e8te rencontre le confort ultime avec le <strong>Horizon<\/strong><b>\u00a0Alliance confortable de poids moyen<\/b>. Ce mod\u00e8le intemporel pr\u00e9sente une finition mate l\u00e9g\u00e8rement bross\u00e9e, pour un look raffin\u00e9 et contemporain. L'int\u00e9rieur confortable garantit un port sans effort, ce qui le rend parfait pour tous les jours de votre vie.<\/p>","protected":false},"featured_media":8204,"template":"","meta":{"_acf_changed":false},"product_brand":[],"product_cat":[525,52,57],"product_tag":[545,540,384,277,542,539,278,541,497,505,280,275,276,543,279,544],"class_list":{"0":"post-8187","1":"product","2":"type-product","3":"status-publish","4":"has-post-thumbnail","6":"product_cat-mens-wedding-bands","7":"product_cat-rings","8":"product_cat-wedding-bands","9":"product_tag-classic-wedding-band","10":"product_tag-comfort-fit-ring","11":"product_tag-gold-wedding-band","12":"product_tag-gold-wedding-ring","13":"product_tag-matte-finish-ring","14":"product_tag-matte-wedding-band","15":"product_tag-mens-wedding-ring","16":"product_tag-mid-weight-band","17":"product_tag-modern-wedding-band","18":"product_tag-platinum-wedding-band","19":"product_tag-unisex-wedding-ring","20":"product_tag-wedding-band","21":"product_tag-wedding-ring","22":"product_tag-white-gold-wedding-band","23":"product_tag-womens-wedding-ring","24":"product_tag-yellow-gold-wedding-ring","25":"pa_metal-white-gold","26":"pa_metal-yellow-gold","27":"pa_metal-platinum","29":"first","30":"instock","31":"taxable","32":"shipping-taxable","33":"purchasable","34":"product-type-variable"},"acf":[],"jetpack_sharing_enabled":true,"_links":{"self":[{"href":"https:\/\/lumierediamonds.eu\/fr\/wp-json\/wp\/v2\/product\/8187","targetHints":{"allow":["GET"]}}],"collection":[{"href":"https:\/\/lumierediamonds.eu\/fr\/wp-json\/wp\/v2\/product"}],"about":[{"href":"https:\/\/lumierediamonds.eu\/fr\/wp-json\/wp\/v2\/types\/product"}],"version-history":[{"count":1,"href":"https:\/\/lumierediamonds.eu\/fr\/wp-json\/wp\/v2\/product\/8187\/revisions"}],"predecessor-version":[{"id":8232,"href":"https:\/\/lumierediamonds.eu\/fr\/wp-json\/wp\/v2\/product\/8187\/revisions\/8232"}],"wp:featuredmedia":[{"embeddable":true,"href":"https:\/\/lumierediamonds.eu\/fr\/wp-json\/wp\/v2\/media\/8204"}],"wp:attachment":[{"href":"https:\/\/lumierediamonds.eu\/fr\/wp-json\/wp\/v2\/media?parent=8187"}],"wp:term":[{"taxonomy":"product_brand","embeddable":true,"href":"https:\/\/lumierediamonds.eu\/fr\/wp-json\/wp\/v2\/product_brand?post=8187"},{"taxonomy":"product_cat","embeddable":true,"href":"https:\/\/lumierediamonds.eu\/fr\/wp-json\/wp\/v2\/product_cat?post=8187"},{"taxonomy":"product_tag","embeddable":true,"href":"https:\/\/lumierediamonds.eu\/fr\/wp-json\/wp\/v2\/product_tag?post=8187"}],"curies":[{"name":"wp","href":"https:\/\/api.w.org\/{rel}","templated":true}]}}