{"id":8233,"date":"2025-01-11T17:24:56","date_gmt":"2025-01-11T16:24:56","guid":{"rendered":"https:\/\/lumierediamonds.eu\/?post_type=product&#038;p=8233"},"modified":"2025-05-31T14:20:01","modified_gmt":"2025-05-31T12:20:01","slug":"bague-diamant-double-harmonie-torsadee","status":"publish","type":"product","link":"https:\/\/lumierediamonds.eu\/fr\/product\/bague-diamant-double-harmonie-torsadee\/","title":{"rendered":"La bague Double Harmony Twist Diamond"},"content":{"rendered":"<p class=\"p1\">Rehaussez votre collection de bijoux avec le <b>Double Harmony Twist avec sertissage de diamants<\/b>, une extension artistique du tr\u00e8s appr\u00e9ci\u00e9 <a href=\"https:\/\/lumierediamonds.eu\/fr\/product\/bague-diamant-harmony-twist\/\">Bague Harmony Twist Diamond<\/a>. Ce mod\u00e8le se compose de deux rubans entrelac\u00e9s en or poli, gracieusement sertis de diamants synth\u00e9tiques scintillants, cr\u00e9ant un effet captivant de mouvement et d'\u00e9clat.<\/p>\n<p class=\"p1\">Cette pi\u00e8ce polyvalente peut \u00eatre port\u00e9e comme alliance, bague d'anniversaire ou combin\u00e9e \u00e0 d'autres bagues pour un look audacieux et \u00e9l\u00e9gant. Avec son raffinement moderne et son savoir-faire intemporel, la bague Double Harmony Twist Diamond Band c\u00e9l\u00e8bre avec \u00e9clat vos moments les plus pr\u00e9cieux.<\/p>","protected":false},"excerpt":{"rendered":"<p class=\"p1\">Rehaussez votre collection de bijoux avec le <b>Double Harmony Twist avec sertissage de diamants<\/b>, une extension raffin\u00e9e de la c\u00e9l\u00e8bre bague Harmony Twist Diamond Band. Ce mod\u00e8le se compose de deux rubans entrelac\u00e9s en or poli, gracieusement sertis de diamants synth\u00e9tiques scintillants, cr\u00e9ant un effet captivant de mouvement et d'\u00e9clat.<\/p>","protected":false},"featured_media":8240,"template":"","meta":{"_acf_changed":false},"product_brand":[],"product_cat":[251,52,57],"product_tag":[549,424,413,547,546,433,548,441,430,432,463,431,429,423,550,426,427,551,435,434,428,275,425],"class_list":{"0":"post-8233","1":"product","2":"type-product","3":"status-publish","4":"has-post-thumbnail","6":"product_cat-eternity-bands","7":"product_cat-rings","8":"product_cat-wedding-bands","9":"product_tag-18k-gold-diamond-band","10":"product_tag-18k-white-gold-eternity-ring","11":"product_tag-anniversary-ring","12":"product_tag-diamond-eternity-ring","13":"product_tag-double-twist-diamond-band","14":"product_tag-elegant-anniversary-ring","15":"product_tag-intertwined-diamond-band","16":"product_tag-lab-grown-diamond-band","17":"product_tag-lab-grown-diamond-eternity-band","18":"product_tag-minimalist-diamond-ring","19":"product_tag-modern-diamond-band","20":"product_tag-modern-wedding-ring","21":"product_tag-pave-diamond-ring","22":"product_tag-petite-diamond-eternity-ring","23":"product_tag-platinum-diamond-insert","24":"product_tag-rose-gold-diamond-band","25":"product_tag-stackable-diamond-ring","26":"product_tag-sustainable-diamond-ring","27":"product_tag-twist-eternity-ring","28":"product_tag-twist-ring","29":"product_tag-twisted-diamond-ring","30":"product_tag-wedding-band","31":"product_tag-yellow-gold-twist-ring","32":"pa_metal-rose-gold","33":"pa_metal-white-gold","34":"pa_metal-yellow-gold","36":"first","37":"instock","38":"taxable","39":"shipping-taxable","40":"purchasable","41":"product-type-variable"},"acf":[],"jetpack_sharing_enabled":true,"_links":{"self":[{"href":"https:\/\/lumierediamonds.eu\/fr\/wp-json\/wp\/v2\/product\/8233","targetHints":{"allow":["GET"]}}],"collection":[{"href":"https:\/\/lumierediamonds.eu\/fr\/wp-json\/wp\/v2\/product"}],"about":[{"href":"https:\/\/lumierediamonds.eu\/fr\/wp-json\/wp\/v2\/types\/product"}],"version-history":[{"count":2,"href":"https:\/\/lumierediamonds.eu\/fr\/wp-json\/wp\/v2\/product\/8233\/revisions"}],"predecessor-version":[{"id":8253,"href":"https:\/\/lumierediamonds.eu\/fr\/wp-json\/wp\/v2\/product\/8233\/revisions\/8253"}],"wp:featuredmedia":[{"embeddable":true,"href":"https:\/\/lumierediamonds.eu\/fr\/wp-json\/wp\/v2\/media\/8240"}],"wp:attachment":[{"href":"https:\/\/lumierediamonds.eu\/fr\/wp-json\/wp\/v2\/media?parent=8233"}],"wp:term":[{"taxonomy":"product_brand","embeddable":true,"href":"https:\/\/lumierediamonds.eu\/fr\/wp-json\/wp\/v2\/product_brand?post=8233"},{"taxonomy":"product_cat","embeddable":true,"href":"https:\/\/lumierediamonds.eu\/fr\/wp-json\/wp\/v2\/product_cat?post=8233"},{"taxonomy":"product_tag","embeddable":true,"href":"https:\/\/lumierediamonds.eu\/fr\/wp-json\/wp\/v2\/product_tag?post=8233"}],"curies":[{"name":"wp","href":"https:\/\/api.w.org\/{rel}","templated":true}]}}