{"id":8562,"date":"2025-06-09T01:09:13","date_gmt":"2025-06-08T23:09:13","guid":{"rendered":"https:\/\/lumierediamonds.eu\/?post_type=product&#038;p=8562"},"modified":"2025-11-24T18:11:45","modified_gmt":"2025-11-24T17:11:45","slug":"bracelet-cannes-panther-link-diamond","status":"publish","type":"product","link":"https:\/\/lumierediamonds.eu\/fr\/product\/bracelet-cannes-panther-link-diamond\/","title":{"rendered":"Bracelet Cannes Panther Link Diamond"},"content":{"rendered":"<p class=\"p1\"><span class=\"s1\">Le <b>Bracelet Cannes Panther Link Diamond<\/b><\/span> apporte une touche d'opulence au quotidien.<\/p>\n<p class=\"p1\">Avec un total de 2 carats de diamants synth\u00e9tiques \u00e9tincelants, ses maillons dor\u00e9s \u00e9l\u00e9gants captent la lumi\u00e8re \u00e0 chaque mouvement, offrant un \u00e9clat brillant sous tous les angles. Con\u00e7u pour offrir une sensation de fluidit\u00e9 et de souplesse, et s\u00e9curis\u00e9 par un fermoir d\u00e9ployant discret, il allie raffinement et confort.<\/p>\n<p class=\"p1\">Port\u00e9 seul ou superpos\u00e9, le bracelet Cannes conf\u00e8re une aura de confiance et un glamour ind\u00e9niable, ajoutant une touche d'\u00e9l\u00e9gance \u00e0 votre quotidien et de prestance \u00e0 chaque occasion.<\/p>","protected":false},"excerpt":{"rendered":"<p class=\"p1\"><span class=\"s1\">Le <b>Bracelet Cannes Panther Link Diamond<\/b><\/span> apporte une touche d'opulence au quotidien.<\/p>\n<p class=\"p1\">Avec un total de 2 carats de diamants synth\u00e9tiques \u00e9tincelants, ses maillons dor\u00e9s \u00e9l\u00e9gants captent la lumi\u00e8re \u00e0 chaque mouvement, offrant un \u00e9clat brillant sous tous les angles. Con\u00e7u pour offrir une sensation de fluidit\u00e9 et de souplesse, et s\u00e9curis\u00e9 par un fermoir d\u00e9ployant discret, il allie raffinement et confort.<\/p>\n<p class=\"p1\">Port\u00e9 seul ou superpos\u00e9, le bracelet Cannes conf\u00e8re une aura de confiance et un glamour ind\u00e9niable, ajoutant une touche d'\u00e9l\u00e9gance \u00e0 votre quotidien et de prestance \u00e0 chaque occasion.<\/p>","protected":false},"featured_media":8558,"template":"","meta":{"_acf_changed":false},"product_brand":[],"product_cat":[55],"product_tag":[377,573,576,572,569,575,558,577,571,568,574,570],"class_list":{"0":"post-8562","1":"product","2":"type-product","3":"status-publish","4":"has-post-thumbnail","6":"product_cat-bracelets","7":"product_tag-18k-yellow-gold-bracelet","8":"product_tag-bold-gold-jewelry","9":"product_tag-cannes-bracelet","10":"product_tag-designer-diamond-bracelet","11":"product_tag-diamond-link-bracelet","12":"product_tag-fine-jewelry-bracelet","13":"product_tag-lab-grown-diamond-bracelet","14":"product_tag-lumiere-bracelet","15":"product_tag-luxury-link-bracelet","16":"product_tag-panther-link-bracelet","17":"product_tag-prong-set-diamond-bracelet","18":"product_tag-statement-gold-bracelet","19":"pa_metal-yellow-gold","21":"first","22":"instock","23":"taxable","24":"shipping-taxable","25":"purchasable","26":"product-type-simple"},"acf":[],"jetpack_sharing_enabled":true,"_links":{"self":[{"href":"https:\/\/lumierediamonds.eu\/fr\/wp-json\/wp\/v2\/product\/8562","targetHints":{"allow":["GET"]}}],"collection":[{"href":"https:\/\/lumierediamonds.eu\/fr\/wp-json\/wp\/v2\/product"}],"about":[{"href":"https:\/\/lumierediamonds.eu\/fr\/wp-json\/wp\/v2\/types\/product"}],"version-history":[{"count":4,"href":"https:\/\/lumierediamonds.eu\/fr\/wp-json\/wp\/v2\/product\/8562\/revisions"}],"predecessor-version":[{"id":11509,"href":"https:\/\/lumierediamonds.eu\/fr\/wp-json\/wp\/v2\/product\/8562\/revisions\/11509"}],"wp:featuredmedia":[{"embeddable":true,"href":"https:\/\/lumierediamonds.eu\/fr\/wp-json\/wp\/v2\/media\/8558"}],"wp:attachment":[{"href":"https:\/\/lumierediamonds.eu\/fr\/wp-json\/wp\/v2\/media?parent=8562"}],"wp:term":[{"taxonomy":"product_brand","embeddable":true,"href":"https:\/\/lumierediamonds.eu\/fr\/wp-json\/wp\/v2\/product_brand?post=8562"},{"taxonomy":"product_cat","embeddable":true,"href":"https:\/\/lumierediamonds.eu\/fr\/wp-json\/wp\/v2\/product_cat?post=8562"},{"taxonomy":"product_tag","embeddable":true,"href":"https:\/\/lumierediamonds.eu\/fr\/wp-json\/wp\/v2\/product_tag?post=8562"}],"curies":[{"name":"wp","href":"https:\/\/api.w.org\/{rel}","templated":true}]}}