{"id":8569,"date":"2025-06-09T01:26:49","date_gmt":"2025-06-08T23:26:49","guid":{"rendered":"https:\/\/lumierediamonds.eu\/?post_type=product&#038;p=8569"},"modified":"2025-12-10T14:09:43","modified_gmt":"2025-12-10T13:09:43","slug":"bracelet-rigide-lasai-avec-diamants-torsades","status":"publish","type":"product","link":"https:\/\/lumierediamonds.eu\/fr\/product\/bracelet-rigide-lasai-avec-diamants-torsades\/","title":{"rendered":"Bracelet Lasai Twisted Diamond"},"content":{"rendered":"<p class=\"p2\">D'une conception \u00e9l\u00e9gante, le <strong>Bracelet Lasai Twisted Diamond<\/strong> \u00e9voque le mouvement de l'eau ensoleill\u00e9e par une journ\u00e9e d'\u00e9t\u00e9 : fluide, scintillante et discr\u00e8tement captivante. R\u00e9alis\u00e9 en or 18 carats, il se compose de deux brins d\u00e9licatement entrelac\u00e9s : l'un lisse et poli, l'autre rehauss\u00e9 de diamants synth\u00e9tiques brillants.<\/p>\n<p class=\"p2\">Disponible en or jaune ou blanc 18 carats, avec un poids total de 1 carat de diamants synth\u00e9tiques.<\/p>\n<p class=\"p2\">D\u00e9licat mais saisissant, il capte la lumi\u00e8re \u00e0 chaque mouvement tout en offrant un ajustement confortable et fluide pour un usage quotidien. Le Lasai ajoute une touche calme et \u00e9l\u00e9gante \u00e0 n'importe quel look.<\/p>","protected":false},"excerpt":{"rendered":"<p class=\"p2\">D'une conception \u00e9l\u00e9gante, le <strong>Bracelet Lasai Twisted Diamond<\/strong> \u00e9voque le mouvement de l'eau ensoleill\u00e9e par une journ\u00e9e d'\u00e9t\u00e9 : fluide, scintillante et discr\u00e8tement captivante. R\u00e9alis\u00e9 en or 18 carats, il se compose de deux brins d\u00e9licatement entrelac\u00e9s : l'un lisse et poli, l'autre rehauss\u00e9 de diamants synth\u00e9tiques brillants.<\/p>\n<p class=\"p2\">Disponible en or jaune ou blanc 18 carats, avec un poids total de 1 carat de diamants synth\u00e9tiques.<\/p>\n<p class=\"p2\">D\u00e9licat mais saisissant, il capte la lumi\u00e8re \u00e0 chaque mouvement tout en offrant un ajustement confortable et fluide pour un usage quotidien. Le Lasai ajoute une touche calme et \u00e9l\u00e9gante \u00e0 n'importe quel look.<\/p>","protected":false},"featured_media":8567,"template":"","meta":{"_acf_changed":false},"product_brand":[],"product_cat":[1264,55],"product_tag":[579,245,588,367,559,366,589,580,567,582,558,364,583,560,365,590,472,354,587,586,578,581,584,566,585,371],"class_list":{"0":"post-8569","1":"product","2":"type-product","3":"status-publish","4":"has-post-thumbnail","6":"product_cat-bangle-bracelets","7":"product_cat-bracelets","8":"product_tag-diamond-bangle","9":"product_tag-diamond-tennis-bracelet","10":"product_tag-elegant-bracelet","11":"product_tag-elegant-bracelets","12":"product_tag-elegant-diamond-bracelet","13":"product_tag-everyday-luxury","14":"product_tag-gift-for-her","15":"product_tag-gold-bangle","16":"product_tag-lab-created-diamond-bracelet","17":"product_tag-lab-grown-diamond-bangle","18":"product_tag-lab-grown-diamond-bracelet","19":"product_tag-lab-grown-diamonds","20":"product_tag-luxury-bracelet","21":"product_tag-luxury-gold-bracelet","22":"product_tag-minimalist-bracelet","23":"product_tag-modern-diamond-bracelet","24":"product_tag-modern-diamond-jewelry","25":"product_tag-pave-diamond-bracelet","26":"product_tag-statement-bangle","27":"product_tag-sustainable-fine-jewelry","28":"product_tag-twist-bangle","29":"product_tag-twisted-bracelet","30":"product_tag-white-gold-bangle","31":"product_tag-womens-diamond-bracelet","32":"product_tag-yellow-gold-bangle","33":"product_tag-yellow-gold-bracelet","34":"pa_metal-white-gold","35":"pa_metal-yellow-gold","37":"first","38":"instock","39":"taxable","40":"shipping-taxable","41":"purchasable","42":"product-type-variable","43":"has-default-attributes"},"acf":[],"jetpack_sharing_enabled":true,"_links":{"self":[{"href":"https:\/\/lumierediamonds.eu\/fr\/wp-json\/wp\/v2\/product\/8569","targetHints":{"allow":["GET"]}}],"collection":[{"href":"https:\/\/lumierediamonds.eu\/fr\/wp-json\/wp\/v2\/product"}],"about":[{"href":"https:\/\/lumierediamonds.eu\/fr\/wp-json\/wp\/v2\/types\/product"}],"version-history":[{"count":4,"href":"https:\/\/lumierediamonds.eu\/fr\/wp-json\/wp\/v2\/product\/8569\/revisions"}],"predecessor-version":[{"id":11517,"href":"https:\/\/lumierediamonds.eu\/fr\/wp-json\/wp\/v2\/product\/8569\/revisions\/11517"}],"wp:featuredmedia":[{"embeddable":true,"href":"https:\/\/lumierediamonds.eu\/fr\/wp-json\/wp\/v2\/media\/8567"}],"wp:attachment":[{"href":"https:\/\/lumierediamonds.eu\/fr\/wp-json\/wp\/v2\/media?parent=8569"}],"wp:term":[{"taxonomy":"product_brand","embeddable":true,"href":"https:\/\/lumierediamonds.eu\/fr\/wp-json\/wp\/v2\/product_brand?post=8569"},{"taxonomy":"product_cat","embeddable":true,"href":"https:\/\/lumierediamonds.eu\/fr\/wp-json\/wp\/v2\/product_cat?post=8569"},{"taxonomy":"product_tag","embeddable":true,"href":"https:\/\/lumierediamonds.eu\/fr\/wp-json\/wp\/v2\/product_tag?post=8569"}],"curies":[{"name":"wp","href":"https:\/\/api.w.org\/{rel}","templated":true}]}}