{"id":8618,"date":"2025-06-10T16:19:11","date_gmt":"2025-06-10T14:19:11","guid":{"rendered":"https:\/\/lumierediamonds.eu\/?post_type=product&#038;p=8618"},"modified":"2025-11-24T18:11:48","modified_gmt":"2025-11-24T17:11:48","slug":"bracelet-tennis-roma-ovale-serti-de-diamants","status":"publish","type":"product","link":"https:\/\/lumierediamonds.eu\/fr\/product\/bracelet-tennis-roma-ovale-serti-de-diamants\/","title":{"rendered":"Bracelet tennis Roma ovale serti de diamants"},"content":{"rendered":"<p class=\"p1\">Un design inspir\u00e9 du patrimoine, repens\u00e9 pour la vie moderne : \u00e9l\u00e9gant, pratique et facile \u00e0 porter au quotidien.<b><\/b><\/p>\n<p class=\"p2\">Le <span class=\"s1\"><b>Bracelet tennis Roma \u00e0 taille ovale<\/b><\/span> pr\u00e9sente une ligne continue de diamants synth\u00e9tiques taille ovale, chacun serti dans une monture lisse pour une alternative s\u00fbre et facile d'entretien aux montures \u00e0 griffes traditionnelles, id\u00e9ale pour ceux qui m\u00e8nent une vie active ou qui pr\u00e9f\u00e8rent une \u00e9l\u00e9gance sans effort.<\/p>\n<p class=\"p2\">Son design discret prot\u00e8ge non seulement chaque diamant, mais apporte \u00e9galement un charme vintage subtil, rehauss\u00e9 par une silhouette \u00e9pur\u00e9e et moderne. Disponible en or blanc, jaune ou rose 18 carats et s\u00e9curis\u00e9 par un fermoir discret, le <span class=\"s1\">Bracelet Roma<\/span> ajoute une touche raffin\u00e9e, qu'il soit port\u00e9 seul ou superpos\u00e9.<\/p>","protected":false},"excerpt":{"rendered":"<p class=\"p1\">Un design inspir\u00e9 du patrimoine, repens\u00e9 pour la vie moderne : \u00e9l\u00e9gant, pratique et facile \u00e0 porter au quotidien.<b><\/b><\/p>\n<p class=\"p2\">Le <span class=\"s1\"><b>Bracelet tennis Roma \u00e0 taille ovale<\/b><\/span> pr\u00e9sente une ligne continue de diamants synth\u00e9tiques taille ovale, chacun serti dans une monture lisse pour une alternative s\u00fbre et facile d'entretien aux montures \u00e0 griffes traditionnelles, id\u00e9ale pour ceux qui m\u00e8nent une vie active ou qui pr\u00e9f\u00e8rent une \u00e9l\u00e9gance sans effort.<\/p>\n<p class=\"p2\">Son design discret prot\u00e8ge non seulement chaque diamant, mais apporte \u00e9galement un charme vintage subtil, rehauss\u00e9 par une silhouette \u00e9pur\u00e9e et moderne. Disponible en or blanc, jaune ou rose 18 carats et s\u00e9curis\u00e9 par un fermoir discret, le <span class=\"s1\">Bracelet Roma<\/span> ajoute une touche raffin\u00e9e, qu'il soit port\u00e9 seul ou superpos\u00e9.<\/p>","protected":false},"featured_media":8711,"template":"","meta":{"_acf_changed":false},"product_brand":[],"product_cat":[55],"product_tag":[653,603,656,607,654,655,590,250,657,593],"class_list":{"0":"post-8618","1":"product","2":"type-product","3":"status-publish","4":"has-post-thumbnail","6":"product_cat-bracelets","7":"product_tag-18k-gold-tennis-bracelet","8":"product_tag-bezel-set-diamond-bracelet","9":"product_tag-elegant-tennis-bracelet","10":"product_tag-gold-and-diamond-bracelet","11":"product_tag-lab-grown-diamond-tennis-bracelet","12":"product_tag-luxury-fine-jewelry","13":"product_tag-modern-diamond-bracelet","14":"product_tag-oval-diamond-bracelet","15":"product_tag-roma-collection","16":"product_tag-statement-diamond-bracelet","17":"pa_metal-rose-gold","18":"pa_metal-white-gold","19":"pa_metal-yellow-gold","21":"first","22":"instock","23":"taxable","24":"shipping-taxable","25":"purchasable","26":"product-type-variable"},"acf":[],"jetpack_sharing_enabled":true,"_links":{"self":[{"href":"https:\/\/lumierediamonds.eu\/fr\/wp-json\/wp\/v2\/product\/8618","targetHints":{"allow":["GET"]}}],"collection":[{"href":"https:\/\/lumierediamonds.eu\/fr\/wp-json\/wp\/v2\/product"}],"about":[{"href":"https:\/\/lumierediamonds.eu\/fr\/wp-json\/wp\/v2\/types\/product"}],"version-history":[{"count":7,"href":"https:\/\/lumierediamonds.eu\/fr\/wp-json\/wp\/v2\/product\/8618\/revisions"}],"predecessor-version":[{"id":11519,"href":"https:\/\/lumierediamonds.eu\/fr\/wp-json\/wp\/v2\/product\/8618\/revisions\/11519"}],"wp:featuredmedia":[{"embeddable":true,"href":"https:\/\/lumierediamonds.eu\/fr\/wp-json\/wp\/v2\/media\/8711"}],"wp:attachment":[{"href":"https:\/\/lumierediamonds.eu\/fr\/wp-json\/wp\/v2\/media?parent=8618"}],"wp:term":[{"taxonomy":"product_brand","embeddable":true,"href":"https:\/\/lumierediamonds.eu\/fr\/wp-json\/wp\/v2\/product_brand?post=8618"},{"taxonomy":"product_cat","embeddable":true,"href":"https:\/\/lumierediamonds.eu\/fr\/wp-json\/wp\/v2\/product_cat?post=8618"},{"taxonomy":"product_tag","embeddable":true,"href":"https:\/\/lumierediamonds.eu\/fr\/wp-json\/wp\/v2\/product_tag?post=8618"}],"curies":[{"name":"wp","href":"https:\/\/api.w.org\/{rel}","templated":true}]}}