{"id":8954,"date":"2025-06-17T00:28:40","date_gmt":"2025-06-16T22:28:40","guid":{"rendered":"https:\/\/lumierediamonds.eu\/product\/the-aria-mixed-shapes-diamond-eternity-ring\/"},"modified":"2025-10-01T16:19:01","modified_gmt":"2025-10-01T14:19:01","slug":"bague-eternite-en-diamants-de-formes-mixtes","status":"publish","type":"product","link":"https:\/\/lumierediamonds.eu\/fr\/product\/bague-eternite-en-diamants-de-formes-mixtes\/","title":{"rendered":"Bague \u00e9ternit\u00e9 Aria \u00e0 diamants de formes vari\u00e9es"},"content":{"rendered":"<p>Dramatique mais raffin\u00e9, le <b>Bague \u00e9ternit\u00e9 Aria Fancy Shapes Diamond<\/b> est une c\u00e9l\u00e9bration saisissante de l'\u00e9clat sous toutes ses formes. Ce design captivant pr\u00e9sente un m\u00e9lange soigneusement s\u00e9lectionn\u00e9 de diamants synth\u00e9tiques \u2014 poire, \u00e9meraude, marquise, ovale et rond \u2014 chacun serti \u00e0 griffes pour capter la lumi\u00e8re sous tous les angles.<\/p>\n<p>Avec son cercle complet de pierres taill\u00e9es avec expertise totalisant 3,5 carats, Aria offre un m\u00e9lange extraordinaire de texture et de sym\u00e9trie. R\u00e9alis\u00e9 en or blanc 18 carats poli, ce bijou est une expression audacieuse de l'art et de l'individualit\u00e9, parfait pour celles qui appr\u00e9cient les pi\u00e8ces remarquables \u00e0 la sophistication intemporelle.<\/p>\n<p>V\u00e9ritable r\u00eave de collectionneur, la bague Aria r\u00e9unit la magie de multiples tailles de diamants dans un anneau unique \u00e0 l'\u00e9clat infini.<\/p>","protected":false},"excerpt":{"rendered":"<p>Dramatique mais raffin\u00e9, le <b>Bague \u00e9ternit\u00e9 Aria Fancy Shapes Diamond<\/b> est une c\u00e9l\u00e9bration saisissante de l'\u00e9clat sous toutes ses formes. Ce design captivant pr\u00e9sente un m\u00e9lange soigneusement s\u00e9lectionn\u00e9 de diamants synth\u00e9tiques \u2014 poire, \u00e9meraude, marquise, ovale et rond \u2014 chacun serti \u00e0 griffes pour capter la lumi\u00e8re sous tous les angles.<\/p>\n<p>Avec son cercle complet de pierres taill\u00e9es avec expertise totalisant 3,5 carats, Aria offre un m\u00e9lange extraordinaire de texture et de sym\u00e9trie. R\u00e9alis\u00e9 en or blanc 18 carats poli, ce bijou est une expression audacieuse de l'art et de l'individualit\u00e9, parfait pour celles qui appr\u00e9cient les pi\u00e8ces remarquables \u00e0 la sophistication intemporelle.<\/p>\n<p>V\u00e9ritable r\u00eave de collectionneur, la bague Aria r\u00e9unit la magie de multiples tailles de diamants dans un anneau unique \u00e0 l'\u00e9clat infini.<\/p>","protected":false},"featured_media":8957,"template":"","meta":{"_acf_changed":false},"product_brand":[],"product_cat":[58,251,52],"product_tag":[252,705,679,702,700,482,704,701,537,703],"class_list":{"0":"post-8954","1":"product","2":"type-product","3":"status-publish","4":"has-post-thumbnail","6":"product_cat-casual-rings","7":"product_cat-eternity-bands","8":"product_cat-rings","9":"product_tag-eternity-ring","10":"product_tag-fine-diamond-ring","11":"product_tag-lab-grown-diamond-ring-2","12":"product_tag-luxury-wedding-band","13":"product_tag-mixed-shape-diamonds","14":"product_tag-platinum-diamond-ring","15":"product_tag-platinum-jewelry","16":"product_tag-round-emerald-pear-diamond-ring","17":"product_tag-statement-eternity-band","18":"product_tag-unique-diamond-ring","19":"pa_metal-white-gold","21":"first","22":"instock","23":"taxable","24":"shipping-taxable","25":"purchasable","26":"product-type-simple"},"acf":[],"jetpack_sharing_enabled":true,"_links":{"self":[{"href":"https:\/\/lumierediamonds.eu\/fr\/wp-json\/wp\/v2\/product\/8954","targetHints":{"allow":["GET"]}}],"collection":[{"href":"https:\/\/lumierediamonds.eu\/fr\/wp-json\/wp\/v2\/product"}],"about":[{"href":"https:\/\/lumierediamonds.eu\/fr\/wp-json\/wp\/v2\/types\/product"}],"version-history":[{"count":4,"href":"https:\/\/lumierediamonds.eu\/fr\/wp-json\/wp\/v2\/product\/8954\/revisions"}],"predecessor-version":[{"id":11345,"href":"https:\/\/lumierediamonds.eu\/fr\/wp-json\/wp\/v2\/product\/8954\/revisions\/11345"}],"wp:featuredmedia":[{"embeddable":true,"href":"https:\/\/lumierediamonds.eu\/fr\/wp-json\/wp\/v2\/media\/8957"}],"wp:attachment":[{"href":"https:\/\/lumierediamonds.eu\/fr\/wp-json\/wp\/v2\/media?parent=8954"}],"wp:term":[{"taxonomy":"product_brand","embeddable":true,"href":"https:\/\/lumierediamonds.eu\/fr\/wp-json\/wp\/v2\/product_brand?post=8954"},{"taxonomy":"product_cat","embeddable":true,"href":"https:\/\/lumierediamonds.eu\/fr\/wp-json\/wp\/v2\/product_cat?post=8954"},{"taxonomy":"product_tag","embeddable":true,"href":"https:\/\/lumierediamonds.eu\/fr\/wp-json\/wp\/v2\/product_tag?post=8954"}],"curies":[{"name":"wp","href":"https:\/\/api.w.org\/{rel}","templated":true}]}}