{"id":9169,"date":"2025-06-30T19:49:33","date_gmt":"2025-06-30T17:49:33","guid":{"rendered":"https:\/\/lumierediamonds.eu\/product\/the-dynasty-intricate-crown-diamond-ring\/"},"modified":"2025-10-01T15:50:22","modified_gmt":"2025-10-01T13:50:22","slug":"bague-diamant-dynastie","status":"publish","type":"product","link":"https:\/\/lumierediamonds.eu\/fr\/product\/bague-diamant-dynastie\/","title":{"rendered":"Bague Dynasty Diamond"},"content":{"rendered":"<p>Entrez dans une autre \u00e9poque avec le<b> Bague Dynasty Diamond<\/b>\u2014 une pi\u00e8ce \u00e9l\u00e9gante inspir\u00e9e par la beaut\u00e9 vintage<b>.<\/b><span class=\"Apple-converted-space\">\u00a0<\/span><\/p>\n<p>Son design en forme de couronne et ses d\u00e9tails raffin\u00e9s rappellent le charme des bijoux d'antan, tandis que ses diamants synth\u00e9tiques de 0,23 carat sertis \u00e0 griffes brillent \u00e0 chaque mouvement.<\/p>\n<p>Fabriqu\u00e9e en or jaune, blanc ou rose 18 carats, selon votre choix, la bague Dynasty allie un style classique \u00e0 un savoir-faire moderne. Que vous la portiez pour une occasion sp\u00e9ciale ou pour ajouter une touche unique \u00e0 votre quotidien, cette bague intemporelle laissera une impression durable.<\/p>","protected":false},"excerpt":{"rendered":"<p>Entrez dans une autre \u00e9poque avec le<b> Bague Dynasty Diamond<\/b>\u2014 une pi\u00e8ce \u00e9l\u00e9gante inspir\u00e9e par la beaut\u00e9 vintage<b>.<\/b><\/p>\n<p>Son design en forme de couronne et ses d\u00e9tails raffin\u00e9s rappellent le charme des bijoux d'antan, tandis que ses diamants synth\u00e9tiques de 0,23 carat sertis \u00e0 griffes brillent \u00e0 chaque mouvement.<\/p>\n<p>Fabriqu\u00e9e en or jaune, blanc ou rose 18 carats, selon votre choix, la bague Dynasty allie un style classique \u00e0 un savoir-faire moderne. Que vous la portiez pour une occasion sp\u00e9ciale ou pour ajouter une touche unique \u00e0 votre quotidien, cette bague intemporelle laissera une impression durable.<\/p>","protected":false},"featured_media":9205,"template":"","meta":{"_acf_changed":false},"product_brand":[],"product_cat":[58,552,52],"product_tag":[680,721,725,412,727,722,679,726,724,723],"class_list":{"0":"post-9169","1":"product","2":"type-product","3":"status-publish","4":"has-post-thumbnail","6":"product_cat-casual-rings","7":"product_cat-diamond-essentials","8":"product_cat-rings","9":"product_tag-18k-gold-ring","10":"product_tag-crown-diamond-ring","11":"product_tag-detailed-gold-ring","12":"product_tag-fine-jewelry-for-women","13":"product_tag-heirloom-style-jewelry","14":"product_tag-intricate-gold-ring","15":"product_tag-lab-grown-diamond-ring-2","16":"product_tag-princess-crown-ring","17":"product_tag-regal-diamond-band","18":"product_tag-vintage-inspired-jewelry","19":"pa_metal-rose-gold","20":"pa_metal-white-gold","21":"pa_metal-yellow-gold","23":"first","24":"instock","25":"taxable","26":"shipping-taxable","27":"purchasable","28":"product-type-variable"},"acf":[],"jetpack_sharing_enabled":true,"_links":{"self":[{"href":"https:\/\/lumierediamonds.eu\/fr\/wp-json\/wp\/v2\/product\/9169","targetHints":{"allow":["GET"]}}],"collection":[{"href":"https:\/\/lumierediamonds.eu\/fr\/wp-json\/wp\/v2\/product"}],"about":[{"href":"https:\/\/lumierediamonds.eu\/fr\/wp-json\/wp\/v2\/types\/product"}],"version-history":[{"count":3,"href":"https:\/\/lumierediamonds.eu\/fr\/wp-json\/wp\/v2\/product\/9169\/revisions"}],"predecessor-version":[{"id":11342,"href":"https:\/\/lumierediamonds.eu\/fr\/wp-json\/wp\/v2\/product\/9169\/revisions\/11342"}],"wp:featuredmedia":[{"embeddable":true,"href":"https:\/\/lumierediamonds.eu\/fr\/wp-json\/wp\/v2\/media\/9205"}],"wp:attachment":[{"href":"https:\/\/lumierediamonds.eu\/fr\/wp-json\/wp\/v2\/media?parent=9169"}],"wp:term":[{"taxonomy":"product_brand","embeddable":true,"href":"https:\/\/lumierediamonds.eu\/fr\/wp-json\/wp\/v2\/product_brand?post=9169"},{"taxonomy":"product_cat","embeddable":true,"href":"https:\/\/lumierediamonds.eu\/fr\/wp-json\/wp\/v2\/product_cat?post=9169"},{"taxonomy":"product_tag","embeddable":true,"href":"https:\/\/lumierediamonds.eu\/fr\/wp-json\/wp\/v2\/product_tag?post=9169"}],"curies":[{"name":"wp","href":"https:\/\/api.w.org\/{rel}","templated":true}]}}