{"id":9272,"date":"2025-07-14T17:05:49","date_gmt":"2025-07-14T15:05:49","guid":{"rendered":"https:\/\/lumierediamonds.eu\/?post_type=product&#038;p=9272"},"modified":"2025-11-20T18:38:40","modified_gmt":"2025-11-20T17:38:40","slug":"pendentif-lucia-halo-diamond","status":"publish","type":"product","link":"https:\/\/lumierediamonds.eu\/fr\/product\/pendentif-lucia-halo-diamond\/","title":{"rendered":"Pendentif Lucia Halo Diamond"},"content":{"rendered":"<p class=\"p1\"><span class=\"s1\">\u00c9l\u00e9gant et intemporel, le<b> Pendentif Lucia Halo Diamond <\/b>brille de mille feux.<\/span> Un diamant rond synth\u00e9tique tr\u00f4ne au centre, entour\u00e9 d'un halo de pierres plus petites qui captent la lumi\u00e8re sous tous les angles. Mont\u00e9 sur une fine cha\u00eene c\u00e2ble en or jaune ou blanc 18 carats, au choix, il ajoute une touche d'\u00e9clat et d'\u00e9l\u00e9gance \u00e0 toutes vos tenues, rehaussant aussi bien vos looks de tous les jours que vos tenues de soir\u00e9e.<\/p>\n<p class=\"p1\">Disponible en quatre tailles (0,5, 0,75, 1 et 1,5 carat), c'est un bijou classique con\u00e7u pour briller, de jour comme de nuit.<\/p>","protected":false},"excerpt":{"rendered":"<p class=\"p1\"><span class=\"s1\">\u00c9l\u00e9gant et intemporel, le<b> Pendentif Lucia Halo Diamond <\/b>brille de mille feux.<\/span> Un diamant rond synth\u00e9tique tr\u00f4ne au centre, entour\u00e9 d'un halo de pierres plus petites qui captent la lumi\u00e8re sous tous les angles. Mont\u00e9 sur une fine cha\u00eene c\u00e2ble en or jaune ou blanc 18 carats, au choix, il ajoute une touche d'\u00e9clat et d'\u00e9l\u00e9gance \u00e0 toutes vos tenues, rehaussant aussi bien vos looks de tous les jours que vos tenues de soir\u00e9e.<\/p>\n<p class=\"p1\">Disponible en quatre tailles (0,5, 0,75, 1 et 1,5 carat), c'est un bijou classique con\u00e7u pour briller, de jour comme de nuit.<\/p>","protected":false},"featured_media":9302,"template":"","meta":{"_acf_changed":false},"product_brand":[],"product_cat":[552,53,759],"product_tag":[635,748,746,744,745,751,747,749,750],"class_list":{"0":"post-9272","1":"product","2":"type-product","3":"status-publish","4":"has-post-thumbnail","6":"product_cat-diamond-essentials","7":"product_cat-necklaces-pendants","8":"product_cat-pendants","9":"product_tag-18k-gold-necklace","10":"product_tag-cable-chain-necklace","11":"product_tag-fine-diamond-jewelry","12":"product_tag-halo-diamond-pendant","13":"product_tag-lab-grown-diamond-pendant","14":"product_tag-luxury-pendant","15":"product_tag-minimalist-pendant","16":"product_tag-round-brilliant-pendant","17":"product_tag-timeless-jewelry","18":"pa_metal-white-gold","19":"pa_metal-yellow-gold","21":"first","22":"instock","23":"taxable","24":"shipping-taxable","25":"purchasable","26":"product-type-variable"},"acf":[],"jetpack_sharing_enabled":true,"_links":{"self":[{"href":"https:\/\/lumierediamonds.eu\/fr\/wp-json\/wp\/v2\/product\/9272","targetHints":{"allow":["GET"]}}],"collection":[{"href":"https:\/\/lumierediamonds.eu\/fr\/wp-json\/wp\/v2\/product"}],"about":[{"href":"https:\/\/lumierediamonds.eu\/fr\/wp-json\/wp\/v2\/types\/product"}],"version-history":[{"count":6,"href":"https:\/\/lumierediamonds.eu\/fr\/wp-json\/wp\/v2\/product\/9272\/revisions"}],"predecessor-version":[{"id":11466,"href":"https:\/\/lumierediamonds.eu\/fr\/wp-json\/wp\/v2\/product\/9272\/revisions\/11466"}],"wp:featuredmedia":[{"embeddable":true,"href":"https:\/\/lumierediamonds.eu\/fr\/wp-json\/wp\/v2\/media\/9302"}],"wp:attachment":[{"href":"https:\/\/lumierediamonds.eu\/fr\/wp-json\/wp\/v2\/media?parent=9272"}],"wp:term":[{"taxonomy":"product_brand","embeddable":true,"href":"https:\/\/lumierediamonds.eu\/fr\/wp-json\/wp\/v2\/product_brand?post=9272"},{"taxonomy":"product_cat","embeddable":true,"href":"https:\/\/lumierediamonds.eu\/fr\/wp-json\/wp\/v2\/product_cat?post=9272"},{"taxonomy":"product_tag","embeddable":true,"href":"https:\/\/lumierediamonds.eu\/fr\/wp-json\/wp\/v2\/product_tag?post=9272"}],"curies":[{"name":"wp","href":"https:\/\/api.w.org\/{rel}","templated":true}]}}