{"id":9793,"date":"2025-07-20T23:25:58","date_gmt":"2025-07-20T21:25:58","guid":{"rendered":"https:\/\/lumierediamonds.eu\/?post_type=product&#038;p=9793"},"modified":"2025-07-21T14:26:02","modified_gmt":"2025-07-21T12:26:02","slug":"bague-diamant-riva","status":"publish","type":"product","link":"https:\/\/lumierediamonds.eu\/fr\/product\/bague-diamant-riva\/","title":{"rendered":"Bague diamant Riva"},"content":{"rendered":"<p class=\"p1\">Rehaussez votre quotidien avec la bague Riva Diamond, orn\u00e9e d'une \u00e9l\u00e9gante rang\u00e9e de diamants ronds brillants synth\u00e9tiques sertis dans une monture \u00e0 griffes intemporelle. Disponible en or jaune, blanc ou rose 18 carats, cette bague raffin\u00e9e existe en plusieurs poids, pour un \u00e9clat subtil ou intense. Id\u00e9ale comme bague \u00e0 superposer, cadeau d'anniversaire ou pi\u00e8ce embl\u00e9matique. Fabriqu\u00e9e en or 18 carats certifi\u00e9 LBMA pour un luxe durable.<\/p>","protected":false},"excerpt":{"rendered":"<p class=\"p1\">Rehaussez votre quotidien avec la bague Riva Diamond, orn\u00e9e d'une \u00e9l\u00e9gante rang\u00e9e de diamants ronds brillants synth\u00e9tiques sertis dans une monture \u00e0 griffes intemporelle. Disponible en or jaune, blanc ou rose 18 carats, cette bague raffin\u00e9e se d\u00e9cline en plusieurs poids de carats, pour un \u00e9clat subtil ou intense. Id\u00e9ale comme bague \u00e0 superposer, cadeau d'anniversaire ou pi\u00e8ce embl\u00e9matique.<\/p>","protected":false},"featured_media":9503,"template":"","meta":{"_acf_changed":false},"product_brand":[],"product_cat":[552,52],"product_tag":[680,813,808,638,679,809,811,810,807,812],"class_list":{"0":"post-9793","1":"product","2":"type-product","3":"status-publish","4":"has-post-thumbnail","6":"product_cat-diamond-essentials","7":"product_cat-rings","8":"product_tag-18k-gold-ring","9":"product_tag-delicate-diamond-ring","10":"product_tag-eternity-diamond-ring","11":"product_tag-fine-jewelry","12":"product_tag-lab-grown-diamond-ring-2","13":"product_tag-modern-anniversary-ring","14":"product_tag-riva-band","15":"product_tag-round-cut-diamonds","16":"product_tag-stacking-diamond-band","17":"product_tag-sustainable-jewelry","18":"pa_metal-rose-gold","19":"pa_metal-white-gold","20":"pa_metal-yellow-gold","22":"first","23":"instock","24":"taxable","25":"shipping-taxable","26":"purchasable","27":"product-type-variable"},"acf":[],"jetpack_sharing_enabled":true,"_links":{"self":[{"href":"https:\/\/lumierediamonds.eu\/fr\/wp-json\/wp\/v2\/product\/9793","targetHints":{"allow":["GET"]}}],"collection":[{"href":"https:\/\/lumierediamonds.eu\/fr\/wp-json\/wp\/v2\/product"}],"about":[{"href":"https:\/\/lumierediamonds.eu\/fr\/wp-json\/wp\/v2\/types\/product"}],"version-history":[{"count":2,"href":"https:\/\/lumierediamonds.eu\/fr\/wp-json\/wp\/v2\/product\/9793\/revisions"}],"predecessor-version":[{"id":9854,"href":"https:\/\/lumierediamonds.eu\/fr\/wp-json\/wp\/v2\/product\/9793\/revisions\/9854"}],"wp:featuredmedia":[{"embeddable":true,"href":"https:\/\/lumierediamonds.eu\/fr\/wp-json\/wp\/v2\/media\/9503"}],"wp:attachment":[{"href":"https:\/\/lumierediamonds.eu\/fr\/wp-json\/wp\/v2\/media?parent=9793"}],"wp:term":[{"taxonomy":"product_brand","embeddable":true,"href":"https:\/\/lumierediamonds.eu\/fr\/wp-json\/wp\/v2\/product_brand?post=9793"},{"taxonomy":"product_cat","embeddable":true,"href":"https:\/\/lumierediamonds.eu\/fr\/wp-json\/wp\/v2\/product_cat?post=9793"},{"taxonomy":"product_tag","embeddable":true,"href":"https:\/\/lumierediamonds.eu\/fr\/wp-json\/wp\/v2\/product_tag?post=9793"}],"curies":[{"name":"wp","href":"https:\/\/api.w.org\/{rel}","templated":true}]}}